{"id":4888,"date":"2022-07-26T14:37:18","date_gmt":"2022-07-26T12:37:18","guid":{"rendered":"https:\/\/degussa-staging.detail-digital.ch\/?page_id=4888"},"modified":"2022-11-11T09:34:18","modified_gmt":"2022-11-11T08:34:18","slug":"%d9%82%d8%b1%d9%88%d8%b6-%d8%a8%d8%b6%d9%85%d8%a7%d9%86-%d8%a7%d9%84%d8%b0%d9%87%d8%a8","status":"publish","type":"page","link":"https:\/\/www.degussa-goldhandel.ch\/ar\/%d8%a7%d9%84%d8%ae%d8%af%d9%85%d8%a7%d8%aa\/%d9%82%d8%b1%d9%88%d8%b6-%d8%a8%d8%b6%d9%85%d8%a7%d9%86-%d8%a7%d9%84%d8%b0%d9%87%d8%a8","title":{"rendered":"\u0642\u0631\u0648\u0636 \u0628\u0636\u0645\u0627\u0646 \u0627\u0644\u0630\u0647\u0628"},"content":{"rendered":"\t\t<div data-elementor-type=\"wp-page\" data-elementor-id=\"4888\" class=\"elementor elementor-4888 elementor-3739\" data-elementor-post-type=\"page\">\n\t\t\t\t\t\t<section class=\"elementor-section elementor-top-section elementor-element elementor-element-e3b54e6 elementor-section-boxed elementor-section-height-default elementor-section-height-default\" data-id=\"e3b54e6\" data-element_type=\"section\">\n\t\t\t\t\t\t<div class=\"elementor-container elementor-column-gap-default\">\n\t\t\t\t\t<div class=\"elementor-column elementor-col-100 elementor-top-column elementor-element elementor-element-64a648f\" data-id=\"64a648f\" data-element_type=\"column\">\n\t\t\t<div class=\"elementor-widget-wrap elementor-element-populated\">\n\t\t\t\t\t\t<div class=\"elementor-element elementor-element-70d0f1e elementor-widget elementor-widget-subnav\" data-id=\"70d0f1e\" data-element_type=\"widget\" data-widget_type=\"subnav.default\">\n\t\t\t\t<div class=\"elementor-widget-container\">\n\t\t\t        <div class=\"degussa-subnav-container subnav gold\">\n                            <div class=\"subnav-item\">\n                    <a href=\"https:\/\/www.degussa-goldhandel.ch\/services\/schliessfaecher\">Schliessf\u00e4cher<\/a>\n                <\/div>\n                            <div class=\"subnav-item\">\n                    <a href=\"https:\/\/www.degussa-goldhandel.ch\/services\/verpfaendung-goldbarren\">Verpf\u00e4ndung Goldbarren<\/a>\n                <\/div>\n                            <div class=\"subnav-item\">\n                    <a href=\"https:\/\/www.degussa-goldhandel.ch\/services\/zollfreilager\">Zollfreilager<\/a>\n                <\/div>\n                            <div class=\"subnav-item\">\n                    <a href=\"https:\/\/www.degussa-goldhandel.ch\/services\/persoenliche-praegung\">Pr\u00e4gung<\/a>\n                <\/div>\n            \n        <\/div>\n        <div class=\"degussa-subnav-container empty\"><\/div>\n        \t\t<\/div>\n\t\t\t\t<\/div>\n\t\t\t\t\t<\/div>\n\t\t<\/div>\n\t\t\t\t\t<\/div>\n\t\t<\/section>\n\t\t\t\t<section class=\"elementor-section elementor-top-section elementor-element elementor-element-4a4f9aa elementor-section-boxed elementor-section-height-default elementor-section-height-default\" data-id=\"4a4f9aa\" data-element_type=\"section\">\n\t\t\t\t\t\t<div class=\"elementor-container elementor-column-gap-default\">\n\t\t\t\t\t<div class=\"elementor-column elementor-col-100 elementor-top-column elementor-element elementor-element-57958ae\" data-id=\"57958ae\" data-element_type=\"column\">\n\t\t\t<div class=\"elementor-widget-wrap elementor-element-populated\">\n\t\t\t\t\t\t<div class=\"elementor-element elementor-element-05f5a43 elementor-widget elementor-widget-heading\" data-id=\"05f5a43\" data-element_type=\"widget\" data-widget_type=\"heading.default\">\n\t\t\t\t<div class=\"elementor-widget-container\">\n\t\t\t<style>\/*! elementor - v3.23.0 - 05-08-2024 *\/\n.elementor-heading-title{padding:0;margin:0;line-height:1}.elementor-widget-heading .elementor-heading-title[class*=elementor-size-]>a{color:inherit;font-size:inherit;line-height:inherit}.elementor-widget-heading .elementor-heading-title.elementor-size-small{font-size:15px}.elementor-widget-heading .elementor-heading-title.elementor-size-medium{font-size:19px}.elementor-widget-heading .elementor-heading-title.elementor-size-large{font-size:29px}.elementor-widget-heading .elementor-heading-title.elementor-size-xl{font-size:39px}.elementor-widget-heading .elementor-heading-title.elementor-size-xxl{font-size:59px}<\/style><h1 class=\"elementor-heading-title elementor-size-default\">\u0642\u0631\u0648\u0636 \u0628\u0636\u0645\u0627\u0646 \u0627\u0644\u0630\u0647\u0628<\/h1>\t\t<\/div>\n\t\t\t\t<\/div>\n\t\t\t\t\t<\/div>\n\t\t<\/div>\n\t\t\t\t\t<\/div>\n\t\t<\/section>\n\t\t\t\t<section class=\"elementor-section elementor-top-section elementor-element elementor-element-548ba8c elementor-section-boxed elementor-section-height-default elementor-section-height-default\" data-id=\"548ba8c\" data-element_type=\"section\">\n\t\t\t\t\t\t<div class=\"elementor-container elementor-column-gap-default\">\n\t\t\t\t\t<div class=\"elementor-column elementor-col-100 elementor-top-column elementor-element elementor-element-ba52e1b\" data-id=\"ba52e1b\" data-element_type=\"column\">\n\t\t\t<div class=\"elementor-widget-wrap elementor-element-populated\">\n\t\t\t\t\t\t<div class=\"elementor-element elementor-element-d2f4c07 elementor-widget elementor-widget-contentstack\" data-id=\"d2f4c07\" data-element_type=\"widget\" data-widget_type=\"contentstack.default\">\n\t\t\t\t<div class=\"elementor-widget-container\">\n\t\t\t<div class=\"content-stack\"><style>.elementor-696 .elementor-element.elementor-element-0c6f163{text-align:left;}.elementor-696 .elementor-element.elementor-element-0c6f163 img{width:100%;}<\/style>\t\t<div data-elementor-type=\"section\" data-elementor-id=\"4890\" class=\"elementor elementor-4890 elementor-3401\" data-elementor-post-type=\"elementor_library\">\n\t\t\t\t\t<section class=\"elementor-section elementor-top-section elementor-element elementor-element-06975f2 elementor-section-boxed elementor-section-height-default elementor-section-height-default\" data-id=\"06975f2\" data-element_type=\"section\">\n\t\t\t\t\t\t<div class=\"elementor-container elementor-column-gap-default\">\n\t\t\t\t\t<div class=\"elementor-column elementor-col-100 elementor-top-column elementor-element elementor-element-c8b80ef\" data-id=\"c8b80ef\" data-element_type=\"column\">\n\t\t\t<div class=\"elementor-widget-wrap\">\n\t\t\t\t\t\t\t<\/div>\n\t\t<\/div>\n\t\t\t\t\t<\/div>\n\t\t<\/section>\n\t\t\t\t<section class=\"elementor-section elementor-top-section elementor-element elementor-element-b6475f8 elementor-section-boxed elementor-section-height-default elementor-section-height-default\" data-id=\"b6475f8\" data-element_type=\"section\">\n\t\t\t\t\t\t<div class=\"elementor-container elementor-column-gap-default\">\n\t\t\t\t\t<div class=\"elementor-column elementor-col-66 elementor-top-column elementor-element elementor-element-6b0af04\" data-id=\"6b0af04\" data-element_type=\"column\">\n\t\t\t<div class=\"elementor-widget-wrap elementor-element-populated\">\n\t\t\t\t\t\t<div class=\"elementor-element elementor-element-19945eb elementor-widget elementor-widget-text-editor\" data-id=\"19945eb\" data-element_type=\"widget\" data-widget_type=\"text-editor.default\">\n\t\t\t\t<div class=\"elementor-widget-container\">\n\t\t\t<style>\/*! elementor - v3.23.0 - 05-08-2024 *\/\n.elementor-widget-text-editor.elementor-drop-cap-view-stacked .elementor-drop-cap{background-color:#69727d;color:#fff}.elementor-widget-text-editor.elementor-drop-cap-view-framed .elementor-drop-cap{color:#69727d;border:3px solid;background-color:transparent}.elementor-widget-text-editor:not(.elementor-drop-cap-view-default) .elementor-drop-cap{margin-top:8px}.elementor-widget-text-editor:not(.elementor-drop-cap-view-default) .elementor-drop-cap-letter{width:1em;height:1em}.elementor-widget-text-editor .elementor-drop-cap{float:left;text-align:center;line-height:1;font-size:50px}.elementor-widget-text-editor .elementor-drop-cap-letter{display:inline-block}<\/style>\t\t\t\t<p>\u064a\u0645\u0643\u0646 \u0644\u0644\u0639\u0645\u0644\u0627\u0621 \u0627\u0644\u0622\u0646 \u062a\u062e\u0632\u064a\u0646 \u0645\u0639\u0627\u062f\u0646\u0647\u0645 \u0627\u0644\u062b\u0645\u064a\u0646\u0629 \u0628\u0623\u0645\u0627\u0646 \u0641\u064a \u062f\u064a\u063a\u0648\u0633\u0627 \u0628\u0633\u0648\u064a\u0633\u0631\u0627 \u0648\u0627\u0633\u062a\u0644\u0627\u0645 \u0633\u064a\u0648\u0644\u062a\u0647\u0645 \u0627\u0644\u0646\u0642\u062f\u064a\u0629 \u0639\u0644\u0649 \u0634\u0643\u0644 \u0642\u0631\u0636 \u0645\u0639 \u0641\u0627\u0626\u062f\u0629 \u062f\u0648\u0646 \u0627\u0644\u062d\u0627\u062c\u0629 \u0644\u0628\u064a\u0639\u0647 \u0623\u0648 \u0627\u0633\u062a\u0628\u062f\u0627\u0644\u0647. \u064a\u064f\u0639\u0631\u0641 \u0623\u064a\u0636\u0627 \u0628\u0627\u0633\u0645 \u201c\u0642\u0631\u0636 \u0628\u0636\u0645\u0627\u0646 \u0627\u0644\u0630\u0647\u0628\u201d.<br \/>\u064a\u062a\u064a\u062d \u0644\u0643 \u0627\u0644\u0642\u0631\u0636 \u0628\u0636\u0645\u0627\u0646 \u0627\u0644\u0630\u0647\u0628 \u0625\u0645\u0643\u0627\u0646\u064a\u0629 \u0627\u0644\u062d\u0635\u0648\u0644 \u0639\u0644\u0649 \u062a\u0645\u0648\u064a\u0644 \u064a\u0635\u0644 \u0625\u0644\u0649 \u066a 50 \u0645\u0646 \u0627\u0644\u0642\u064a\u0645\u0629 \u0627\u0644\u0633\u0648\u0642\u064a\u0629 \u0644\u0644\u0630\u0647\u0628 \u0627\u0644\u0645\u0648\u062f\u0639 .\u064a\u062a\u0646\u0627\u0633\u0628 \u0647\u0630\u0627 \u0627\u0644\u0646\u0648\u0639 \u0645\u0646 \u0627\u0644\u0642\u0631\u0648\u0636 \u0645\u0639 \u0627\u0644\u0632\u0628\u0627\u0626\u0646 \u0627\u0644\u0630\u064a\u0646 \u064a\u062d\u062a\u0627\u062c\u0648\u0646 \u0625\u0644\u0649 \u0645\u0648\u0627\u0631\u062f \u0645\u0627\u0644\u064a\u0629 \u0645\u0624\u0642\u062a\u0629 \u0644\u0643\u0646 \u0644\u0627 \u064a\u0631\u064a\u062f\u0648\u0646 \u0627\u0644\u062a\u062e\u0644\u064a \u0639\u0646 \u0639\u0645\u0644\u0627\u062a\u0647\u0645 \u0627\u0644\u0645\u0639\u062f\u0646\u064a\u0629 \u0648\u0633\u0628\u0627\u0626\u0643\u0647\u0645 \u0628\u0634\u0643\u0644 \u062f\u0627\u0626\u0645. \u0628\u062d\u064a\u062b \u064a\u0645\u0643\u0646\u0647\u0645 \u0627\u0644\u0627\u0633\u062a\u0641\u0627\u062f\u0629 \u0645\u0646 \u062e\u062f\u0645\u0629 \u0627\u0644\u062a\u062e\u0632\u064a\u0646 \u0627\u0644\u0645\u062c\u0627\u0646\u064a \u0644\u0644\u0630\u0647\u0628 \u0628\u0623\u0642\u0635\u0649 \u062f\u0631\u062c\u0627\u062a \u0627\u0644\u0623\u0645\u0627\u0646 \u0641\u064a \u0632\u064a\u0648\u0631\u064a\u062e \u0648\u062c\u0646\u064a\u0641.<br \/>\u0627\u0644\u062d\u062f \u0627\u0644\u0623\u062f\u0646\u0649 \u0644\u0645\u0628\u0644\u063a \u0627\u0644\u0642\u0631\u0636 \u0647\u0648 100000 \u0641\u0631\u0646\u0643 \u0633\u0648\u064a\u0633\u0631\u064a \u0627\u0644\u0630\u064a \u064a\u0639\u0627\u062f\u0644 % 50 \u0645\u0646 \u0642\u064a\u0645\u0629 \u0627\u0644\u0630\u0647\u0628 \u0627\u0644\u0645\u0648\u062f\u0639 \u0627\u0644\u0630\u064a \u0644\u0627 \u062a\u0642\u0644 \u0642\u064a\u0645\u062a\u0647 \u0639\u0646 . 200 \u0623\u0644\u0641 \u0641\u0631\u0646\u0643 \u0633\u0648\u064a\u0633\u0631\u064a \u0628\u0641\u0627\u0626\u062f\u0629 \u0633\u0646\u0648\u064a\u0629 \u062a\u0635\u0644 \u0625\u0644\u0649 % 5<br \/>\u062a\u0642\u0628\u0644 \u062f\u064a\u063a\u0648\u0633\u0627 \u062c\u0645\u064a\u0639 \u0623\u062d\u062c\u0627\u0645 \u0627\u0644\u0633\u0628\u0627\u0626\u0643 \u0648\u0627\u0644\u0639\u0645\u0644\u0627\u062a \u0627\u0644\u0630\u0647\u0628\u064a\u0629 \u0627\u0644\u0645\u0648\u062b\u0648\u0642\u0629 \u0643\u0636\u0645\u0627\u0646 \u0645\u062b\u0644 \u201c\u0643\u0631\u0648\u063a\u064a\u0631\u0627\u0646\u062f\u201d \u060c \u201c\u0627\u0644\u0646\u0633\u0631 \u0627\u0644\u0623\u0645\u0631\u064a\u0643\u064a\u201d \u0623\u0648\u201d\u0645\u0627\u0628\u0644 \u0644\u064a\u0641\u061b \u0648\u0631\u0642\u0629 \u0627\u0644\u0642\u064a\u0642\u0628\u201d. \u0642\u0628\u0644 \u0627\u0644\u062a\u0639\u0647\u062f \u064a\u062a\u0645 \u0627\u0644\u062a\u062d\u0642\u0642 \u0645\u0646 \u0635\u062d\u0629 \u0627\u0644\u0633\u0628\u0627\u0626\u0643 \u0648\u0627\u0644\u0639\u0645\u0644\u0627\u062a \u0627\u0644\u0630\u0647\u0628\u064a\u0629 \u0645\u0646 \u0642\u0628\u0644 \u0627\u0644\u0645\u062a\u062e\u0635\u0635\u064a\u0646.<\/p><p>\u062a\u0639\u0631\u0641 \u062f\u064a\u063a\u0648\u0633\u0627 \u0628\u0627\u0644\u0645\u0646\u062a\u062c\u0627\u062a \u0639\u0627\u0644\u064a\u0629 \u0627\u0644\u062c\u0648\u062f\u0629 \u0648\u0627\u0644\u062a\u062e\u0632\u064a\u0646 \u0627\u0644\u0622\u0645\u0646\u060c \u0648 \u062a\u0633\u0647\u064a\u0644\u0627\u062a \u0627\u0644\u062f\u0641\u0639 \u0645\u0645\u0627 \u064a\u062c\u0639\u0644\u0647\u0627 \u0642\u0637\u0628\u0627 \u062c\u0627\u0630\u0628\u0627 \u0644\u0644\u0645\u0633\u062a\u062b\u0645\u0631\u064a\u0646.<\/p>\t\t\t\t\t\t<\/div>\n\t\t\t\t<\/div>\n\t\t\t\t\t<\/div>\n\t\t<\/div>\n\t\t\t\t<div class=\"elementor-column elementor-col-33 elementor-top-column elementor-element elementor-element-74e2815\" data-id=\"74e2815\" data-element_type=\"column\">\n\t\t\t<div class=\"elementor-widget-wrap elementor-element-populated\">\n\t\t\t\t\t\t<div class=\"elementor-element elementor-element-0c6f163 elementor-widget elementor-widget-image\" data-id=\"0c6f163\" data-element_type=\"widget\" data-widget_type=\"image.default\">\n\t\t\t\t<div class=\"elementor-widget-container\">\n\t\t\t<style>\/*! elementor - v3.23.0 - 05-08-2024 *\/\n.elementor-widget-image{text-align:center}.elementor-widget-image a{display:inline-block}.elementor-widget-image a img[src$=\".svg\"]{width:48px}.elementor-widget-image img{vertical-align:middle;display:inline-block}<\/style>\t\t\t\t\t\t\t\t\t\t<img decoding=\"async\" src=\"https:\/\/www.degussa-goldhandel.ch\/wp-content\/uploads\/2022\/05\/verpfaendung-goldbarren-300x300.jpg\" title=\"verpfaendung-goldbarren\" alt=\"Banner Verpf\u00e4ndung Goldbarren\" loading=\"lazy\" \/>\t\t\t\t\t\t\t\t\t\t\t\t\t<\/div>\n\t\t\t\t<\/div>\n\t\t\t\t\t<\/div>\n\t\t<\/div>\n\t\t\t\t\t<\/div>\n\t\t<\/section>\n\t\t\t\t<\/div>\n\t\t<\/div><div class=\"content-stack\"><style>.elementor-1283 .elementor-element.elementor-element-445119d > .elementor-widget-wrap > .elementor-widget:not(.elementor-widget__width-auto):not(.elementor-widget__width-initial):not(:last-child):not(.elementor-absolute){margin-bottom:0px;}.elementor-1283 .elementor-element.elementor-element-c331897 > .elementor-widget-container{margin:0px 0px 0px 0px;padding:0px 0px 0px 0px;}<\/style>\t\t<div data-elementor-type=\"section\" data-elementor-id=\"5197\" class=\"elementor elementor-5197 elementor-1283\" data-elementor-post-type=\"elementor_library\">\n\t\t\t\t\t<section class=\"elementor-section elementor-top-section elementor-element elementor-element-bde24ed slider-container elementor-section-boxed elementor-section-height-default elementor-section-height-default\" data-id=\"bde24ed\" data-element_type=\"section\">\n\t\t\t\t\t\t<div class=\"elementor-container elementor-column-gap-default\">\n\t\t\t\t\t<div class=\"elementor-column elementor-col-100 elementor-top-column elementor-element elementor-element-f2172ce\" data-id=\"f2172ce\" data-element_type=\"column\">\n\t\t\t<div class=\"elementor-widget-wrap elementor-element-populated\">\n\t\t\t\t\t\t<section class=\"elementor-section elementor-inner-section elementor-element elementor-element-2b3714a elementor-section-boxed elementor-section-height-default elementor-section-height-default\" data-id=\"2b3714a\" data-element_type=\"section\">\n\t\t\t\t\t\t<div class=\"elementor-container elementor-column-gap-no\">\n\t\t\t\t\t<div class=\"elementor-column elementor-col-100 elementor-inner-column elementor-element elementor-element-445119d\" data-id=\"445119d\" data-element_type=\"column\">\n\t\t\t<div class=\"elementor-widget-wrap elementor-element-populated\">\n\t\t\t\t\t\t<div class=\"elementor-element elementor-element-c331897 elementor-widget elementor-widget-image\" data-id=\"c331897\" data-element_type=\"widget\" data-widget_type=\"image.default\">\n\t\t\t\t<div class=\"elementor-widget-container\">\n\t\t\t\t\t\t\t\t\t\t\t\t\t<img decoding=\"async\" src=\"https:\/\/www.degussa-goldhandel.ch\/wp-content\/uploads\/elementor\/thumbs\/Service-qaqr1yafh935owgld0h71fymv9qqe0owifaoqiuduo.jpg\" title=\"Service\" alt=\"Banner Service\" loading=\"lazy\" \/>\t\t\t\t\t\t\t\t\t\t\t\t\t<\/div>\n\t\t\t\t<\/div>\n\t\t\t\t<div class=\"elementor-element elementor-element-1306755 elementor-widget elementor-widget-slidercontext\" data-id=\"1306755\" data-element_type=\"widget\" data-widget_type=\"slidercontext.default\">\n\t\t\t\t<div class=\"elementor-widget-container\">\n\t\t\t        <div class=\"degussa-product-slider-outer-container nopadding\">\n            <div class=\"degussa-slider-context\">\n                <div class=\"slider-title\">\u062e\u062f\u0645\u0627\u062a \u0631\u0641\u064a\u0639\u0629 \u0627\u0644\u0645\u0633\u062a\u0648\u0649<\/div>\n                <div class=\"slider-actions\">\n                    <a class=\"context-link\" href=\"https:\/\/www.degussa-goldhandel.ch\/ar\/\u0627\u0644\u062e\u062f\u0645\u0627\u062a\/\u0627\u0644\u062e\u0632\u0627\u0626\u0646\/\"><span>\u0627\u0644\u062e\u0632\u0627\u0626\u0646<\/span>\n                        <\/a><a class=\"context-link\" href=\"https:\/\/www.degussa-goldhandel.ch\/ar\/\u0627\u0644\u062e\u062f\u0645\u0627\u062a\/\u0625\u064a\u062f\u0627\u0639-\u062e\u0627\u0644-\u0645\u0646-\u0631\u0633\u0648\u0645-\u0627\u0644\u062c\u0645\u0627\u0631\u0643\/\"><span>\u0625\u064a\u062f\u0627\u0639 \u062e\u0627\u0644 \u0645\u0646 \u0631\u0633\u0648\u0645 \u0627\u0644\u062c\u0645\u0627\u0631\u0643<\/span>\n                        <\/a><a class=\"context-link\" href=\"https:\/\/www.degussa-goldhandel.ch\/ar\/\u0627\u0644\u062e\u062f\u0645\u0627\u062a\/\u062a\u0635\u0627\u0645\u064a\u0645-\u062e\u0627\u0635\u0629\/\"><span>\u062a\u0635\u0627\u0645\u064a\u0645 \u062e\u0627\u0635\u0629<\/span>\n                        <\/a>\n                <\/div>\n            <\/div>\n        <\/div>\n        \t\t<\/div>\n\t\t\t\t<\/div>\n\t\t\t\t\t<\/div>\n\t\t<\/div>\n\t\t\t\t\t<\/div>\n\t\t<\/section>\n\t\t\t\t\t<\/div>\n\t\t<\/div>\n\t\t\t\t\t<\/div>\n\t\t<\/section>\n\t\t\t\t<\/div>\n\t\t<\/div>        \t\t<\/div>\n\t\t\t\t<\/div>\n\t\t\t\t\t<\/div>\n\t\t<\/div>\n\t\t\t\t\t<\/div>\n\t\t<\/section>\n\t\t\t\t<\/div>\n\t\t","protected":false},"excerpt":{"rendered":"<p>Schliessf\u00e4cher Verpf\u00e4ndung Goldbarren Ihr Verkauf an uns Zollfreilager Altgold Pr\u00e4gung \u0642\u0631\u0648\u0636 \u0628\u0636\u0645\u0627\u0646 \u0627\u0644\u0630\u0647\u0628 \u064a\u0645\u0643\u0646 \u0644\u0644\u0639\u0645\u0644\u0627\u0621 \u0627\u0644\u0622\u0646 \u062a\u062e\u0632\u064a\u0646 \u0645\u0639\u0627\u062f\u0646\u0647\u0645 \u0627\u0644\u062b\u0645\u064a\u0646\u0629 \u0628\u0623\u0645\u0627\u0646 \u0641\u064a \u062f\u064a\u063a\u0648\u0633\u0627 \u0628\u0633\u0648\u064a\u0633\u0631\u0627 \u0648\u0627\u0633\u062a\u0644\u0627\u0645 \u0633\u064a\u0648\u0644\u062a\u0647\u0645 \u0627\u0644\u0646\u0642\u062f\u064a\u0629 \u0639\u0644\u0649 \u0634\u0643\u0644 \u0642\u0631\u0636 \u0645\u0639 \u0641\u0627\u0626\u062f\u0629 \u062f\u0648\u0646 \u0627\u0644\u062d\u0627\u062c\u0629 \u0644\u0628\u064a\u0639\u0647 \u0623\u0648 \u0627\u0633\u062a\u0628\u062f\u0627\u0644\u0647. \u064a\u064f\u0639\u0631\u0641 \u0623\u064a\u0636\u0627 \u0628\u0627\u0633\u0645 \u201c\u0642\u0631\u0636 \u0628\u0636\u0645\u0627\u0646 \u0627\u0644\u0630\u0647\u0628\u201d.\u064a\u062a\u064a\u062d \u0644\u0643 \u0627\u0644\u0642\u0631\u0636 \u0628\u0636\u0645\u0627\u0646 \u0627\u0644\u0630\u0647\u0628 \u0625\u0645\u0643\u0627\u0646\u064a\u0629 \u0627\u0644\u062d\u0635\u0648\u0644 \u0639\u0644\u0649 \u062a\u0645\u0648\u064a\u0644 \u064a\u0635\u0644 \u0625\u0644\u0649 \u066a 50 \u0645\u0646 [&hellip;]<\/p>\n","protected":false},"author":1,"featured_media":0,"parent":4860,"menu_order":3,"comment_status":"closed","ping_status":"closed","template":"elementor_header_footer","meta":{"_acf_changed":false,"inline_featured_image":false,"footnotes":""},"class_list":["post-4888","page","type-page","status-publish","hentry"],"acf":[],"_links":{"self":[{"href":"https:\/\/www.degussa-goldhandel.ch\/ar\/wp-json\/wp\/v2\/pages\/4888"}],"collection":[{"href":"https:\/\/www.degussa-goldhandel.ch\/ar\/wp-json\/wp\/v2\/pages"}],"about":[{"href":"https:\/\/www.degussa-goldhandel.ch\/ar\/wp-json\/wp\/v2\/types\/page"}],"author":[{"embeddable":true,"href":"https:\/\/www.degussa-goldhandel.ch\/ar\/wp-json\/wp\/v2\/users\/1"}],"replies":[{"embeddable":true,"href":"https:\/\/www.degussa-goldhandel.ch\/ar\/wp-json\/wp\/v2\/comments?post=4888"}],"version-history":[{"count":5,"href":"https:\/\/www.degussa-goldhandel.ch\/ar\/wp-json\/wp\/v2\/pages\/4888\/revisions"}],"predecessor-version":[{"id":11013,"href":"https:\/\/www.degussa-goldhandel.ch\/ar\/wp-json\/wp\/v2\/pages\/4888\/revisions\/11013"}],"up":[{"embeddable":true,"href":"https:\/\/www.degussa-goldhandel.ch\/ar\/wp-json\/wp\/v2\/pages\/4860"}],"wp:attachment":[{"href":"https:\/\/www.degussa-goldhandel.ch\/ar\/wp-json\/wp\/v2\/media?parent=4888"}],"curies":[{"name":"wp","href":"https:\/\/api.w.org\/{rel}","templated":true}]}}