{"id":6013,"date":"2022-04-04T14:43:58","date_gmt":"2022-04-04T12:43:58","guid":{"rendered":"https:\/\/degussa-staging.detail-digital.ch\/?page_id=6013"},"modified":"2022-11-14T08:34:59","modified_gmt":"2022-11-14T07:34:59","slug":"%d8%a7%d9%84%d8%ae%d8%b5%d9%88%d8%b5%d9%8a%d8%a9","status":"publish","type":"page","link":"https:\/\/www.degussa-goldhandel.ch\/ar\/%d8%a7%d9%84%d8%ae%d8%b5%d9%88%d8%b5%d9%8a%d8%a9","title":{"rendered":"\u0627\u0644\u062e\u0635\u0648\u0635\u064a\u0629"},"content":{"rendered":"\t\t<div data-elementor-type=\"wp-page\" data-elementor-id=\"6013\" class=\"elementor elementor-6013 elementor-3\" data-elementor-post-type=\"page\">\n\t\t\t\t\t\t<section class=\"elementor-section elementor-top-section elementor-element elementor-element-7a8f5b3 elementor-section-boxed elementor-section-height-default elementor-section-height-default\" data-id=\"7a8f5b3\" data-element_type=\"section\">\n\t\t\t\t\t\t<div class=\"elementor-container elementor-column-gap-default\">\n\t\t\t\t\t<div class=\"elementor-column elementor-col-100 elementor-top-column elementor-element elementor-element-4e088ca\" data-id=\"4e088ca\" data-element_type=\"column\">\n\t\t\t<div class=\"elementor-widget-wrap elementor-element-populated\">\n\t\t\t\t\t\t<div class=\"elementor-element elementor-element-82c7ee3 elementor-widget elementor-widget-subnav\" data-id=\"82c7ee3\" data-element_type=\"widget\" data-widget_type=\"subnav.default\">\n\t\t\t\t<div class=\"elementor-widget-container\">\n\t\t\t        <div class=\"degussa-subnav-container subnav gold\">\n            \n        <\/div>\n        <div class=\"degussa-subnav-container empty\"><\/div>\n        \t\t<\/div>\n\t\t\t\t<\/div>\n\t\t\t\t\t<\/div>\n\t\t<\/div>\n\t\t\t\t\t<\/div>\n\t\t<\/section>\n\t\t\t\t<section class=\"elementor-section elementor-top-section elementor-element elementor-element-440fd1c elementor-section-boxed elementor-section-height-default elementor-section-height-default\" data-id=\"440fd1c\" data-element_type=\"section\">\n\t\t\t\t\t\t<div class=\"elementor-container elementor-column-gap-default\">\n\t\t\t\t\t<div class=\"elementor-column elementor-col-100 elementor-top-column elementor-element elementor-element-2afaed2\" data-id=\"2afaed2\" data-element_type=\"column\">\n\t\t\t<div class=\"elementor-widget-wrap elementor-element-populated\">\n\t\t\t\t\t\t<div class=\"elementor-element elementor-element-fbcb833 elementor-widget elementor-widget-heading\" data-id=\"fbcb833\" data-element_type=\"widget\" data-widget_type=\"heading.default\">\n\t\t\t\t<div class=\"elementor-widget-container\">\n\t\t\t<style>\/*! elementor - v3.23.0 - 05-08-2024 *\/\n.elementor-heading-title{padding:0;margin:0;line-height:1}.elementor-widget-heading .elementor-heading-title[class*=elementor-size-]>a{color:inherit;font-size:inherit;line-height:inherit}.elementor-widget-heading .elementor-heading-title.elementor-size-small{font-size:15px}.elementor-widget-heading .elementor-heading-title.elementor-size-medium{font-size:19px}.elementor-widget-heading .elementor-heading-title.elementor-size-large{font-size:29px}.elementor-widget-heading .elementor-heading-title.elementor-size-xl{font-size:39px}.elementor-widget-heading .elementor-heading-title.elementor-size-xxl{font-size:59px}<\/style><h1 class=\"elementor-heading-title elementor-size-default\">Data Privacy Statement<\/h1>\t\t<\/div>\n\t\t\t\t<\/div>\n\t\t\t\t\t<\/div>\n\t\t<\/div>\n\t\t\t\t\t<\/div>\n\t\t<\/section>\n\t\t\t\t<section class=\"elementor-section elementor-top-section elementor-element elementor-element-afd15ea elementor-section-boxed elementor-section-height-default elementor-section-height-default\" data-id=\"afd15ea\" data-element_type=\"section\">\n\t\t\t\t\t\t<div class=\"elementor-container elementor-column-gap-default\">\n\t\t\t\t\t<div class=\"elementor-column elementor-col-100 elementor-top-column elementor-element elementor-element-bbf5e8a\" data-id=\"bbf5e8a\" data-element_type=\"column\">\n\t\t\t<div class=\"elementor-widget-wrap elementor-element-populated\">\n\t\t\t\t\t\t<div class=\"elementor-element elementor-element-4278d95 elementor-widget elementor-widget-contentstack\" data-id=\"4278d95\" data-element_type=\"widget\" data-widget_type=\"contentstack.default\">\n\t\t\t\t<div class=\"elementor-widget-container\">\n\t\t\t<div class=\"content-stack\"><style><\/style>\t\t<div data-elementor-type=\"section\" data-elementor-id=\"6017\" class=\"elementor elementor-6017\" data-elementor-post-type=\"elementor_library\">\n\t\t\t\t\t<section class=\"elementor-section elementor-top-section elementor-element elementor-element-0fb179c elementor-section-boxed elementor-section-height-default elementor-section-height-default\" data-id=\"0fb179c\" data-element_type=\"section\">\n\t\t\t\t\t\t<div class=\"elementor-container elementor-column-gap-no\">\n\t\t\t\t\t<div class=\"elementor-column elementor-col-100 elementor-top-column elementor-element elementor-element-becd2ff\" data-id=\"becd2ff\" data-element_type=\"column\">\n\t\t\t<div class=\"elementor-widget-wrap elementor-element-populated\">\n\t\t\t\t\t\t<section class=\"elementor-section elementor-inner-section elementor-element elementor-element-51825d7 elementor-section-boxed elementor-section-height-default elementor-section-height-default\" data-id=\"51825d7\" data-element_type=\"section\">\n\t\t\t\t\t\t<div class=\"elementor-container elementor-column-gap-default\">\n\t\t\t\t\t<div class=\"elementor-column elementor-col-100 elementor-inner-column elementor-element elementor-element-95c990b\" data-id=\"95c990b\" data-element_type=\"column\">\n\t\t\t<div class=\"elementor-widget-wrap elementor-element-populated\">\n\t\t\t\t\t\t<div class=\"elementor-element elementor-element-40febea elementor-widget elementor-widget-text-editor\" data-id=\"40febea\" data-element_type=\"widget\" data-widget_type=\"text-editor.default\">\n\t\t\t\t<div class=\"elementor-widget-container\">\n\t\t\t<style>\/*! elementor - v3.23.0 - 05-08-2024 *\/\n.elementor-widget-text-editor.elementor-drop-cap-view-stacked .elementor-drop-cap{background-color:#69727d;color:#fff}.elementor-widget-text-editor.elementor-drop-cap-view-framed .elementor-drop-cap{color:#69727d;border:3px solid;background-color:transparent}.elementor-widget-text-editor:not(.elementor-drop-cap-view-default) .elementor-drop-cap{margin-top:8px}.elementor-widget-text-editor:not(.elementor-drop-cap-view-default) .elementor-drop-cap-letter{width:1em;height:1em}.elementor-widget-text-editor .elementor-drop-cap{float:left;text-align:center;line-height:1;font-size:50px}.elementor-widget-text-editor .elementor-drop-cap-letter{display:inline-block}<\/style>\t\t\t\t<h2>The protection of your data is very important to us<\/h2><p>The protection of your data is very important to us<\/p><p>We are pleased that you have taken an interest in our website and our company. Please note that although external links\u2019 content has been carefully reviewed, we assume no liability for it.<\/p><p>\u00a0<\/p><p>Protecting your personal data in the course of its collection, processing and use during your visit to the website is important to us. Your data are protected by law in compliance with statutory regulations. In the following, you will find information about which data are captured during your visit to the website and how these are used:<\/p><p>\u00a0<\/p><p>The legal underpinning for this data privacy statement is provided exclusively by the provisions of the <a href=\"https:\/\/www.fedlex.admin.ch\/eli\/cc\/1993\/1945_1945_1945\/en\" target=\"_blank\" rel=\"noopener\">Swiss Data Protection Act (DSG)<\/a><\/p><p>\u00a0<\/p><h2>Data Collection and Processing<\/h2><p>Each visit to our website and every download of a file stored on the website are logged. This storage is done for system-related and statistical purposes. The following are logged: the name of the downloaded file, the date and time of download, the amount of data sent, the message confirming a successful download, the web browser and the requesting domain.<\/p><p>\u00a0<\/p><p>The IP addresses of requesting computers are also logged.<\/p><p>\u00a0<\/p><p>Personal data are only collected if you volunteer such data, for example, as part of a request or registration.<\/p><p>\u00a0<\/p><h2>Use and Transmission of Personal Data<\/h2><p>If you have provided personal data to us, we will use these only to answer your inquiries, to fulfil contracts with you, and for purposes of technical administration, and only as long as this is necessary for the purpose of the processing in question or if we have a legitimate interest in using the data. We take technical and organizational measures to protect your data against tampering, loss, destruction and unauthorized access by third parties.<\/p><p>\u00a0<\/p><p>Your data will only be passed on to third parties if this is necessary to fulfill a contract \u2013 in particular for to forward orders to suppliers \u2013 or for invoicing purposes, or if you have given your prior consent. If transmission of this kind is necessary, we will ensure that your personal data are protected for the entire duration of processing. You may at any time revoke your consent to any future use.<\/p><p>\u00a0<\/p><p>Stored data will be deleted if you revoke your consent to their storage, if they are no longer required to serve the purpose for which they are stored, or if their storage is prohibited by other statutory provisions.<\/p><p>\u00a0<\/p><h2>Right to Information<\/h2><p>You are entitled to information about your personal data stored by us, and we will be pleased to respond to your request, submitted to us in writing, for such information. For this and all other matters relating to data protection, such as requests for the correction of incorrect data or deletion or anonymization of data that are no longer required, please send an e-mail to the following address: info@degussa-goldhandel.ch<\/p><p>\u00a0<\/p><p>Security disclaimer: We make every effort and use all the technical and organizational means at our disposal to store your personal data so that they remain inaccessible to third parties. We cannot guarantee the security of information transmitted by e-mail, so we recommend that you send all confidential information by mail.<\/p><p>\u00a0<\/p><h2>About Us<\/h2><p>This is the data privacy statement of Degussa Goldhandel AG, Oberneuhofstrasse 12, 6340 Baar, <a href=\"https:\/\/www.degussa-goldhandel.ch\" target=\"_blank\" rel=\"noopener\">www.degussa-goldhandel.ch<\/a>. If you have any questions about this data privacy statement, please contact us directly by mail or e-mail<\/p><p><a href=\"mailto:info@degussa-goldhandel.ch\">info@degussa-goldhandel.ch<\/a><\/p>\t\t\t\t\t\t<\/div>\n\t\t\t\t<\/div>\n\t\t\t\t\t<\/div>\n\t\t<\/div>\n\t\t\t\t\t<\/div>\n\t\t<\/section>\n\t\t\t\t\t<\/div>\n\t\t<\/div>\n\t\t\t\t\t<\/div>\n\t\t<\/section>\n\t\t\t\t<\/div>\n\t\t<\/div>        \t\t<\/div>\n\t\t\t\t<\/div>\n\t\t\t\t\t<\/div>\n\t\t<\/div>\n\t\t\t\t\t<\/div>\n\t\t<\/section>\n\t\t\t\t<\/div>\n\t\t","protected":false},"excerpt":{"rendered":"<p>Data Privacy Statement Der Schutz Ihrer Daten ist uns sehr wichtig Wir freuen uns \u00fcber Ihr Interesse an unserer Homepage und unserem Unternehmen. F\u00fcr externe Links zu fremden Inhalten k\u00f6nnen wir dabei trotz sorgf\u00e4ltiger inhaltlicher Kontrolle keine Haftung \u00fcbernehmen. Der Schutz Ihrer personenbezogenen Daten bei der Erhebung, Verarbeitung und Nutzung anl\u00e4sslich Ihres Besuchs auf unserer [&hellip;]<\/p>\n","protected":false},"author":1,"featured_media":0,"parent":0,"menu_order":10,"comment_status":"closed","ping_status":"open","template":"elementor_header_footer","meta":{"_acf_changed":false,"inline_featured_image":false,"footnotes":""},"class_list":["post-6013","page","type-page","status-publish","hentry"],"acf":[],"_links":{"self":[{"href":"https:\/\/www.degussa-goldhandel.ch\/ar\/wp-json\/wp\/v2\/pages\/6013"}],"collection":[{"href":"https:\/\/www.degussa-goldhandel.ch\/ar\/wp-json\/wp\/v2\/pages"}],"about":[{"href":"https:\/\/www.degussa-goldhandel.ch\/ar\/wp-json\/wp\/v2\/types\/page"}],"author":[{"embeddable":true,"href":"https:\/\/www.degussa-goldhandel.ch\/ar\/wp-json\/wp\/v2\/users\/1"}],"replies":[{"embeddable":true,"href":"https:\/\/www.degussa-goldhandel.ch\/ar\/wp-json\/wp\/v2\/comments?post=6013"}],"version-history":[{"count":5,"href":"https:\/\/www.degussa-goldhandel.ch\/ar\/wp-json\/wp\/v2\/pages\/6013\/revisions"}],"predecessor-version":[{"id":11132,"href":"https:\/\/www.degussa-goldhandel.ch\/ar\/wp-json\/wp\/v2\/pages\/6013\/revisions\/11132"}],"wp:attachment":[{"href":"https:\/\/www.degussa-goldhandel.ch\/ar\/wp-json\/wp\/v2\/media?parent=6013"}],"curies":[{"name":"wp","href":"https:\/\/api.w.org\/{rel}","templated":true}]}}