{"id":4846,"date":"2022-07-26T14:28:58","date_gmt":"2022-07-26T12:28:58","guid":{"rendered":"https:\/\/degussa-staging.detail-digital.ch\/?page_id=4846"},"modified":"2022-11-10T13:42:18","modified_gmt":"2022-11-10T12:42:18","slug":"philosophie","status":"publish","type":"page","link":"https:\/\/www.degussa-goldhandel.ch\/fr\/confiance\/philosophie","title":{"rendered":"Philosophie"},"content":{"rendered":"\t\t<div data-elementor-type=\"wp-page\" data-elementor-id=\"4846\" class=\"elementor elementor-4846 elementor-3709\" data-elementor-post-type=\"page\">\n\t\t\t\t\t\t<section class=\"elementor-section elementor-top-section elementor-element elementor-element-3e87c1d elementor-section-boxed elementor-section-height-default elementor-section-height-default\" data-id=\"3e87c1d\" data-element_type=\"section\">\n\t\t\t\t\t\t<div class=\"elementor-container elementor-column-gap-default\">\n\t\t\t\t\t<div class=\"elementor-column elementor-col-100 elementor-top-column elementor-element elementor-element-ec9fe03\" data-id=\"ec9fe03\" data-element_type=\"column\">\n\t\t\t<div class=\"elementor-widget-wrap elementor-element-populated\">\n\t\t\t\t\t\t<div class=\"elementor-element elementor-element-ceac9a3 elementor-widget elementor-widget-subnav\" data-id=\"ceac9a3\" data-element_type=\"widget\" data-widget_type=\"subnav.default\">\n\t\t\t\t<div class=\"elementor-widget-container\">\n\t\t\t        <div class=\"degussa-subnav-container subnav gold\">\n                            <div class=\"subnav-item\">\n                    <a href=\"https:\/\/www.degussa-goldhandel.ch\/vertrauen\/warum-degussa\">Warum Degussa<\/a>\n                <\/div>\n                            <div class=\"subnav-item\">\n                    <a href=\"https:\/\/www.degussa-goldhandel.ch\/vertrauen\/warum-gold\">Warum Gold<\/a>\n                <\/div>\n                            <div class=\"subnav-item\">\n                    <a href=\"https:\/\/www.degussa-goldhandel.ch\/vertrauen\/unternehmensphilosophie\">Unternehmensphilosophie<\/a>\n                <\/div>\n                            <div class=\"subnav-item\">\n                    <a href=\"https:\/\/www.degussa-goldhandel.ch\/vertrauen\/mitgliedschaften\">Mitgliedschaften<\/a>\n                <\/div>\n                            <div class=\"subnav-item\">\n                    <a href=\"https:\/\/www.degussa-goldhandel.ch\/vertrauen\/partnerschaften\">Partnerschaften<\/a>\n                <\/div>\n            \n        <\/div>\n        <div class=\"degussa-subnav-container empty\"><\/div>\n        \t\t<\/div>\n\t\t\t\t<\/div>\n\t\t\t\t\t<\/div>\n\t\t<\/div>\n\t\t\t\t\t<\/div>\n\t\t<\/section>\n\t\t\t\t<section class=\"elementor-section elementor-top-section elementor-element elementor-element-33b3692 elementor-section-boxed elementor-section-height-default elementor-section-height-default\" data-id=\"33b3692\" data-element_type=\"section\">\n\t\t\t\t\t\t<div class=\"elementor-container elementor-column-gap-default\">\n\t\t\t\t\t<div class=\"elementor-column elementor-col-100 elementor-top-column elementor-element elementor-element-3e9b26c\" data-id=\"3e9b26c\" data-element_type=\"column\">\n\t\t\t<div class=\"elementor-widget-wrap elementor-element-populated\">\n\t\t\t\t\t\t<div class=\"elementor-element elementor-element-964db13 elementor-widget elementor-widget-heading\" data-id=\"964db13\" data-element_type=\"widget\" data-widget_type=\"heading.default\">\n\t\t\t\t<div class=\"elementor-widget-container\">\n\t\t\t<style>\/*! elementor - v3.23.0 - 05-08-2024 *\/\n.elementor-heading-title{padding:0;margin:0;line-height:1}.elementor-widget-heading .elementor-heading-title[class*=elementor-size-]>a{color:inherit;font-size:inherit;line-height:inherit}.elementor-widget-heading .elementor-heading-title.elementor-size-small{font-size:15px}.elementor-widget-heading .elementor-heading-title.elementor-size-medium{font-size:19px}.elementor-widget-heading .elementor-heading-title.elementor-size-large{font-size:29px}.elementor-widget-heading .elementor-heading-title.elementor-size-xl{font-size:39px}.elementor-widget-heading .elementor-heading-title.elementor-size-xxl{font-size:59px}<\/style><h1 class=\"elementor-heading-title elementor-size-default\">UN R\u00c9EL ATTACHEMENT AUX VALEURS TRADITIONNELLES<\/h1>\t\t<\/div>\n\t\t\t\t<\/div>\n\t\t\t\t\t<\/div>\n\t\t<\/div>\n\t\t\t\t\t<\/div>\n\t\t<\/section>\n\t\t\t\t<section class=\"elementor-section elementor-top-section elementor-element elementor-element-f2e3a47 elementor-section-boxed elementor-section-height-default elementor-section-height-default\" data-id=\"f2e3a47\" data-element_type=\"section\">\n\t\t\t\t\t\t<div class=\"elementor-container elementor-column-gap-default\">\n\t\t\t\t\t<div class=\"elementor-column elementor-col-100 elementor-top-column elementor-element elementor-element-3555bd3\" data-id=\"3555bd3\" data-element_type=\"column\">\n\t\t\t<div class=\"elementor-widget-wrap elementor-element-populated\">\n\t\t\t\t\t\t<div class=\"elementor-element elementor-element-6cefd75 elementor-widget elementor-widget-contentstack\" data-id=\"6cefd75\" data-element_type=\"widget\" data-widget_type=\"contentstack.default\">\n\t\t\t\t<div class=\"elementor-widget-container\">\n\t\t\t<div class=\"content-stack\"><style>.elementor-1505 .elementor-element.elementor-element-d7e212d img{width:100%;}<\/style>\t\t<div data-elementor-type=\"section\" data-elementor-id=\"4850\" class=\"elementor elementor-4850 elementor-3387\" data-elementor-post-type=\"elementor_library\">\n\t\t\t\t\t<section class=\"elementor-section elementor-top-section elementor-element elementor-element-0a1f696 elementor-section-boxed elementor-section-height-default elementor-section-height-default\" data-id=\"0a1f696\" data-element_type=\"section\">\n\t\t\t\t\t\t<div class=\"elementor-container elementor-column-gap-default\">\n\t\t\t\t\t<div class=\"elementor-column elementor-col-66 elementor-top-column elementor-element elementor-element-47d2325\" data-id=\"47d2325\" data-element_type=\"column\">\n\t\t\t<div class=\"elementor-widget-wrap elementor-element-populated\">\n\t\t\t\t\t\t<div class=\"elementor-element elementor-element-0fac2e9 elementor-widget elementor-widget-text-editor\" data-id=\"0fac2e9\" data-element_type=\"widget\" data-widget_type=\"text-editor.default\">\n\t\t\t\t<div class=\"elementor-widget-container\">\n\t\t\t<style>\/*! elementor - v3.23.0 - 05-08-2024 *\/\n.elementor-widget-text-editor.elementor-drop-cap-view-stacked .elementor-drop-cap{background-color:#69727d;color:#fff}.elementor-widget-text-editor.elementor-drop-cap-view-framed .elementor-drop-cap{color:#69727d;border:3px solid;background-color:transparent}.elementor-widget-text-editor:not(.elementor-drop-cap-view-default) .elementor-drop-cap{margin-top:8px}.elementor-widget-text-editor:not(.elementor-drop-cap-view-default) .elementor-drop-cap-letter{width:1em;height:1em}.elementor-widget-text-editor .elementor-drop-cap{float:left;text-align:center;line-height:1;font-size:50px}.elementor-widget-text-editor .elementor-drop-cap-letter{display:inline-block}<\/style>\t\t\t\t<p>Les billets de banque sont une affaire de confiance et d\u2019agilit\u00e9 de la part des banques centrales qui pr\u00e9servent et renforcent cette confiance. Comme chacun sait, la confiance n\u2019est pas seulement tr\u00e8s pr\u00e9cieuse, elle est h\u00e9las aussi tr\u00e8s volatile. Aussi, lorsque les perspectives \u00e9conomiques s\u2019assombrissent et que les gouvernements sont \u00e0 bout de ressources, il est judicieux de se tourner vers d\u2019autres valeurs.<br \/><br \/><\/p><p>L\u2019or est convoit\u00e9. Il est pr\u00e9cieux et durable. Et surtout il est rare, on ne peut pas le reproduire comme de simples billets de banque. Voil\u00e0 pourquoi il remplit toutes les conditions dignes d\u2019un investissement \u00e0 long terme.<br \/><br \/><\/p><p>Les lingots d\u2019or Degussa sont ainsi devenus synonymes de durabilit\u00e9 absolue. Ils ont surv\u00e9cu aux guerres ainsi qu\u2019\u00e0 divers syst\u00e8mes de soci\u00e9t\u00e9 et aujourd\u2019hui comme autrefois, ils ont une valeur consid\u00e9rable: ils sont une mati\u00e8re durable.<\/p>\t\t\t\t\t\t<\/div>\n\t\t\t\t<\/div>\n\t\t\t\t\t<\/div>\n\t\t<\/div>\n\t\t\t\t<div class=\"elementor-column elementor-col-33 elementor-top-column elementor-element elementor-element-0c4eb68\" data-id=\"0c4eb68\" data-element_type=\"column\">\n\t\t\t<div class=\"elementor-widget-wrap elementor-element-populated\">\n\t\t\t\t\t\t<div class=\"elementor-element elementor-element-d7e212d elementor-widget elementor-widget-image\" data-id=\"d7e212d\" data-element_type=\"widget\" data-widget_type=\"image.default\">\n\t\t\t\t<div class=\"elementor-widget-container\">\n\t\t\t<style>\/*! elementor - v3.23.0 - 05-08-2024 *\/\n.elementor-widget-image{text-align:center}.elementor-widget-image a{display:inline-block}.elementor-widget-image a img[src$=\".svg\"]{width:48px}.elementor-widget-image img{vertical-align:middle;display:inline-block}<\/style>\t\t\t\t\t\t\t\t\t\t<img fetchpriority=\"high\" decoding=\"async\" width=\"800\" height=\"350\" src=\"https:\/\/www.degussa-goldhandel.ch\/wp-content\/uploads\/2022\/05\/Degussa-Goldhandel-Koenige-nokdqv2pvvzxyt5e9f6thodsrzdr3mjmm5lu87enjg.jpg\" class=\"attachment-large size-large wp-image-1510\" alt=\"Degussa M\u00fcnzen K\u00f6nige\" srcset=\"https:\/\/www.degussa-goldhandel.ch\/wp-content\/uploads\/2022\/05\/Degussa-Goldhandel-Koenige-nokdqv2pvvzxyt5e9f6thodsrzdr3mjmm5lu87enjg.jpg 800w, https:\/\/www.degussa-goldhandel.ch\/wp-content\/uploads\/2022\/05\/Degussa-Goldhandel-Koenige-nokdqv2pvvzxyt5e9f6thodsrzdr3mjmm5lu87enjg-300x131.jpg 300w, https:\/\/www.degussa-goldhandel.ch\/wp-content\/uploads\/2022\/05\/Degussa-Goldhandel-Koenige-nokdqv2pvvzxyt5e9f6thodsrzdr3mjmm5lu87enjg-768x336.jpg 768w, https:\/\/www.degussa-goldhandel.ch\/wp-content\/uploads\/2022\/05\/Degussa-Goldhandel-Koenige-nokdqv2pvvzxyt5e9f6thodsrzdr3mjmm5lu87enjg-600x263.jpg 600w\" sizes=\"(max-width: 800px) 100vw, 800px\" \/>\t\t\t\t\t\t\t\t\t\t\t\t\t<\/div>\n\t\t\t\t<\/div>\n\t\t\t\t\t<\/div>\n\t\t<\/div>\n\t\t\t\t\t<\/div>\n\t\t<\/section>\n\t\t\t\t<\/div>\n\t\t<\/div><div class=\"content-stack\"><style>.elementor-1280 .elementor-element.elementor-element-03f0809 > .elementor-widget-wrap > .elementor-widget:not(.elementor-widget__width-auto):not(.elementor-widget__width-initial):not(:last-child):not(.elementor-absolute){margin-bottom:0px;}<\/style>\t\t<div data-elementor-type=\"section\" data-elementor-id=\"6142\" class=\"elementor elementor-6142\" data-elementor-post-type=\"elementor_library\">\n\t\t\t\t\t<section class=\"elementor-section elementor-top-section elementor-element elementor-element-d4f082f incomplete elementor-section-boxed elementor-section-height-default elementor-section-height-default\" data-id=\"d4f082f\" data-element_type=\"section\">\n\t\t\t\t\t\t<div class=\"elementor-container elementor-column-gap-no\">\n\t\t\t\t\t<div class=\"elementor-column elementor-col-100 elementor-top-column elementor-element elementor-element-03f0809\" data-id=\"03f0809\" data-element_type=\"column\">\n\t\t\t<div class=\"elementor-widget-wrap elementor-element-populated\">\n\t\t\t\t\t\t<div class=\"elementor-element elementor-element-a674e59 elementor-widget elementor-widget-productslider\" data-id=\"a674e59\" data-element_type=\"widget\" data-widget_type=\"productslider.default\">\n\t\t\t\t<div class=\"elementor-widget-container\">\n\t\t\t        <div class=\"degussa-product-slider-outer-container\">\n            <div class=\"degussa-product-slider\">\n                <div class=\"slider\">\n                                            <div class=\"product\">\n                            <div class=\"product-content\">\n                                <img decoding=\"async\" class=\"product-image\" src=\"https:\/\/shop.degussa-goldhandel.ch\/media\/catalog\/product\/\/1\/-\/1-g-degussa-goldbarren.png\"\n                                     alt=\"Lingot d'or Degussa de 1 g\">\n                                <div class=\"product-description\">\n                                    <a href=\"https:\/\/shop.degussa-goldhandel.ch\/fr\/1-g-degussa-goldbarren.html\"\n                                       class=\"buy-product-button\"><span>Acheter<\/span><img decoding=\"async\"\n                                                src=\"\/wp-content\/uploads\/2022\/04\/basket-inverted.svg\" width=\"20\" height=\"20\" alt=\"\"><\/a>\n                                <\/div>\n                            <\/div>\n                        <\/div>\n                                            <div class=\"product\">\n                            <div class=\"product-content\">\n                                <img decoding=\"async\" class=\"product-image\" src=\"https:\/\/shop.degussa-goldhandel.ch\/media\/catalog\/product\/\/5\/-\/5-g-degussa-goldbarren.png\"\n                                     alt=\"Lingot d'or Degussa de 5 g\">\n                                <div class=\"product-description\">\n                                    <a href=\"https:\/\/shop.degussa-goldhandel.ch\/fr\/5-g-degussa-goldbarren.html\"\n                                       class=\"buy-product-button\"><span>Acheter<\/span><img decoding=\"async\"\n                                                src=\"\/wp-content\/uploads\/2022\/04\/basket-inverted.svg\" width=\"20\" height=\"20\" alt=\"\"><\/a>\n                                <\/div>\n                            <\/div>\n                        <\/div>\n                                            <div class=\"product\">\n                            <div class=\"product-content\">\n                                <img decoding=\"async\" class=\"product-image\" src=\"https:\/\/shop.degussa-goldhandel.ch\/media\/catalog\/product\/\/1\/0\/10-g-degussa-goldbarren.png\"\n                                     alt=\"Lingot d'or Degussa 10g\">\n                                <div class=\"product-description\">\n                                    <a href=\"https:\/\/shop.degussa-goldhandel.ch\/fr\/10-g-degussa-goldbarren.html\"\n                                       class=\"buy-product-button\"><span>Acheter<\/span><img decoding=\"async\"\n                                                src=\"\/wp-content\/uploads\/2022\/04\/basket-inverted.svg\" width=\"20\" height=\"20\" alt=\"\"><\/a>\n                                <\/div>\n                            <\/div>\n                        <\/div>\n                                            <div class=\"product\">\n                            <div class=\"product-content\">\n                                <img decoding=\"async\" class=\"product-image\" src=\"https:\/\/shop.degussa-goldhandel.ch\/media\/catalog\/product\/\/2\/0\/20-g-degussa-goldbarren.png\"\n                                     alt=\"Lingot d'or Degussa de 20 g\">\n                                <div class=\"product-description\">\n                                    <a href=\"https:\/\/shop.degussa-goldhandel.ch\/fr\/20-g-degussa-goldbarren.html\"\n                                       class=\"buy-product-button\"><span>Acheter<\/span><img decoding=\"async\"\n                                                src=\"\/wp-content\/uploads\/2022\/04\/basket-inverted.svg\" width=\"20\" height=\"20\" alt=\"\"><\/a>\n                                <\/div>\n                            <\/div>\n                        <\/div>\n                                            <div class=\"product\">\n                            <div class=\"product-content\">\n                                <img decoding=\"async\" class=\"product-image\" src=\"https:\/\/shop.degussa-goldhandel.ch\/media\/catalog\/product\/\/1\/-\/1-oz-degussa-goldbarren.png\"\n                                     alt=\"Lingot d'or Degussa de 1 oz\">\n                                <div class=\"product-description\">\n                                    <a href=\"https:\/\/shop.degussa-goldhandel.ch\/fr\/1-oz-degussa-goldbarren.html\"\n                                       class=\"buy-product-button\"><span>Acheter<\/span><img decoding=\"async\"\n                                                src=\"\/wp-content\/uploads\/2022\/04\/basket-inverted.svg\" width=\"20\" height=\"20\" alt=\"\"><\/a>\n                                <\/div>\n                            <\/div>\n                        <\/div>\n                                            <div class=\"product\">\n                            <div class=\"product-content\">\n                                <img decoding=\"async\" class=\"product-image\" src=\"https:\/\/shop.degussa-goldhandel.ch\/media\/catalog\/product\/\/5\/0\/50-g-degussa-goldbarren.png\"\n                                     alt=\"Lingot d'or Degussa de 50\u00a0g\">\n                                <div class=\"product-description\">\n                                    <a href=\"https:\/\/shop.degussa-goldhandel.ch\/fr\/50-g-degussa-goldbarren.html\"\n                                       class=\"buy-product-button\"><span>Acheter<\/span><img decoding=\"async\"\n                                                src=\"\/wp-content\/uploads\/2022\/04\/basket-inverted.svg\" width=\"20\" height=\"20\" alt=\"\"><\/a>\n                                <\/div>\n                            <\/div>\n                        <\/div>\n                                            <div class=\"product\">\n                            <div class=\"product-content\">\n                                <img decoding=\"async\" class=\"product-image\" src=\"https:\/\/shop.degussa-goldhandel.ch\/media\/catalog\/product\/\/d\/e\/degussa_goldhandel_goldmuenze_20_franken_vreneli1.png\"\n                                     alt=\"Pi\u00e8ce d'or 20 Francs suisses Vreneli\">\n                                <div class=\"product-description\">\n                                    <a href=\"https:\/\/shop.degussa-goldhandel.ch\/fr\/20-schweizer-franken-vreneli-goldmunze.html\"\n                                       class=\"buy-product-button\"><span>Acheter<\/span><img decoding=\"async\"\n                                                src=\"\/wp-content\/uploads\/2022\/04\/basket-inverted.svg\" width=\"20\" height=\"20\" alt=\"\"><\/a>\n                                <\/div>\n                            <\/div>\n                        <\/div>\n                                            <div class=\"product\">\n                            <div class=\"product-content\">\n                                <img decoding=\"async\" class=\"product-image\" src=\"https:\/\/shop.degussa-goldhandel.ch\/media\/catalog\/product\/\/1\/-\/1-10-oz-american-eagle-goldmuenze.png\"\n                                     alt=\"Pi\u00e8ce d'or American Eagle 1\/10 oz\">\n                                <div class=\"product-description\">\n                                    <a href=\"https:\/\/shop.degussa-goldhandel.ch\/fr\/1-10-oz-american-eagle-goldmunze.html\"\n                                       class=\"buy-product-button\"><span>Acheter<\/span><img decoding=\"async\"\n                                                src=\"\/wp-content\/uploads\/2022\/04\/basket-inverted.svg\" width=\"20\" height=\"20\" alt=\"\"><\/a>\n                                <\/div>\n                            <\/div>\n                        <\/div>\n                                            <div class=\"product\">\n                            <div class=\"product-content\">\n                                <img decoding=\"async\" class=\"product-image\" src=\"https:\/\/shop.degussa-goldhandel.ch\/media\/catalog\/product\/\/1\/-\/1-10-oz-canadian-maple-leaf-goldmuenze.png\"\n                                     alt=\"Pi\u00e8ce d'or Canadian Maple Leaf 1\/10 oz\">\n                                <div class=\"product-description\">\n                                    <a href=\"https:\/\/shop.degussa-goldhandel.ch\/fr\/1-10-oz-canadian-maple-leaf-goldmunze.html\"\n                                       class=\"buy-product-button\"><span>Acheter<\/span><img decoding=\"async\"\n                                                src=\"\/wp-content\/uploads\/2022\/04\/basket-inverted.svg\" width=\"20\" height=\"20\" alt=\"\"><\/a>\n                                <\/div>\n                            <\/div>\n                        <\/div>\n                                            <div class=\"product\">\n                            <div class=\"product-content\">\n                                <img decoding=\"async\" class=\"product-image\" src=\"https:\/\/shop.degussa-goldhandel.ch\/media\/catalog\/product\/\/2\/0\/203013_pkg-back-open-1198.png\"\n                                     alt=\"Pi\u00e8ce d'or Canadian Maplegram 25g\">\n                                <div class=\"product-description\">\n                                    <a href=\"https:\/\/shop.degussa-goldhandel.ch\/fr\/canadian-maplegram-25g-shop.html\"\n                                       class=\"buy-product-button\"><span>Acheter<\/span><img decoding=\"async\"\n                                                src=\"\/wp-content\/uploads\/2022\/04\/basket-inverted.svg\" width=\"20\" height=\"20\" alt=\"\"><\/a>\n                                <\/div>\n                            <\/div>\n                        <\/div>\n                                            <div class=\"product\">\n                            <div class=\"product-content\">\n                                <img decoding=\"async\" class=\"product-image\" src=\"https:\/\/shop.degussa-goldhandel.ch\/media\/catalog\/product\/\/5\/0\/500-g-degussa-silberbarren.png\"\n                                     alt=\"Lingot d'argent Degussa de 500 g\">\n                                <div class=\"product-description\">\n                                    <a href=\"https:\/\/shop.degussa-goldhandel.ch\/fr\/500-g-degussa-silberbarren.html\"\n                                       class=\"buy-product-button\"><span>Acheter<\/span><img decoding=\"async\"\n                                                src=\"\/wp-content\/uploads\/2022\/04\/basket-inverted.svg\" width=\"20\" height=\"20\" alt=\"\"><\/a>\n                                <\/div>\n                            <\/div>\n                        <\/div>\n                                            <div class=\"product\">\n                            <div class=\"product-content\">\n                                <img decoding=\"async\" class=\"product-image\" src=\"https:\/\/shop.degussa-goldhandel.ch\/media\/catalog\/product\/\/1\/-\/1-kg-degussa-silberbarren.png\"\n                                     alt=\"Lingot d'argent Degussa de 1 kg\">\n                                <div class=\"product-description\">\n                                    <a href=\"https:\/\/shop.degussa-goldhandel.ch\/fr\/1-kg-degussa-silberbarren.html\"\n                                       class=\"buy-product-button\"><span>Acheter<\/span><img decoding=\"async\"\n                                                src=\"\/wp-content\/uploads\/2022\/04\/basket-inverted.svg\" width=\"20\" height=\"20\" alt=\"\"><\/a>\n                                <\/div>\n                            <\/div>\n                        <\/div>\n                                    <\/div>\n            <\/div>\n            <div class=\"degussa-slider-context\">\n                <div class=\"slider-title\">Achat en ligne d\u2019or, d\u2019argent et de platine <\/div>\n                <div class=\"slider-actions\">\n                    <a class=\"context-link\" href=\"https:\/\/shop.degussa-goldhandel.ch\/fr\/\"><img decoding=\"async\" class=\"context-link-icon\" width=\"20\" height=\"20\" src=\"https:\/\/www.degussa-goldhandel.ch\/wp-content\/uploads\/2022\/04\/basket-inverted.svg\"><span>Lingots et Pi\u00e8ces<\/span>\n                        <\/a><a class=\"context-link\" href=\"https:\/\/shop.degussa-goldhandel.ch\/fr\/gold\/gifts\"><img decoding=\"async\" class=\"context-link-icon\" width=\"20\" height=\"20\" src=\"https:\/\/www.degussa-goldhandel.ch\/wp-content\/uploads\/2022\/04\/basket-inverted.svg\"><span>Articles de Bijouterie<\/span>\n                        <\/a><a class=\"context-link\" href=\"https:\/\/shop.degussa-goldhandel.ch\/fr\/numismatics\"><img decoding=\"async\" class=\"context-link-icon\" width=\"20\" height=\"20\" src=\"https:\/\/www.degussa-goldhandel.ch\/wp-content\/uploads\/2022\/04\/basket-inverted.svg\"><span>Numismatique<\/span>\n                        <\/a>\n                <\/div>\n            <\/div>\n        <\/div>\n        \t\t<\/div>\n\t\t\t\t<\/div>\n\t\t\t\t\t<\/div>\n\t\t<\/div>\n\t\t\t\t\t<\/div>\n\t\t<\/section>\n\t\t\t\t<\/div>\n\t\t<\/div>        \t\t<\/div>\n\t\t\t\t<\/div>\n\t\t\t\t\t<\/div>\n\t\t<\/div>\n\t\t\t\t\t<\/div>\n\t\t<\/section>\n\t\t\t\t<\/div>\n\t\t","protected":false},"excerpt":{"rendered":"<p>Warum Degussa Warum Gold Unternehmensphilosophie Mitgliedschaften Partnerschaften UN R\u00c9EL ATTACHEMENT AUX VALEURS TRADITIONNELLES Les billets de banque sont une affaire de confiance et d\u2019agilit\u00e9 de la part des banques centrales qui pr\u00e9servent et renforcent cette confiance. Comme chacun sait, la confiance n\u2019est pas seulement tr\u00e8s pr\u00e9cieuse, elle est h\u00e9las aussi tr\u00e8s volatile. Aussi, lorsque les [&hellip;]<\/p>\n","protected":false},"author":1,"featured_media":0,"parent":4821,"menu_order":2,"comment_status":"closed","ping_status":"closed","template":"elementor_header_footer","meta":{"_acf_changed":false,"inline_featured_image":false,"footnotes":""},"class_list":["post-4846","page","type-page","status-publish","hentry"],"acf":[],"_links":{"self":[{"href":"https:\/\/www.degussa-goldhandel.ch\/fr\/wp-json\/wp\/v2\/pages\/4846"}],"collection":[{"href":"https:\/\/www.degussa-goldhandel.ch\/fr\/wp-json\/wp\/v2\/pages"}],"about":[{"href":"https:\/\/www.degussa-goldhandel.ch\/fr\/wp-json\/wp\/v2\/types\/page"}],"author":[{"embeddable":true,"href":"https:\/\/www.degussa-goldhandel.ch\/fr\/wp-json\/wp\/v2\/users\/1"}],"replies":[{"embeddable":true,"href":"https:\/\/www.degussa-goldhandel.ch\/fr\/wp-json\/wp\/v2\/comments?post=4846"}],"version-history":[{"count":5,"href":"https:\/\/www.degussa-goldhandel.ch\/fr\/wp-json\/wp\/v2\/pages\/4846\/revisions"}],"predecessor-version":[{"id":10767,"href":"https:\/\/www.degussa-goldhandel.ch\/fr\/wp-json\/wp\/v2\/pages\/4846\/revisions\/10767"}],"up":[{"embeddable":true,"href":"https:\/\/www.degussa-goldhandel.ch\/fr\/wp-json\/wp\/v2\/pages\/4821"}],"wp:attachment":[{"href":"https:\/\/www.degussa-goldhandel.ch\/fr\/wp-json\/wp\/v2\/media?parent=4846"}],"curies":[{"name":"wp","href":"https:\/\/api.w.org\/{rel}","templated":true}]}}