{"id":5081,"date":"2022-07-26T07:43:05","date_gmt":"2022-07-26T05:43:05","guid":{"rendered":"https:\/\/degussa-staging.detail-digital.ch\/?page_id=5081"},"modified":"2022-11-10T14:04:05","modified_gmt":"2022-11-10T13:04:05","slug":"filiales","status":"publish","type":"page","link":"https:\/\/www.degussa-goldhandel.ch\/fr\/filiales","title":{"rendered":"Filiales"},"content":{"rendered":"\t\t<div data-elementor-type=\"wp-page\" data-elementor-id=\"5081\" class=\"elementor elementor-5081 elementor-3432\" data-elementor-post-type=\"page\">\n\t\t\t\t\t\t<section class=\"elementor-section elementor-top-section elementor-element elementor-element-1ffb662 elementor-section-boxed elementor-section-height-default elementor-section-height-default\" data-id=\"1ffb662\" data-element_type=\"section\">\n\t\t\t\t\t\t<div class=\"elementor-container elementor-column-gap-default\">\n\t\t\t\t\t<div class=\"elementor-column elementor-col-100 elementor-top-column elementor-element elementor-element-01baa70\" data-id=\"01baa70\" data-element_type=\"column\">\n\t\t\t<div class=\"elementor-widget-wrap elementor-element-populated\">\n\t\t\t\t\t\t<div class=\"elementor-element elementor-element-299a4e6 elementor-widget elementor-widget-subnav\" data-id=\"299a4e6\" data-element_type=\"widget\" data-widget_type=\"subnav.default\">\n\t\t\t\t<div class=\"elementor-widget-container\">\n\t\t\t        <div class=\"degussa-subnav-container subnav gold\">\n            \n        <\/div>\n        <div class=\"degussa-subnav-container empty\"><\/div>\n        \t\t<\/div>\n\t\t\t\t<\/div>\n\t\t\t\t\t<\/div>\n\t\t<\/div>\n\t\t\t\t\t<\/div>\n\t\t<\/section>\n\t\t\t\t<section class=\"elementor-section elementor-top-section elementor-element elementor-element-e0d3126 elementor-section-boxed elementor-section-height-default elementor-section-height-default\" data-id=\"e0d3126\" data-element_type=\"section\">\n\t\t\t\t\t\t<div class=\"elementor-container elementor-column-gap-default\">\n\t\t\t\t\t<div class=\"elementor-column elementor-col-100 elementor-top-column elementor-element elementor-element-01c1343\" data-id=\"01c1343\" data-element_type=\"column\">\n\t\t\t<div class=\"elementor-widget-wrap elementor-element-populated\">\n\t\t\t\t\t\t<div class=\"elementor-element elementor-element-895d58d elementor-widget elementor-widget-heading\" data-id=\"895d58d\" data-element_type=\"widget\" data-widget_type=\"heading.default\">\n\t\t\t\t<div class=\"elementor-widget-container\">\n\t\t\t<style>\/*! elementor - v3.23.0 - 05-08-2024 *\/\n.elementor-heading-title{padding:0;margin:0;line-height:1}.elementor-widget-heading .elementor-heading-title[class*=elementor-size-]>a{color:inherit;font-size:inherit;line-height:inherit}.elementor-widget-heading .elementor-heading-title.elementor-size-small{font-size:15px}.elementor-widget-heading .elementor-heading-title.elementor-size-medium{font-size:19px}.elementor-widget-heading .elementor-heading-title.elementor-size-large{font-size:29px}.elementor-widget-heading .elementor-heading-title.elementor-size-xl{font-size:39px}.elementor-widget-heading .elementor-heading-title.elementor-size-xxl{font-size:59px}<\/style><h1 class=\"elementor-heading-title elementor-size-default\">Les meilleures adresses pour l\u2019or et l\u2019argent en suisse.<\/h1>\t\t<\/div>\n\t\t\t\t<\/div>\n\t\t\t\t\t<\/div>\n\t\t<\/div>\n\t\t\t\t\t<\/div>\n\t\t<\/section>\n\t\t\t\t<section class=\"elementor-section elementor-top-section elementor-element elementor-element-940174a elementor-section-boxed elementor-section-height-default elementor-section-height-default\" data-id=\"940174a\" data-element_type=\"section\">\n\t\t\t\t\t\t<div class=\"elementor-container elementor-column-gap-default\">\n\t\t\t\t\t<div class=\"elementor-column elementor-col-100 elementor-top-column elementor-element elementor-element-24c4bdf\" data-id=\"24c4bdf\" data-element_type=\"column\">\n\t\t\t<div class=\"elementor-widget-wrap elementor-element-populated\">\n\t\t\t\t\t\t<div class=\"elementor-element elementor-element-332b610 elementor-widget elementor-widget-contentstack\" data-id=\"332b610\" data-element_type=\"widget\" data-widget_type=\"contentstack.default\">\n\t\t\t\t<div class=\"elementor-widget-container\">\n\t\t\t<div class=\"content-stack\"><style><\/style>\t\t<div data-elementor-type=\"section\" data-elementor-id=\"5085\" class=\"elementor elementor-5085 elementor-3437\" data-elementor-post-type=\"elementor_library\">\n\t\t\t\t\t<section class=\"elementor-section elementor-top-section elementor-element elementor-element-6d4777e elementor-section-boxed elementor-section-height-default elementor-section-height-default\" data-id=\"6d4777e\" data-element_type=\"section\">\n\t\t\t\t\t\t<div class=\"elementor-container elementor-column-gap-default\">\n\t\t\t\t\t<div class=\"elementor-column elementor-col-66 elementor-top-column elementor-element elementor-element-f8ab377\" data-id=\"f8ab377\" data-element_type=\"column\">\n\t\t\t<div class=\"elementor-widget-wrap elementor-element-populated\">\n\t\t\t\t\t\t<div class=\"elementor-element elementor-element-f917825 elementor-widget elementor-widget-heading\" data-id=\"f917825\" data-element_type=\"widget\" data-widget_type=\"heading.default\">\n\t\t\t\t<div class=\"elementor-widget-container\">\n\t\t\t<h2 class=\"elementor-heading-title elementor-size-default\">S\u00c9CURIT\u00c9. SIMPLICIT\u00c9. DISCR\u00c9TION.<\/h2>\t\t<\/div>\n\t\t\t\t<\/div>\n\t\t\t\t<div class=\"elementor-element elementor-element-2cef614 elementor-widget elementor-widget-text-editor\" data-id=\"2cef614\" data-element_type=\"widget\" data-widget_type=\"text-editor.default\">\n\t\t\t\t<div class=\"elementor-widget-container\">\n\t\t\t<style>\/*! elementor - v3.23.0 - 05-08-2024 *\/\n.elementor-widget-text-editor.elementor-drop-cap-view-stacked .elementor-drop-cap{background-color:#69727d;color:#fff}.elementor-widget-text-editor.elementor-drop-cap-view-framed .elementor-drop-cap{color:#69727d;border:3px solid;background-color:transparent}.elementor-widget-text-editor:not(.elementor-drop-cap-view-default) .elementor-drop-cap{margin-top:8px}.elementor-widget-text-editor:not(.elementor-drop-cap-view-default) .elementor-drop-cap-letter{width:1em;height:1em}.elementor-widget-text-editor .elementor-drop-cap{float:left;text-align:center;line-height:1;font-size:50px}.elementor-widget-text-editor .elementor-drop-cap-letter{display:inline-block}<\/style>\t\t\t\t<p>L\u2019achat d\u2019or et d\u2019argent est une affaire de confiance. Dans nos boutiques, nous vous renseignons en toute s\u00e9r\u00e9nit\u00e9 sur les lingots Degussa et nous vous proposons une s\u00e9lection des plus c\u00e9l\u00e8bres pi\u00e8ces d\u2019investissement.<br \/><br \/><\/p><p>Vous pouvez r\u00e9gler vos achats au comptant ou par carte de cr\u00e9dit dans nos boutiques et repartir avec. En cas de paiement pr\u00e9alable par virement bancaire, vous pouvez venir chercher la marchandise une fois que nous aurons re\u00e7u votre virement.<br \/><br \/><\/p><p>Vous voulez vendre vos bijoux ou votre vieil or \u00e0 un prix juste et \u00e9quitable? Nous vous proposons aussi ce service, dans nos boutiques.<\/p>\t\t\t\t\t\t<\/div>\n\t\t\t\t<\/div>\n\t\t\t\t\t<\/div>\n\t\t<\/div>\n\t\t\t\t<div class=\"elementor-column elementor-col-33 elementor-top-column elementor-element elementor-element-92a8980\" data-id=\"92a8980\" data-element_type=\"column\">\n\t\t\t<div class=\"elementor-widget-wrap\">\n\t\t\t\t\t\t\t<\/div>\n\t\t<\/div>\n\t\t\t\t\t<\/div>\n\t\t<\/section>\n\t\t\t\t<\/div>\n\t\t<\/div><div class=\"content-stack\"><style><\/style>\t\t<div data-elementor-type=\"section\" data-elementor-id=\"5111\" class=\"elementor elementor-5111 elementor-3440\" data-elementor-post-type=\"elementor_library\">\n\t\t\t\t\t<section class=\"elementor-section elementor-top-section elementor-element elementor-element-87101bd elementor-section-boxed elementor-section-height-default elementor-section-height-default\" data-id=\"87101bd\" data-element_type=\"section\">\n\t\t\t\t\t\t<div class=\"elementor-container elementor-column-gap-default\">\n\t\t\t\t\t<div class=\"elementor-column elementor-col-66 elementor-top-column elementor-element elementor-element-0cbbd53\" data-id=\"0cbbd53\" data-element_type=\"column\">\n\t\t\t<div class=\"elementor-widget-wrap elementor-element-populated\">\n\t\t\t\t\t\t<div class=\"elementor-element elementor-element-5699459 elementor-widget elementor-widget-heading\" data-id=\"5699459\" data-element_type=\"widget\" data-widget_type=\"heading.default\">\n\t\t\t\t<div class=\"elementor-widget-container\">\n\t\t\t<h2 class=\"elementor-heading-title elementor-size-default\">NOS FILIALES SUISSES SE TROUVENT \u00c0<\/h2>\t\t<\/div>\n\t\t\t\t<\/div>\n\t\t\t\t<div class=\"elementor-element elementor-element-1e72453 elementor-widget elementor-widget-text-editor\" data-id=\"1e72453\" data-element_type=\"widget\" data-widget_type=\"text-editor.default\">\n\t\t\t\t<div class=\"elementor-widget-container\">\n\t\t\t\t\t\t\t<ul>\n \t<li><a href=\"https:\/\/www.degussa-goldhandel.ch\/fr\/filiales\/suisse\/geneve\">Gen\u00e8ve<\/a><\/li>\n \t<li><a href=\"https:\/\/www.degussa-goldhandel.ch\/fr\/filiales\/suisse\/zurich\">Zurich<\/a><\/li>\n<\/ul>\t\t\t\t\t\t<\/div>\n\t\t\t\t<\/div>\n\t\t\t\t\t<\/div>\n\t\t<\/div>\n\t\t\t\t<div class=\"elementor-column elementor-col-33 elementor-top-column elementor-element elementor-element-8baa860\" data-id=\"8baa860\" data-element_type=\"column\">\n\t\t\t<div class=\"elementor-widget-wrap elementor-element-populated\">\n\t\t\t\t\t\t<div class=\"elementor-element elementor-element-5588c69 elementor-widget elementor-widget-image\" data-id=\"5588c69\" data-element_type=\"widget\" data-widget_type=\"image.default\">\n\t\t\t\t<div class=\"elementor-widget-container\">\n\t\t\t<style>\/*! elementor - v3.23.0 - 05-08-2024 *\/\n.elementor-widget-image{text-align:center}.elementor-widget-image a{display:inline-block}.elementor-widget-image a img[src$=\".svg\"]{width:48px}.elementor-widget-image img{vertical-align:middle;display:inline-block}<\/style>\t\t\t\t\t\t\t\t\t\t<img fetchpriority=\"high\" decoding=\"async\" width=\"1024\" height=\"480\" src=\"https:\/\/www.degussa-goldhandel.ch\/wp-content\/uploads\/2022\/04\/Geneve-1024x480.jpg\" class=\"attachment-large size-large wp-image-6223\" alt=\"Banner Genf Jet d&#039;Eau\" srcset=\"https:\/\/www.degussa-goldhandel.ch\/wp-content\/uploads\/2022\/04\/Geneve-1024x480.jpg 1024w, https:\/\/www.degussa-goldhandel.ch\/wp-content\/uploads\/2022\/04\/Geneve-300x141.jpg 300w, https:\/\/www.degussa-goldhandel.ch\/wp-content\/uploads\/2022\/04\/Geneve-768x360.jpg 768w, https:\/\/www.degussa-goldhandel.ch\/wp-content\/uploads\/2022\/04\/Geneve-1536x720.jpg 1536w, https:\/\/www.degussa-goldhandel.ch\/wp-content\/uploads\/2022\/04\/Geneve.jpg 1920w\" sizes=\"(max-width: 1024px) 100vw, 1024px\" \/>\t\t\t\t\t\t\t\t\t\t\t\t\t<\/div>\n\t\t\t\t<\/div>\n\t\t\t\t\t<\/div>\n\t\t<\/div>\n\t\t\t\t\t<\/div>\n\t\t<\/section>\n\t\t\t\t<\/div>\n\t\t<\/div><div class=\"content-stack\"><style><\/style>\t\t<div data-elementor-type=\"section\" data-elementor-id=\"5121\" class=\"elementor elementor-5121 elementor-804\" data-elementor-post-type=\"elementor_library\">\n\t\t\t\t\t<section class=\"elementor-section elementor-top-section elementor-element elementor-element-9c47b83 elementor-section-boxed elementor-section-height-default elementor-section-height-default\" data-id=\"9c47b83\" data-element_type=\"section\">\n\t\t\t\t\t\t<div class=\"elementor-container elementor-column-gap-default\">\n\t\t\t\t\t<div class=\"elementor-column elementor-col-66 elementor-top-column elementor-element elementor-element-6259116 incomplete\" data-id=\"6259116\" data-element_type=\"column\">\n\t\t\t<div class=\"elementor-widget-wrap elementor-element-populated\">\n\t\t\t\t\t\t<div class=\"elementor-element elementor-element-ce342eb elementor-widget elementor-widget-heading\" data-id=\"ce342eb\" data-element_type=\"widget\" data-widget_type=\"heading.default\">\n\t\t\t\t<div class=\"elementor-widget-container\">\n\t\t\t<h2 class=\"elementor-heading-title elementor-size-default\">NOS FILIALES ALLEMANDES SE TROUVENT \u00c0<\/h2>\t\t<\/div>\n\t\t\t\t<\/div>\n\t\t\t\t<div class=\"elementor-element elementor-element-5318121 elementor-widget elementor-widget-text-editor\" data-id=\"5318121\" data-element_type=\"widget\" data-widget_type=\"text-editor.default\">\n\t\t\t\t<div class=\"elementor-widget-container\">\n\t\t\t\t\t\t\t<ul><li><a href=\"https:\/\/www.degussa-goldhandel.ch\/fr\/filiales\/allemagne\/augsburg\">Augsburg<\/a><\/li><li><a href=\"https:\/\/www.degussa-goldhandel.ch\/fr\/filiales\/allemagne\/berlin\">Berlin<\/a><\/li><li><a href=\"https:\/\/www.degussa-goldhandel.ch\/fr\/filiales\/allemagne\/duesseldorf\">D\u00fcsseldorf<\/a><\/li><li><a href=\"https:\/\/www.degussa-goldhandel.ch\/fr\/filiales\/allemagne\/francfort\">Francfort<\/a><\/li><li><a href=\"https:\/\/www.degussa-goldhandel.ch\/fr\/filiales\/allemagne\/hambourg\">Hambourg<\/a><\/li><li><a href=\"https:\/\/www.degussa-goldhandel.ch\/fr\/filiales\/allemagne\/nuremberg\">Nuremberg<\/a><\/li><li><a href=\"https:\/\/www.degussa-goldhandel.ch\/fr\/filiales\/allemagne\/pforzheim\">Pforzheim<\/a><\/li><li><a href=\"https:\/\/www.degussa-goldhandel.ch\/fr\/filiales\/allemagne\/stuttgart\">Stuttgart<\/a><\/li><li><a href=\"https:\/\/www.degussa-goldhandel.ch\/fr\/filiales\/allemagne\/hanovre\">Hanovre<\/a><\/li><li><a href=\"https:\/\/www.degussa-goldhandel.ch\/fr\/filiales\/allemagne\/cologne\">Cologne<\/a><\/li><li><a href=\"https:\/\/www.degussa-goldhandel.ch\/fr\/filiales\/allemagne\/munich\">Munich<\/a><\/li><\/ul>\t\t\t\t\t\t<\/div>\n\t\t\t\t<\/div>\n\t\t\t\t\t<\/div>\n\t\t<\/div>\n\t\t\t\t<div class=\"elementor-column elementor-col-33 elementor-top-column elementor-element elementor-element-384a298\" data-id=\"384a298\" data-element_type=\"column\">\n\t\t\t<div class=\"elementor-widget-wrap elementor-element-populated\">\n\t\t\t\t\t\t<div class=\"elementor-element elementor-element-613893c elementor-widget elementor-widget-image\" data-id=\"613893c\" data-element_type=\"widget\" data-widget_type=\"image.default\">\n\t\t\t\t<div class=\"elementor-widget-container\">\n\t\t\t\t\t\t\t\t\t\t\t\t\t<img decoding=\"async\" width=\"1024\" height=\"442\" src=\"https:\/\/www.degussa-goldhandel.ch\/wp-content\/uploads\/2022\/05\/standorte-deutschland-1024x442.jpg\" class=\"attachment-large size-large wp-image-1958\" alt=\"Banner Degussa Standorte Deutschland\" srcset=\"https:\/\/www.degussa-goldhandel.ch\/wp-content\/uploads\/2022\/05\/standorte-deutschland-1024x442.jpg 1024w, https:\/\/www.degussa-goldhandel.ch\/wp-content\/uploads\/2022\/05\/standorte-deutschland-300x130.jpg 300w, https:\/\/www.degussa-goldhandel.ch\/wp-content\/uploads\/2022\/05\/standorte-deutschland-768x332.jpg 768w, https:\/\/www.degussa-goldhandel.ch\/wp-content\/uploads\/2022\/05\/standorte-deutschland-600x259.jpg 600w, https:\/\/www.degussa-goldhandel.ch\/wp-content\/uploads\/2022\/05\/standorte-deutschland.jpg 1200w\" sizes=\"(max-width: 1024px) 100vw, 1024px\" \/>\t\t\t\t\t\t\t\t\t\t\t\t\t<\/div>\n\t\t\t\t<\/div>\n\t\t\t\t\t<\/div>\n\t\t<\/div>\n\t\t\t\t\t<\/div>\n\t\t<\/section>\n\t\t\t\t<\/div>\n\t\t<\/div><div class=\"content-stack\"><style><\/style>\t\t<div data-elementor-type=\"section\" data-elementor-id=\"5208\" class=\"elementor elementor-5208 elementor-3446\" data-elementor-post-type=\"elementor_library\">\n\t\t\t\t\t<section class=\"elementor-section elementor-top-section elementor-element elementor-element-b6725fe elementor-section-boxed elementor-section-height-default elementor-section-height-default\" data-id=\"b6725fe\" data-element_type=\"section\">\n\t\t\t\t\t\t<div class=\"elementor-container elementor-column-gap-default\">\n\t\t\t\t\t<div class=\"elementor-column elementor-col-66 elementor-top-column elementor-element elementor-element-b34c303\" data-id=\"b34c303\" data-element_type=\"column\">\n\t\t\t<div class=\"elementor-widget-wrap elementor-element-populated\">\n\t\t\t\t\t\t<div class=\"elementor-element elementor-element-bf72045 elementor-widget elementor-widget-heading\" data-id=\"bf72045\" data-element_type=\"widget\" data-widget_type=\"heading.default\">\n\t\t\t\t<div class=\"elementor-widget-container\">\n\t\t\t<h2 class=\"elementor-heading-title elementor-size-default\">NOS FILIALES EUROP\u00c9ENNES SE SITUENT A<\/h2>\t\t<\/div>\n\t\t\t\t<\/div>\n\t\t\t\t<div class=\"elementor-element elementor-element-38f3a3c elementor-widget elementor-widget-text-editor\" data-id=\"38f3a3c\" data-element_type=\"widget\" data-widget_type=\"text-editor.default\">\n\t\t\t\t<div class=\"elementor-widget-container\">\n\t\t\t\t\t\t\t<ul><li><a href=\"https:\/\/www.degussa-goldhandel.ch\/fr\/filiales\/europe\/londres\">Londres<\/a><\/li><li><a href=\"https:\/\/www.degussa-goldhandel.ch\/fr\/filiales\/europe\/madrid\">Madrid<\/a><\/li><\/ul>\t\t\t\t\t\t<\/div>\n\t\t\t\t<\/div>\n\t\t\t\t\t<\/div>\n\t\t<\/div>\n\t\t\t\t<div class=\"elementor-column elementor-col-33 elementor-top-column elementor-element elementor-element-3a6a6a7\" data-id=\"3a6a6a7\" data-element_type=\"column\">\n\t\t\t<div class=\"elementor-widget-wrap elementor-element-populated\">\n\t\t\t\t\t\t<div class=\"elementor-element elementor-element-df97d59 elementor-widget elementor-widget-image\" data-id=\"df97d59\" data-element_type=\"widget\" data-widget_type=\"image.default\">\n\t\t\t\t<div class=\"elementor-widget-container\">\n\t\t\t\t\t\t\t\t\t\t\t\t\t<img decoding=\"async\" width=\"1024\" height=\"442\" src=\"https:\/\/www.degussa-goldhandel.ch\/wp-content\/uploads\/2022\/05\/sharps_pixley-1024x442.jpg\" class=\"attachment-large size-large wp-image-1951\" alt=\"Banner Sharps Pixley\" srcset=\"https:\/\/www.degussa-goldhandel.ch\/wp-content\/uploads\/2022\/05\/sharps_pixley-1024x442.jpg 1024w, https:\/\/www.degussa-goldhandel.ch\/wp-content\/uploads\/2022\/05\/sharps_pixley-300x130.jpg 300w, https:\/\/www.degussa-goldhandel.ch\/wp-content\/uploads\/2022\/05\/sharps_pixley-768x332.jpg 768w, https:\/\/www.degussa-goldhandel.ch\/wp-content\/uploads\/2022\/05\/sharps_pixley-600x259.jpg 600w, https:\/\/www.degussa-goldhandel.ch\/wp-content\/uploads\/2022\/05\/sharps_pixley.jpg 1200w\" sizes=\"(max-width: 1024px) 100vw, 1024px\" \/>\t\t\t\t\t\t\t\t\t\t\t\t\t<\/div>\n\t\t\t\t<\/div>\n\t\t\t\t\t<\/div>\n\t\t<\/div>\n\t\t\t\t\t<\/div>\n\t\t<\/section>\n\t\t\t\t<\/div>\n\t\t<\/div><div class=\"content-stack\"><style>.elementor-1293 .elementor-element.elementor-element-8423b5a > .elementor-widget-wrap > .elementor-widget:not(.elementor-widget__width-auto):not(.elementor-widget__width-initial):not(:last-child):not(.elementor-absolute){margin-bottom:0px;}.elementor-1293 .elementor-element.elementor-element-acacb19 .elementor-repeater-item-53b396a .swiper-slide-bg{background-color:var( --e-global-color-secondary );background-image:url(https:\/\/www.degussa-goldhandel.ch\/wp-content\/uploads\/2022\/05\/globe-2023-10-18.webp);background-size:cover;}.elementor-1293 .elementor-element.elementor-element-acacb19 .swiper-slide{height:401px;}.elementor-1293 .elementor-element.elementor-element-acacb19 .swiper-slide-contents{max-width:66%;}.elementor-1293 .elementor-element.elementor-element-acacb19 .swiper-slide-inner{text-align:center;}.elementor-1293 .elementor-element.elementor-element-acacb19 > .elementor-widget-container{margin:0px 0px 0px 0px;}<\/style>\t\t<div data-elementor-type=\"section\" data-elementor-id=\"6115\" class=\"elementor elementor-6115 elementor-1293\" data-elementor-post-type=\"elementor_library\">\n\t\t\t\t\t<section class=\"elementor-section elementor-top-section elementor-element elementor-element-89902c9 incomplete elementor-section-boxed elementor-section-height-default elementor-section-height-default\" data-id=\"89902c9\" data-element_type=\"section\">\n\t\t\t\t\t\t<div class=\"elementor-container elementor-column-gap-default\">\n\t\t\t\t\t<div class=\"elementor-column elementor-col-100 elementor-top-column elementor-element elementor-element-a544d0b\" data-id=\"a544d0b\" data-element_type=\"column\">\n\t\t\t<div class=\"elementor-widget-wrap elementor-element-populated\">\n\t\t\t\t\t\t<section class=\"elementor-section elementor-inner-section elementor-element elementor-element-8b184ea elementor-section-boxed elementor-section-height-default elementor-section-height-default\" data-id=\"8b184ea\" data-element_type=\"section\">\n\t\t\t\t\t\t<div class=\"elementor-container elementor-column-gap-no\">\n\t\t\t\t\t<div class=\"elementor-column elementor-col-100 elementor-inner-column elementor-element elementor-element-8423b5a\" data-id=\"8423b5a\" data-element_type=\"column\">\n\t\t\t<div class=\"elementor-widget-wrap elementor-element-populated\">\n\t\t\t\t\t\t<div class=\"elementor-element elementor-element-acacb19 elementor--h-position-center elementor--v-position-middle elementor-widget elementor-widget-slides\" data-id=\"acacb19\" data-element_type=\"widget\" data-settings=\"{&quot;navigation&quot;:&quot;none&quot;,&quot;transition&quot;:&quot;slide&quot;,&quot;transition_speed&quot;:500}\" data-widget_type=\"slides.default\">\n\t\t\t\t<div class=\"elementor-widget-container\">\n\t\t\t<style>\/*! elementor-pro - v3.23.0 - 05-08-2024 *\/\n.elementor-slides .swiper-slide-bg{background-size:cover;background-position:50%;background-repeat:no-repeat;min-width:100%;min-height:100%}.elementor-slides .swiper-slide-inner{background-repeat:no-repeat;background-position:50%;position:absolute;top:0;left:0;bottom:0;right:0;padding:50px;margin:auto}.elementor-slides .swiper-slide-inner,.elementor-slides .swiper-slide-inner:hover{color:#fff;display:flex}.elementor-slides .swiper-slide-inner .elementor-background-overlay{position:absolute;z-index:0;top:0;bottom:0;left:0;right:0}.elementor-slides .swiper-slide-inner .elementor-slide-content{position:relative;z-index:1;width:100%}.elementor-slides .swiper-slide-inner .elementor-slide-heading{font-size:35px;font-weight:700;line-height:1}.elementor-slides .swiper-slide-inner .elementor-slide-description{font-size:17px;line-height:1.4}.elementor-slides .swiper-slide-inner .elementor-slide-description:not(:last-child),.elementor-slides .swiper-slide-inner .elementor-slide-heading:not(:last-child){margin-bottom:30px}.elementor-slides .swiper-slide-inner .elementor-slide-button{border:2px solid #fff;color:#fff;background:transparent;display:inline-block}.elementor-slides .swiper-slide-inner .elementor-slide-button,.elementor-slides .swiper-slide-inner .elementor-slide-button:hover{background:transparent;color:inherit;text-decoration:none}.elementor--v-position-top .swiper-slide-inner{align-items:flex-start}.elementor--v-position-bottom .swiper-slide-inner{align-items:flex-end}.elementor--v-position-middle .swiper-slide-inner{align-items:center}.elementor--h-position-left .swiper-slide-inner{justify-content:flex-start}.elementor--h-position-right .swiper-slide-inner{justify-content:flex-end}.elementor--h-position-center .swiper-slide-inner{justify-content:center}body.rtl .elementor-widget-slides .elementor-swiper-button-next{left:10px;right:auto}body.rtl .elementor-widget-slides .elementor-swiper-button-prev{right:10px;left:auto}.elementor-slides-wrapper div:not(.swiper-slide)>.swiper-slide-inner{display:none}@media (max-width:767px){.elementor-slides .swiper-slide-inner{padding:30px}.elementor-slides .swiper-slide-inner .elementor-slide-heading{font-size:23px;line-height:1;margin-bottom:15px}.elementor-slides .swiper-slide-inner .elementor-slide-description{font-size:13px;line-height:1.4;margin-bottom:15px}}<\/style>\t\t<div class=\"elementor-swiper\">\n\t\t\t<div class=\"elementor-slides-wrapper elementor-main-swiper swiper\" dir=\"ltr\" data-animation=\"fadeInUp\">\n\t\t\t\t<div class=\"swiper-wrapper elementor-slides\">\n\t\t\t\t\t\t\t\t\t\t<div class=\"elementor-repeater-item-53b396a swiper-slide\"><div class=\"swiper-slide-bg\" role=\"img\"><\/div><div class=\"swiper-slide-inner\" ><div class=\"swiper-slide-contents\"><\/div><\/div><\/div>\t\t\t\t<\/div>\n\t\t\t\t\t\t\t<\/div>\n\t\t<\/div>\n\t\t\t\t<\/div>\n\t\t\t\t<\/div>\n\t\t\t\t<div class=\"elementor-element elementor-element-feb9a5d elementor-widget elementor-widget-slidercontext\" data-id=\"feb9a5d\" data-element_type=\"widget\" data-widget_type=\"slidercontext.default\">\n\t\t\t\t<div class=\"elementor-widget-container\">\n\t\t\t        <div class=\"degussa-product-slider-outer-container nopadding\">\n            <div class=\"degussa-slider-context\">\n                <div class=\"slider-title\">Un r\u00e9seau mondial <\/div>\n                <div class=\"slider-actions\">\n                    <a class=\"context-link\" href=\"https:\/\/www.degussa-goldhandel.ch\/fr\/filiales\"><span>Contact<\/span>\n                        <\/a><a class=\"context-link\" href=\"https:\/\/www.degussa-goldhandel.ch\/fr\/confiance\/affiliations\"><span>Affiliations<\/span>\n                        <\/a><a class=\"context-link\" href=\"https:\/\/www.degussa-goldhandel.ch\/fr\/confiance\/partenariat\"><span>Partenariat<\/span>\n                        <\/a>\n                <\/div>\n            <\/div>\n        <\/div>\n        \t\t<\/div>\n\t\t\t\t<\/div>\n\t\t\t\t\t<\/div>\n\t\t<\/div>\n\t\t\t\t\t<\/div>\n\t\t<\/section>\n\t\t\t\t\t<\/div>\n\t\t<\/div>\n\t\t\t\t\t<\/div>\n\t\t<\/section>\n\t\t\t\t<\/div>\n\t\t<\/div>        \t\t<\/div>\n\t\t\t\t<\/div>\n\t\t\t\t\t<\/div>\n\t\t<\/div>\n\t\t\t\t\t<\/div>\n\t\t<\/section>\n\t\t\t\t<\/div>\n\t\t","protected":false},"excerpt":{"rendered":"<p>Les meilleures adresses pour l\u2019or et l\u2019argent en suisse. S\u00c9CURIT\u00c9. SIMPLICIT\u00c9. DISCR\u00c9TION. L\u2019achat d\u2019or et d\u2019argent est une affaire de confiance. Dans nos boutiques, nous vous renseignons en toute s\u00e9r\u00e9nit\u00e9 sur les lingots Degussa et nous vous proposons une s\u00e9lection des plus c\u00e9l\u00e8bres pi\u00e8ces d\u2019investissement. Vous pouvez r\u00e9gler vos achats au comptant ou par carte [&hellip;]<\/p>\n","protected":false},"author":1,"featured_media":0,"parent":0,"menu_order":7,"comment_status":"closed","ping_status":"closed","template":"elementor_header_footer","meta":{"_acf_changed":false,"inline_featured_image":false,"footnotes":""},"class_list":["post-5081","page","type-page","status-publish","hentry"],"acf":[],"_links":{"self":[{"href":"https:\/\/www.degussa-goldhandel.ch\/fr\/wp-json\/wp\/v2\/pages\/5081"}],"collection":[{"href":"https:\/\/www.degussa-goldhandel.ch\/fr\/wp-json\/wp\/v2\/pages"}],"about":[{"href":"https:\/\/www.degussa-goldhandel.ch\/fr\/wp-json\/wp\/v2\/types\/page"}],"author":[{"embeddable":true,"href":"https:\/\/www.degussa-goldhandel.ch\/fr\/wp-json\/wp\/v2\/users\/1"}],"replies":[{"embeddable":true,"href":"https:\/\/www.degussa-goldhandel.ch\/fr\/wp-json\/wp\/v2\/comments?post=5081"}],"version-history":[{"count":5,"href":"https:\/\/www.degussa-goldhandel.ch\/fr\/wp-json\/wp\/v2\/pages\/5081\/revisions"}],"predecessor-version":[{"id":10779,"href":"https:\/\/www.degussa-goldhandel.ch\/fr\/wp-json\/wp\/v2\/pages\/5081\/revisions\/10779"}],"wp:attachment":[{"href":"https:\/\/www.degussa-goldhandel.ch\/fr\/wp-json\/wp\/v2\/media?parent=5081"}],"curies":[{"name":"wp","href":"https:\/\/api.w.org\/{rel}","templated":true}]}}