{"id":5238,"date":"2022-07-26T14:13:51","date_gmt":"2022-07-26T12:13:51","guid":{"rendered":"https:\/\/degussa-staging.detail-digital.ch\/?page_id=5238"},"modified":"2022-11-10T13:48:48","modified_gmt":"2022-11-10T12:48:48","slug":"geneve","status":"publish","type":"page","link":"https:\/\/www.degussa-goldhandel.ch\/fr\/filiales\/suisse\/geneve","title":{"rendered":"Gen\u00e8ve"},"content":{"rendered":"\t\t<div data-elementor-type=\"wp-page\" data-elementor-id=\"5238\" class=\"elementor elementor-5238 elementor-3644\" data-elementor-post-type=\"page\">\n\t\t\t\t\t\t<section class=\"elementor-section elementor-top-section elementor-element elementor-element-8becc43 elementor-section-boxed elementor-section-height-default elementor-section-height-default\" data-id=\"8becc43\" data-element_type=\"section\">\n\t\t\t\t\t\t<div class=\"elementor-container elementor-column-gap-default\">\n\t\t\t\t\t<div class=\"elementor-column elementor-col-100 elementor-top-column elementor-element elementor-element-c311905\" data-id=\"c311905\" data-element_type=\"column\">\n\t\t\t<div class=\"elementor-widget-wrap elementor-element-populated\">\n\t\t\t\t\t\t<div class=\"elementor-element elementor-element-4b63e40 elementor-widget elementor-widget-subnav\" data-id=\"4b63e40\" data-element_type=\"widget\" data-widget_type=\"subnav.default\">\n\t\t\t\t<div class=\"elementor-widget-container\">\n\t\t\t        <div class=\"degussa-subnav-container subnav gold\">\n            \n        <\/div>\n        <div class=\"degussa-subnav-container empty\"><\/div>\n        \t\t<\/div>\n\t\t\t\t<\/div>\n\t\t\t\t\t<\/div>\n\t\t<\/div>\n\t\t\t\t\t<\/div>\n\t\t<\/section>\n\t\t\t\t<section class=\"elementor-section elementor-top-section elementor-element elementor-element-296769a elementor-section-boxed elementor-section-height-default elementor-section-height-default\" data-id=\"296769a\" data-element_type=\"section\">\n\t\t\t\t\t\t<div class=\"elementor-container elementor-column-gap-default\">\n\t\t\t\t\t<div class=\"elementor-column elementor-col-100 elementor-top-column elementor-element elementor-element-c78f7ab\" data-id=\"c78f7ab\" data-element_type=\"column\">\n\t\t\t<div class=\"elementor-widget-wrap elementor-element-populated\">\n\t\t\t\t\t\t<div class=\"elementor-element elementor-element-214eb39 elementor-widget elementor-widget-heading\" data-id=\"214eb39\" data-element_type=\"widget\" data-widget_type=\"heading.default\">\n\t\t\t\t<div class=\"elementor-widget-container\">\n\t\t\t<style>\/*! elementor - v3.23.0 - 05-08-2024 *\/\n.elementor-heading-title{padding:0;margin:0;line-height:1}.elementor-widget-heading .elementor-heading-title[class*=elementor-size-]>a{color:inherit;font-size:inherit;line-height:inherit}.elementor-widget-heading .elementor-heading-title.elementor-size-small{font-size:15px}.elementor-widget-heading .elementor-heading-title.elementor-size-medium{font-size:19px}.elementor-widget-heading .elementor-heading-title.elementor-size-large{font-size:29px}.elementor-widget-heading .elementor-heading-title.elementor-size-xl{font-size:39px}.elementor-widget-heading .elementor-heading-title.elementor-size-xxl{font-size:59px}<\/style><h1 class=\"elementor-heading-title elementor-size-default\">NOTRE BOUTIQUE DE GEN\u00c8VE EST OUVERTE!<\/h1>\t\t<\/div>\n\t\t\t\t<\/div>\n\t\t\t\t\t<\/div>\n\t\t<\/div>\n\t\t\t\t\t<\/div>\n\t\t<\/section>\n\t\t\t\t<section class=\"elementor-section elementor-top-section elementor-element elementor-element-43b4d9a elementor-section-boxed elementor-section-height-default elementor-section-height-default\" data-id=\"43b4d9a\" data-element_type=\"section\">\n\t\t\t\t\t\t<div class=\"elementor-container elementor-column-gap-default\">\n\t\t\t\t\t<div class=\"elementor-column elementor-col-100 elementor-top-column elementor-element elementor-element-41fa3d6\" data-id=\"41fa3d6\" data-element_type=\"column\">\n\t\t\t<div class=\"elementor-widget-wrap elementor-element-populated\">\n\t\t\t\t\t\t<div class=\"elementor-element elementor-element-3f0a607 elementor-widget elementor-widget-contentstack\" data-id=\"3f0a607\" data-element_type=\"widget\" data-widget_type=\"contentstack.default\">\n\t\t\t\t<div class=\"elementor-widget-container\">\n\t\t\t<div class=\"content-stack\"><style>.elementor-2028 .elementor-element.elementor-element-cc9dacc .eael-google-map{max-width:1140px;height:590px;}.elementor-2028 .elementor-element.elementor-element-2ce2692{text-align:left;}.elementor-2028 .elementor-element.elementor-element-2ce2692 img{width:100%;}<\/style>\t\t<div data-elementor-type=\"section\" data-elementor-id=\"5240\" class=\"elementor elementor-5240 elementor-3451\" data-elementor-post-type=\"elementor_library\">\n\t\t\t\t\t<section class=\"elementor-section elementor-top-section elementor-element elementor-element-718d13d elementor-section-boxed elementor-section-height-default elementor-section-height-default\" data-id=\"718d13d\" data-element_type=\"section\">\n\t\t\t\t\t\t<div class=\"elementor-container elementor-column-gap-default\">\n\t\t\t\t\t<div class=\"elementor-column elementor-col-66 elementor-top-column elementor-element elementor-element-cf50545\" data-id=\"cf50545\" data-element_type=\"column\">\n\t\t\t<div class=\"elementor-widget-wrap elementor-element-populated\">\n\t\t\t\t\t\t<div class=\"elementor-element elementor-element-84ccd2b elementor-widget elementor-widget-text-editor\" data-id=\"84ccd2b\" data-element_type=\"widget\" data-widget_type=\"text-editor.default\">\n\t\t\t\t<div class=\"elementor-widget-container\">\n\t\t\t<style>\/*! elementor - v3.23.0 - 05-08-2024 *\/\n.elementor-widget-text-editor.elementor-drop-cap-view-stacked .elementor-drop-cap{background-color:#69727d;color:#fff}.elementor-widget-text-editor.elementor-drop-cap-view-framed .elementor-drop-cap{color:#69727d;border:3px solid;background-color:transparent}.elementor-widget-text-editor:not(.elementor-drop-cap-view-default) .elementor-drop-cap{margin-top:8px}.elementor-widget-text-editor:not(.elementor-drop-cap-view-default) .elementor-drop-cap-letter{width:1em;height:1em}.elementor-widget-text-editor .elementor-drop-cap{float:left;text-align:center;line-height:1;font-size:50px}.elementor-widget-text-editor .elementor-drop-cap-letter{display:inline-block}<\/style>\t\t\t\t<p>Nous sommes heureux de vous accueillir dans notre boutique situ\u00e9e au c\u0153ur de Gen\u00e8ve o\u00f9 nous vous proposons la totalit\u00e9 de notre offre. Vous \u00eates libre de choisir dans notre vaste assortiment les produits les mieux adapt\u00e9s \u00e0 vos objectifs d\u2019investissement !<\/p>\t\t\t\t\t\t<\/div>\n\t\t\t\t<\/div>\n\t\t\t\t<div class=\"elementor-element elementor-element-dee86d1 elementor-widget elementor-widget-heading\" data-id=\"dee86d1\" data-element_type=\"widget\" data-widget_type=\"heading.default\">\n\t\t\t\t<div class=\"elementor-widget-container\">\n\t\t\t<h2 class=\"elementor-heading-title elementor-size-default\">NOTRE BOUTIQUE DE GEN\u00c8VE EST OUVERTE !<\/h2>\t\t<\/div>\n\t\t\t\t<\/div>\n\t\t\t\t<div class=\"elementor-element elementor-element-e1b0370 elementor-widget elementor-widget-text-editor\" data-id=\"e1b0370\" data-element_type=\"widget\" data-widget_type=\"text-editor.default\">\n\t\t\t\t<div class=\"elementor-widget-container\">\n\t\t\t\t\t\t\t<ul><li>Lundi \u2013 vendredi<br \/>de 9 h 00 \u00e0 17 h 00, sans interruption<\/li><\/ul>\t\t\t\t\t\t<\/div>\n\t\t\t\t<\/div>\n\t\t\t\t<div class=\"elementor-element elementor-element-e595024 elementor-widget elementor-widget-heading\" data-id=\"e595024\" data-element_type=\"widget\" data-widget_type=\"heading.default\">\n\t\t\t\t<div class=\"elementor-widget-container\">\n\t\t\t<h2 class=\"elementor-heading-title elementor-size-default\">NOTRE ADRESSE<\/h2>\t\t<\/div>\n\t\t\t\t<\/div>\n\t\t\t\t<div class=\"elementor-element elementor-element-6904590 elementor-widget elementor-widget-text-editor\" data-id=\"6904590\" data-element_type=\"widget\" data-widget_type=\"text-editor.default\">\n\t\t\t\t<div class=\"elementor-widget-container\">\n\t\t\t\t\t\t\t<p>Degussa Goldhandel AG<br \/><span style=\"background-color: var( --e-global-color-accent ); color: var( --e-global-color-text ); font-family: var( --e-global-typography-text-font-family ), Sans-serif; font-size: var( --e-global-typography-text-font-size ); font-weight: var( --e-global-typography-text-font-weight );\">Quai du Mont-Blanc 5<br \/><\/span><span style=\"background-color: var( --e-global-color-accent ); color: var( --e-global-color-text ); font-family: var( --e-global-typography-text-font-family ), Sans-serif; font-size: var( --e-global-typography-text-font-size ); font-weight: var( --e-global-typography-text-font-weight );\">1201 Gen\u00e8ve<\/span><\/p><ul><li>+41 (0)22 908 14 00<\/li><li>+41 (0)22 908 14 05<\/li><li><a href=\"mailto:geneve@degussa-goldhandel.ch\">geneve@degussa-goldhandel.ch<\/a><\/li><\/ul>\t\t\t\t\t\t<\/div>\n\t\t\t\t<\/div>\n\t\t\t\t<div class=\"elementor-element elementor-element-cc9dacc elementor-widget elementor-widget-eael-google-map\" data-id=\"cc9dacc\" data-element_type=\"widget\" data-widget_type=\"eael-google-map.default\">\n\t\t\t\t<div class=\"elementor-widget-container\">\n\t\t\t\n\t\t\t\t\t<div class=\"eael-google-map eael-google-map-basic\" id=\"eael-google-map-cc9dacc\" data-id=\"cc9dacc\" data-map-center-lat=\"\" data-map-center-lng=\"\" data-map_type=\"basic\" data-map_address_type=\"address\" data-map_lat=\"28.948790\" data-map_lng=\"-81.298843\" data-map_addr=\"Degussa Goldhandel AG Quai du Mont-Blanc 5 1201 Gen\u00e8ve\" data-map_basic_marker_title=\"Degussa Goldhandel GmbH\" data-map_basic_marker_content=\"Degussa Goldhandel AG&lt;br&gt;\nQuai du Mont-Blanc 5&lt;br&gt;\n1201 Gen\u00e8ve&lt;br&gt;&lt;br&gt;\n\n+41 (0)22 908 14 00&lt;br&gt;\n+41 (0)22 908 14 05&lt;br&gt;\ngeneve@degussa-goldhandel.ch&lt;br&gt;&lt;br&gt;\n\nLundi \u2013 vendredi&lt;br&gt;\nde 9 h 00 \u00e0 17 h 00, sans interruption&lt;br&gt;&lt;br&gt;\n\nUnser Online-Shop ist rund um die Uhr f\u00fcr Sie ge\u00f6ffnet\" data-map_basic_marker_icon_enable=\"yes\" data-map_basic_marker_icon=\"https:\/\/www.degussa-goldhandel.ch\/wp-content\/uploads\/2022\/05\/MapMarker-1.png\" data-map_basic_marker_icon_width=\"220\" data-map_basic_marker_icon_height=\"60\" data-map_zoom=\"18\" data-map_markers=\"%5B%7B%22eael_google_map_marker_title%22%3A%22Map+Marker+1%22%2C%22_id%22%3A%22353e9b0%22%2C%22eael_google_map_marker_lat%22%3A%2228.948790%22%2C%22eael_google_map_marker_lng%22%3A%22-81.298843%22%2C%22eael_google_map_marker_content%22%3A%22Marker+Content.+You+can+put+html+here.%22%2C%22eael_google_map_marker_icon_color%22%3A%22%23e23a47%22%2C%22eael_google_map_marker_icon_enable%22%3A%22no%22%2C%22eael_google_map_marker_icon%22%3A%7B%22url%22%3A%22%22%2C%22id%22%3A%22%22%2C%22size%22%3A%22%22%7D%2C%22eael_google_map_marker_icon_width%22%3A%2232%22%2C%22eael_google_map_marker_icon_height%22%3A%2232%22%7D%5D\" data-map_static_width=\"610\" data-map_static_height=\"300\" data-map_polylines=\"null\" data-map_stroke_color=\"#e23a47\" data-map_stroke_opacity=\"0.8\" data-map_stroke_weight=\"4\" data-map_stroke_fill_color=\"#e23a47\" data-map_stroke_fill_opacity=\"0.4\" data-map_theme=\"%22%5B%5Cn++%7B%5Cn++++%5C%22stylers%5C%22%3A+%5B%5Cn++++++%7B%5Cn++++++++%5C%22color%5C%22%3A+%5C%22%23423628%5C%22%5Cn++++++%7D%2C%5Cn++++++%7B%5Cn++++++++%5C%22visibility%5C%22%3A+%5C%22simplified%5C%22%5Cn++++++%7D%5Cn++++%5D%5Cn++%7D%2C%5Cn++%7B%5Cn++++%5C%22featureType%5C%22%3A+%5C%22administrative%5C%22%2C%5Cn++++%5C%22stylers%5C%22%3A+%5B%5Cn++++++%7B%5Cn++++++++%5C%22color%5C%22%3A+%5C%22%23be9f56%5C%22%5Cn++++++%7D%5Cn++++%5D%5Cn++%7D%2C%5Cn++%7B%5Cn++++%5C%22featureType%5C%22%3A+%5C%22administrative%5C%22%2C%5Cn++++%5C%22elementType%5C%22%3A+%5C%22geometry%5C%22%2C%5Cn++++%5C%22stylers%5C%22%3A+%5B%5Cn++++++%7B%5Cn++++++++%5C%22visibility%5C%22%3A+%5C%22off%5C%22%5Cn++++++%7D%5Cn++++%5D%5Cn++%7D%2C%5Cn++%7B%5Cn++++%5C%22featureType%5C%22%3A+%5C%22administrative%5C%22%2C%5Cn++++%5C%22elementType%5C%22%3A+%5C%22labels.text%5C%22%2C%5Cn++++%5C%22stylers%5C%22%3A+%5B%5Cn++++++%7B%5Cn++++++++%5C%22color%5C%22%3A+%5C%22%23ffffff%5C%22%5Cn++++++%7D%5Cn++++%5D%5Cn++%7D%2C%5Cn++%7B%5Cn++++%5C%22featureType%5C%22%3A+%5C%22administrative.locality%5C%22%2C%5Cn++++%5C%22elementType%5C%22%3A+%5C%22labels.text%5C%22%2C%5Cn++++%5C%22stylers%5C%22%3A+%5B%5Cn++++++%7B%5Cn++++++++%5C%22color%5C%22%3A+%5C%22%23ffffff%5C%22%5Cn++++++%7D%5Cn++++%5D%5Cn++%7D%2C%5Cn++%7B%5Cn++++%5C%22featureType%5C%22%3A+%5C%22landscape%5C%22%2C%5Cn++++%5C%22elementType%5C%22%3A+%5C%22geometry.fill%5C%22%2C%5Cn++++%5C%22stylers%5C%22%3A+%5B%5Cn++++++%7B%5Cn++++++++%5C%22weight%5C%22%3A+1%5Cn++++++%7D%5Cn++++%5D%5Cn++%7D%2C%5Cn++%7B%5Cn++++%5C%22featureType%5C%22%3A+%5C%22landscape.man_made%5C%22%2C%5Cn++++%5C%22elementType%5C%22%3A+%5C%22geometry.fill%5C%22%2C%5Cn++++%5C%22stylers%5C%22%3A+%5B%5Cn++++++%7B%5Cn++++++++%5C%22visibility%5C%22%3A+%5C%22off%5C%22%5Cn++++++%7D%5Cn++++%5D%5Cn++%7D%2C%5Cn++%7B%5Cn++++%5C%22featureType%5C%22%3A+%5C%22landscape.man_made%5C%22%2C%5Cn++++%5C%22elementType%5C%22%3A+%5C%22geometry.stroke%5C%22%2C%5Cn++++%5C%22stylers%5C%22%3A+%5B%5Cn++++++%7B%5Cn++++++++%5C%22color%5C%22%3A+%5C%22%23be9f56%5C%22%5Cn++++++%7D%2C%5Cn++++++%7B%5Cn++++++++%5C%22visibility%5C%22%3A+%5C%22on%5C%22%5Cn++++++%7D%5Cn++++%5D%5Cn++%7D%2C%5Cn++%7B%5Cn++++%5C%22featureType%5C%22%3A+%5C%22poi%5C%22%2C%5Cn++++%5C%22stylers%5C%22%3A+%5B%5Cn++++++%7B%5Cn++++++++%5C%22visibility%5C%22%3A+%5C%22off%5C%22%5Cn++++++%7D%5Cn++++%5D%5Cn++%7D%2C%5Cn++%7B%5Cn++++%5C%22featureType%5C%22%3A+%5C%22poi%5C%22%2C%5Cn++++%5C%22elementType%5C%22%3A+%5C%22labels.text%5C%22%2C%5Cn++++%5C%22stylers%5C%22%3A+%5B%5Cn++++++%7B%5Cn++++++++%5C%22visibility%5C%22%3A+%5C%22off%5C%22%5Cn++++++%7D%5Cn++++%5D%5Cn++%7D%2C%5Cn++%7B%5Cn++++%5C%22featureType%5C%22%3A+%5C%22road%5C%22%2C%5Cn++++%5C%22elementType%5C%22%3A+%5C%22geometry.fill%5C%22%2C%5Cn++++%5C%22stylers%5C%22%3A+%5B%5Cn++++++%7B%5Cn++++++++%5C%22color%5C%22%3A+%5C%22%23be9f56%5C%22%5Cn++++++%7D%5Cn++++%5D%5Cn++%7D%2C%5Cn++%7B%5Cn++++%5C%22featureType%5C%22%3A+%5C%22road%5C%22%2C%5Cn++++%5C%22elementType%5C%22%3A+%5C%22labels.icon%5C%22%2C%5Cn++++%5C%22stylers%5C%22%3A+%5B%5Cn++++++%7B%5Cn++++++++%5C%22visibility%5C%22%3A+%5C%22off%5C%22%5Cn++++++%7D%5Cn++++%5D%5Cn++%7D%2C%5Cn++%7B%5Cn++++%5C%22featureType%5C%22%3A+%5C%22road%5C%22%2C%5Cn++++%5C%22elementType%5C%22%3A+%5C%22labels.text%5C%22%2C%5Cn++++%5C%22stylers%5C%22%3A+%5B%5Cn++++++%7B%5Cn++++++++%5C%22color%5C%22%3A+%5C%22%23ffffff%5C%22%5Cn++++++%7D%5Cn++++%5D%5Cn++%7D%2C%5Cn++%7B%5Cn++++%5C%22featureType%5C%22%3A+%5C%22transit%5C%22%2C%5Cn++++%5C%22stylers%5C%22%3A+%5B%5Cn++++++%7B%5Cn++++++++%5C%22visibility%5C%22%3A+%5C%22simplified%5C%22%5Cn++++++%7D%5Cn++++%5D%5Cn++%7D%2C%5Cn++%7B%5Cn++++%5C%22featureType%5C%22%3A+%5C%22transit%5C%22%2C%5Cn++++%5C%22elementType%5C%22%3A+%5C%22labels%5C%22%2C%5Cn++++%5C%22stylers%5C%22%3A+%5B%5Cn++++++%7B%5Cn++++++++%5C%22visibility%5C%22%3A+%5C%22off%5C%22%5Cn++++++%7D%5Cn++++%5D%5Cn++%7D%2C%5Cn++%7B%5Cn++++%5C%22featureType%5C%22%3A+%5C%22water%5C%22%2C%5Cn++++%5C%22elementType%5C%22%3A+%5C%22labels.text%5C%22%2C%5Cn++++%5C%22stylers%5C%22%3A+%5B%5Cn++++++%7B%5Cn++++++++%5C%22visibility%5C%22%3A+%5C%22off%5C%22%5Cn++++++%7D%5Cn++++%5D%5Cn++%7D%5Cn%5D%22\" data-map_streeview_control=\"false\" data-map_type_control=\"false\" data-map_zoom_control=\"false\" data-map_fullscreen_control=\"false\" data-map_scroll_zoom=\"true\"><\/div>\n\t\t\t\t<div class=\"google-map-notice\"><\/div>\n\t\t<\/div>\n\t\t\t\t<\/div>\n\t\t\t\t\t<\/div>\n\t\t<\/div>\n\t\t\t\t<div class=\"elementor-column elementor-col-33 elementor-top-column elementor-element elementor-element-9d643e4\" data-id=\"9d643e4\" data-element_type=\"column\">\n\t\t\t<div class=\"elementor-widget-wrap elementor-element-populated\">\n\t\t\t\t\t\t<div class=\"elementor-element elementor-element-2ce2692 elementor-widget elementor-widget-image\" data-id=\"2ce2692\" data-element_type=\"widget\" data-widget_type=\"image.default\">\n\t\t\t\t<div class=\"elementor-widget-container\">\n\t\t\t<style>\/*! elementor - v3.23.0 - 05-08-2024 *\/\n.elementor-widget-image{text-align:center}.elementor-widget-image a{display:inline-block}.elementor-widget-image a img[src$=\".svg\"]{width:48px}.elementor-widget-image img{vertical-align:middle;display:inline-block}<\/style>\t\t\t\t\t\t\t<figure class=\"wp-caption\">\n\t\t\t\t\t\t\t\t\t\t<img fetchpriority=\"high\" decoding=\"async\" width=\"300\" height=\"515\" src=\"https:\/\/www.degussa-goldhandel.ch\/wp-content\/uploads\/2022\/05\/degussa-goldhandel-genf.jpg\" class=\"attachment-large size-large wp-image-2034\" alt=\"Degussa Filiale Genf Aussen\" srcset=\"https:\/\/www.degussa-goldhandel.ch\/wp-content\/uploads\/2022\/05\/degussa-goldhandel-genf.jpg 300w, https:\/\/www.degussa-goldhandel.ch\/wp-content\/uploads\/2022\/05\/degussa-goldhandel-genf-175x300.jpg 175w\" sizes=\"(max-width: 300px) 100vw, 300px\" \/>\t\t\t\t\t\t\t\t\t\t\t<figcaption class=\"widget-image-caption wp-caption-text\">Bienvenue dans notre succursale de Gen\u00e8ve<\/figcaption>\n\t\t\t\t\t\t\t\t\t\t<\/figure>\n\t\t\t\t\t\t\t<\/div>\n\t\t\t\t<\/div>\n\t\t\t\t\t<\/div>\n\t\t<\/div>\n\t\t\t\t\t<\/div>\n\t\t<\/section>\n\t\t\t\t<\/div>\n\t\t<\/div><div class=\"content-stack\"><style>.elementor-1293 .elementor-element.elementor-element-8423b5a > .elementor-widget-wrap > .elementor-widget:not(.elementor-widget__width-auto):not(.elementor-widget__width-initial):not(:last-child):not(.elementor-absolute){margin-bottom:0px;}.elementor-1293 .elementor-element.elementor-element-acacb19 .elementor-repeater-item-53b396a .swiper-slide-bg{background-color:var( --e-global-color-secondary );background-image:url(https:\/\/www.degussa-goldhandel.ch\/wp-content\/uploads\/2022\/05\/globe-2023-10-18.webp);background-size:cover;}.elementor-1293 .elementor-element.elementor-element-acacb19 .swiper-slide{height:401px;}.elementor-1293 .elementor-element.elementor-element-acacb19 .swiper-slide-contents{max-width:66%;}.elementor-1293 .elementor-element.elementor-element-acacb19 .swiper-slide-inner{text-align:center;}.elementor-1293 .elementor-element.elementor-element-acacb19 > .elementor-widget-container{margin:0px 0px 0px 0px;}<\/style>\t\t<div data-elementor-type=\"section\" data-elementor-id=\"6115\" class=\"elementor elementor-6115 elementor-1293\" data-elementor-post-type=\"elementor_library\">\n\t\t\t\t\t<section class=\"elementor-section elementor-top-section elementor-element elementor-element-89902c9 incomplete elementor-section-boxed elementor-section-height-default elementor-section-height-default\" data-id=\"89902c9\" data-element_type=\"section\">\n\t\t\t\t\t\t<div class=\"elementor-container elementor-column-gap-default\">\n\t\t\t\t\t<div class=\"elementor-column elementor-col-100 elementor-top-column elementor-element elementor-element-a544d0b\" data-id=\"a544d0b\" data-element_type=\"column\">\n\t\t\t<div class=\"elementor-widget-wrap elementor-element-populated\">\n\t\t\t\t\t\t<section class=\"elementor-section elementor-inner-section elementor-element elementor-element-8b184ea elementor-section-boxed elementor-section-height-default elementor-section-height-default\" data-id=\"8b184ea\" data-element_type=\"section\">\n\t\t\t\t\t\t<div class=\"elementor-container elementor-column-gap-no\">\n\t\t\t\t\t<div class=\"elementor-column elementor-col-100 elementor-inner-column elementor-element elementor-element-8423b5a\" data-id=\"8423b5a\" data-element_type=\"column\">\n\t\t\t<div class=\"elementor-widget-wrap elementor-element-populated\">\n\t\t\t\t\t\t<div class=\"elementor-element elementor-element-acacb19 elementor--h-position-center elementor--v-position-middle elementor-widget elementor-widget-slides\" data-id=\"acacb19\" data-element_type=\"widget\" data-settings=\"{&quot;navigation&quot;:&quot;none&quot;,&quot;transition&quot;:&quot;slide&quot;,&quot;transition_speed&quot;:500}\" data-widget_type=\"slides.default\">\n\t\t\t\t<div class=\"elementor-widget-container\">\n\t\t\t<style>\/*! elementor-pro - v3.23.0 - 05-08-2024 *\/\n.elementor-slides .swiper-slide-bg{background-size:cover;background-position:50%;background-repeat:no-repeat;min-width:100%;min-height:100%}.elementor-slides .swiper-slide-inner{background-repeat:no-repeat;background-position:50%;position:absolute;top:0;left:0;bottom:0;right:0;padding:50px;margin:auto}.elementor-slides .swiper-slide-inner,.elementor-slides .swiper-slide-inner:hover{color:#fff;display:flex}.elementor-slides .swiper-slide-inner .elementor-background-overlay{position:absolute;z-index:0;top:0;bottom:0;left:0;right:0}.elementor-slides .swiper-slide-inner .elementor-slide-content{position:relative;z-index:1;width:100%}.elementor-slides .swiper-slide-inner .elementor-slide-heading{font-size:35px;font-weight:700;line-height:1}.elementor-slides .swiper-slide-inner .elementor-slide-description{font-size:17px;line-height:1.4}.elementor-slides .swiper-slide-inner .elementor-slide-description:not(:last-child),.elementor-slides .swiper-slide-inner .elementor-slide-heading:not(:last-child){margin-bottom:30px}.elementor-slides .swiper-slide-inner .elementor-slide-button{border:2px solid #fff;color:#fff;background:transparent;display:inline-block}.elementor-slides .swiper-slide-inner .elementor-slide-button,.elementor-slides .swiper-slide-inner .elementor-slide-button:hover{background:transparent;color:inherit;text-decoration:none}.elementor--v-position-top .swiper-slide-inner{align-items:flex-start}.elementor--v-position-bottom .swiper-slide-inner{align-items:flex-end}.elementor--v-position-middle .swiper-slide-inner{align-items:center}.elementor--h-position-left .swiper-slide-inner{justify-content:flex-start}.elementor--h-position-right .swiper-slide-inner{justify-content:flex-end}.elementor--h-position-center .swiper-slide-inner{justify-content:center}body.rtl .elementor-widget-slides .elementor-swiper-button-next{left:10px;right:auto}body.rtl .elementor-widget-slides .elementor-swiper-button-prev{right:10px;left:auto}.elementor-slides-wrapper div:not(.swiper-slide)>.swiper-slide-inner{display:none}@media (max-width:767px){.elementor-slides .swiper-slide-inner{padding:30px}.elementor-slides .swiper-slide-inner .elementor-slide-heading{font-size:23px;line-height:1;margin-bottom:15px}.elementor-slides .swiper-slide-inner .elementor-slide-description{font-size:13px;line-height:1.4;margin-bottom:15px}}<\/style>\t\t<div class=\"elementor-swiper\">\n\t\t\t<div class=\"elementor-slides-wrapper elementor-main-swiper swiper\" dir=\"ltr\" data-animation=\"fadeInUp\">\n\t\t\t\t<div class=\"swiper-wrapper elementor-slides\">\n\t\t\t\t\t\t\t\t\t\t<div class=\"elementor-repeater-item-53b396a swiper-slide\"><div class=\"swiper-slide-bg\" role=\"img\"><\/div><div class=\"swiper-slide-inner\" ><div class=\"swiper-slide-contents\"><\/div><\/div><\/div>\t\t\t\t<\/div>\n\t\t\t\t\t\t\t<\/div>\n\t\t<\/div>\n\t\t\t\t<\/div>\n\t\t\t\t<\/div>\n\t\t\t\t<div class=\"elementor-element elementor-element-feb9a5d elementor-widget elementor-widget-slidercontext\" data-id=\"feb9a5d\" data-element_type=\"widget\" data-widget_type=\"slidercontext.default\">\n\t\t\t\t<div class=\"elementor-widget-container\">\n\t\t\t        <div class=\"degussa-product-slider-outer-container nopadding\">\n            <div class=\"degussa-slider-context\">\n                <div class=\"slider-title\">Un r\u00e9seau mondial <\/div>\n                <div class=\"slider-actions\">\n                    <a class=\"context-link\" href=\"https:\/\/www.degussa-goldhandel.ch\/fr\/filiales\"><span>Contact<\/span>\n                        <\/a><a class=\"context-link\" href=\"https:\/\/www.degussa-goldhandel.ch\/fr\/confiance\/affiliations\"><span>Affiliations<\/span>\n                        <\/a><a class=\"context-link\" href=\"https:\/\/www.degussa-goldhandel.ch\/fr\/confiance\/partenariat\"><span>Partenariat<\/span>\n                        <\/a>\n                <\/div>\n            <\/div>\n        <\/div>\n        \t\t<\/div>\n\t\t\t\t<\/div>\n\t\t\t\t\t<\/div>\n\t\t<\/div>\n\t\t\t\t\t<\/div>\n\t\t<\/section>\n\t\t\t\t\t<\/div>\n\t\t<\/div>\n\t\t\t\t\t<\/div>\n\t\t<\/section>\n\t\t\t\t<\/div>\n\t\t<\/div>        \t\t<\/div>\n\t\t\t\t<\/div>\n\t\t\t\t\t<\/div>\n\t\t<\/div>\n\t\t\t\t\t<\/div>\n\t\t<\/section>\n\t\t\t\t<\/div>\n\t\t","protected":false},"excerpt":{"rendered":"<p>NOTRE BOUTIQUE DE GEN\u00c8VE EST OUVERTE! Nous sommes heureux de vous accueillir dans notre nouvelle boutique \u00e0 Gen\u00e8ve. Vous y d\u00e9couvrirez l\u00b4int\u00e9gralit\u00e9 de notre offre. Il ne vous reste plus qu\u00b4\u00e0 choisir les produits les mieux adapt\u00e9s \u00e0 vos objectifs d\u2019investissement! NOS HORAIRES D\u2019OUVERTURE Lundi \u2013 vendredide 9 h 00 \u00e0 17 h 00, sans [&hellip;]<\/p>\n","protected":false},"author":1,"featured_media":0,"parent":10752,"menu_order":1,"comment_status":"closed","ping_status":"closed","template":"elementor_header_footer","meta":{"_acf_changed":false,"inline_featured_image":false,"footnotes":""},"class_list":["post-5238","page","type-page","status-publish","hentry"],"acf":[],"_links":{"self":[{"href":"https:\/\/www.degussa-goldhandel.ch\/fr\/wp-json\/wp\/v2\/pages\/5238"}],"collection":[{"href":"https:\/\/www.degussa-goldhandel.ch\/fr\/wp-json\/wp\/v2\/pages"}],"about":[{"href":"https:\/\/www.degussa-goldhandel.ch\/fr\/wp-json\/wp\/v2\/types\/page"}],"author":[{"embeddable":true,"href":"https:\/\/www.degussa-goldhandel.ch\/fr\/wp-json\/wp\/v2\/users\/1"}],"replies":[{"embeddable":true,"href":"https:\/\/www.degussa-goldhandel.ch\/fr\/wp-json\/wp\/v2\/comments?post=5238"}],"version-history":[{"count":5,"href":"https:\/\/www.degussa-goldhandel.ch\/fr\/wp-json\/wp\/v2\/pages\/5238\/revisions"}],"predecessor-version":[{"id":9135,"href":"https:\/\/www.degussa-goldhandel.ch\/fr\/wp-json\/wp\/v2\/pages\/5238\/revisions\/9135"}],"up":[{"embeddable":true,"href":"https:\/\/www.degussa-goldhandel.ch\/fr\/wp-json\/wp\/v2\/pages\/10752"}],"wp:attachment":[{"href":"https:\/\/www.degussa-goldhandel.ch\/fr\/wp-json\/wp\/v2\/media?parent=5238"}],"curies":[{"name":"wp","href":"https:\/\/api.w.org\/{rel}","templated":true}]}}