{"id":5302,"date":"2022-07-26T14:15:42","date_gmt":"2022-07-26T12:15:42","guid":{"rendered":"https:\/\/degussa-staging.detail-digital.ch\/?page_id=5302"},"modified":"2022-11-14T13:27:44","modified_gmt":"2022-11-14T12:27:44","slug":"hanovre","status":"publish","type":"page","link":"https:\/\/www.degussa-goldhandel.ch\/fr\/filiales\/allemagne\/hanovre","title":{"rendered":"Hanovre"},"content":{"rendered":"\t\t<div data-elementor-type=\"wp-page\" data-elementor-id=\"5302\" class=\"elementor elementor-5302 elementor-3654\" data-elementor-post-type=\"page\">\n\t\t\t\t\t\t<section class=\"elementor-section elementor-top-section elementor-element elementor-element-d0cc8dc elementor-section-boxed elementor-section-height-default elementor-section-height-default\" data-id=\"d0cc8dc\" data-element_type=\"section\">\n\t\t\t\t\t\t<div class=\"elementor-container elementor-column-gap-default\">\n\t\t\t\t\t<div class=\"elementor-column elementor-col-100 elementor-top-column elementor-element elementor-element-300e563\" data-id=\"300e563\" data-element_type=\"column\">\n\t\t\t<div class=\"elementor-widget-wrap elementor-element-populated\">\n\t\t\t\t\t\t<div class=\"elementor-element elementor-element-2ddf279 elementor-widget elementor-widget-subnav\" data-id=\"2ddf279\" data-element_type=\"widget\" data-widget_type=\"subnav.default\">\n\t\t\t\t<div class=\"elementor-widget-container\">\n\t\t\t        <div class=\"degussa-subnav-container subnav gold\">\n            \n        <\/div>\n        <div class=\"degussa-subnav-container empty\"><\/div>\n        \t\t<\/div>\n\t\t\t\t<\/div>\n\t\t\t\t\t<\/div>\n\t\t<\/div>\n\t\t\t\t\t<\/div>\n\t\t<\/section>\n\t\t\t\t<section class=\"elementor-section elementor-top-section elementor-element elementor-element-b105446 elementor-section-boxed elementor-section-height-default elementor-section-height-default\" data-id=\"b105446\" data-element_type=\"section\">\n\t\t\t\t\t\t<div class=\"elementor-container elementor-column-gap-default\">\n\t\t\t\t\t<div class=\"elementor-column elementor-col-100 elementor-top-column elementor-element elementor-element-da46998\" data-id=\"da46998\" data-element_type=\"column\">\n\t\t\t<div class=\"elementor-widget-wrap elementor-element-populated\">\n\t\t\t\t\t\t<div class=\"elementor-element elementor-element-fdf5552 elementor-widget elementor-widget-heading\" data-id=\"fdf5552\" data-element_type=\"widget\" data-widget_type=\"heading.default\">\n\t\t\t\t<div class=\"elementor-widget-container\">\n\t\t\t<style>\/*! elementor - v3.23.0 - 05-08-2024 *\/\n.elementor-heading-title{padding:0;margin:0;line-height:1}.elementor-widget-heading .elementor-heading-title[class*=elementor-size-]>a{color:inherit;font-size:inherit;line-height:inherit}.elementor-widget-heading .elementor-heading-title.elementor-size-small{font-size:15px}.elementor-widget-heading .elementor-heading-title.elementor-size-medium{font-size:19px}.elementor-widget-heading .elementor-heading-title.elementor-size-large{font-size:29px}.elementor-widget-heading .elementor-heading-title.elementor-size-xl{font-size:39px}.elementor-widget-heading .elementor-heading-title.elementor-size-xxl{font-size:59px}<\/style><h1 class=\"elementor-heading-title elementor-size-default\">BIENVENUE DANS NOTRE NOUVEAU BUREAU DE HANOVRE<\/h1>\t\t<\/div>\n\t\t\t\t<\/div>\n\t\t\t\t\t<\/div>\n\t\t<\/div>\n\t\t\t\t\t<\/div>\n\t\t<\/section>\n\t\t\t\t<section class=\"elementor-section elementor-top-section elementor-element elementor-element-8bae7b6 elementor-section-boxed elementor-section-height-default elementor-section-height-default\" data-id=\"8bae7b6\" data-element_type=\"section\">\n\t\t\t\t\t\t<div class=\"elementor-container elementor-column-gap-default\">\n\t\t\t\t\t<div class=\"elementor-column elementor-col-100 elementor-top-column elementor-element elementor-element-cfe53b0\" data-id=\"cfe53b0\" data-element_type=\"column\">\n\t\t\t<div class=\"elementor-widget-wrap elementor-element-populated\">\n\t\t\t\t\t\t<div class=\"elementor-element elementor-element-0edb0c9 elementor-widget elementor-widget-contentstack\" data-id=\"0edb0c9\" data-element_type=\"widget\" data-widget_type=\"contentstack.default\">\n\t\t\t\t<div class=\"elementor-widget-container\">\n\t\t\t<div class=\"content-stack\"><style>.elementor-2282 .elementor-element.elementor-element-988dbd9 .eael-google-map{max-width:1140px;height:590px;}.elementor-2282 .elementor-element.elementor-element-184f353{text-align:left;}.elementor-2282 .elementor-element.elementor-element-184f353 img{width:100%;}<\/style>\t\t<div data-elementor-type=\"section\" data-elementor-id=\"5306\" class=\"elementor elementor-5306 elementor-3475\" data-elementor-post-type=\"elementor_library\">\n\t\t\t\t\t<section class=\"elementor-section elementor-top-section elementor-element elementor-element-1bcc71f elementor-section-boxed elementor-section-height-default elementor-section-height-default\" data-id=\"1bcc71f\" data-element_type=\"section\">\n\t\t\t\t\t\t<div class=\"elementor-container elementor-column-gap-default\">\n\t\t\t\t\t<div class=\"elementor-column elementor-col-66 elementor-top-column elementor-element elementor-element-673b519\" data-id=\"673b519\" data-element_type=\"column\">\n\t\t\t<div class=\"elementor-widget-wrap elementor-element-populated\">\n\t\t\t\t\t\t<div class=\"elementor-element elementor-element-65470f4 elementor-widget elementor-widget-text-editor\" data-id=\"65470f4\" data-element_type=\"widget\" data-widget_type=\"text-editor.default\">\n\t\t\t\t<div class=\"elementor-widget-container\">\n\t\t\t<style>\/*! elementor - v3.23.0 - 05-08-2024 *\/\n.elementor-widget-text-editor.elementor-drop-cap-view-stacked .elementor-drop-cap{background-color:#69727d;color:#fff}.elementor-widget-text-editor.elementor-drop-cap-view-framed .elementor-drop-cap{color:#69727d;border:3px solid;background-color:transparent}.elementor-widget-text-editor:not(.elementor-drop-cap-view-default) .elementor-drop-cap{margin-top:8px}.elementor-widget-text-editor:not(.elementor-drop-cap-view-default) .elementor-drop-cap-letter{width:1em;height:1em}.elementor-widget-text-editor .elementor-drop-cap{float:left;text-align:center;line-height:1;font-size:50px}.elementor-widget-text-editor .elementor-drop-cap-letter{display:inline-block}<\/style>\t\t\t\t<p>Sur plus de 300 m\u00e8tres carr\u00e9s, les locaux de Degussa \u00e0 Hanovre offrent de la place pour des conseils individuels aux clients sur les questions relatives aux placements priv\u00e9s en m\u00e9taux pr\u00e9cieux ainsi qu&rsquo;\u00e0 leur achat et \u00e0 leur vente. Nous nous r\u00e9jouissons de votre visite.<\/p>\t\t\t\t\t\t<\/div>\n\t\t\t\t<\/div>\n\t\t\t\t<div class=\"elementor-element elementor-element-44989fb elementor-widget elementor-widget-text-editor\" data-id=\"44989fb\" data-element_type=\"widget\" data-widget_type=\"text-editor.default\">\n\t\t\t\t<div class=\"elementor-widget-container\">\n\t\t\t\t\t\t\t<p><a href=\"https:\/\/www.degussa-goldhandel.ch\/pdf\/schliessfaecher\/Degussa-Goldhandel-Schliessfach-Einleger-Hannover.pdf\" target=\"_blank\" rel=\"noopener\">Liste des tarifs-coffres-forts (Document PDF)<\/a><\/p>\t\t\t\t\t\t<\/div>\n\t\t\t\t<\/div>\n\t\t\t\t<div class=\"elementor-element elementor-element-ca18cc7 elementor-widget elementor-widget-heading\" data-id=\"ca18cc7\" data-element_type=\"widget\" data-widget_type=\"heading.default\">\n\t\t\t\t<div class=\"elementor-widget-container\">\n\t\t\t<h2 class=\"elementor-heading-title elementor-size-default\">HORAIRES D\u2019OUVERTURE<\/h2>\t\t<\/div>\n\t\t\t\t<\/div>\n\t\t\t\t<div class=\"elementor-element elementor-element-3e7b002 elementor-widget elementor-widget-text-editor\" data-id=\"3e7b002\" data-element_type=\"widget\" data-widget_type=\"text-editor.default\">\n\t\t\t\t<div class=\"elementor-widget-container\">\n\t\t\t\t\t\t\t<ul><li>Du lundi au mercredi, et le vendredi de 10h \u00e0 17h<\/li><li>Le jeudi de 10h \u00e0 18h<\/li><\/ul>\t\t\t\t\t\t<\/div>\n\t\t\t\t<\/div>\n\t\t\t\t<div class=\"elementor-element elementor-element-b756123 elementor-widget elementor-widget-heading\" data-id=\"b756123\" data-element_type=\"widget\" data-widget_type=\"heading.default\">\n\t\t\t\t<div class=\"elementor-widget-container\">\n\t\t\t<h2 class=\"elementor-heading-title elementor-size-default\">NOTRE ADRESSE<\/h2>\t\t<\/div>\n\t\t\t\t<\/div>\n\t\t\t\t<div class=\"elementor-element elementor-element-7593d07 elementor-widget elementor-widget-text-editor\" data-id=\"7593d07\" data-element_type=\"widget\" data-widget_type=\"text-editor.default\">\n\t\t\t\t<div class=\"elementor-widget-container\">\n\t\t\t\t\t\t\t<p>Degussa Goldhandel GmbH<br \/>Theaterstrasse 7<br \/>30159 Hanover<\/p><ul><li><a href=\"tel:00495118973380\">+49 (0)511-897338-0<\/a><\/li><li><a href=\"mailto:hannover@degussa-goldhandel.de\">hannover@degussa-goldhandel.de<\/a><\/li><\/ul>\t\t\t\t\t\t<\/div>\n\t\t\t\t<\/div>\n\t\t\t\t<div class=\"elementor-element elementor-element-988dbd9 elementor-widget elementor-widget-eael-google-map\" data-id=\"988dbd9\" data-element_type=\"widget\" data-widget_type=\"eael-google-map.default\">\n\t\t\t\t<div class=\"elementor-widget-container\">\n\t\t\t\n\t\t\t\t\t<div class=\"eael-google-map eael-google-map-basic\" id=\"eael-google-map-988dbd9\" data-id=\"988dbd9\" data-map-center-lat=\"\" data-map-center-lng=\"\" data-map_type=\"basic\" data-map_address_type=\"address\" data-map_lat=\"28.948790\" data-map_lng=\"-81.298843\" data-map_addr=\"Degussa Goldhandel GmbH Theaterstrasse 7 30159 Hannover\" data-map_basic_marker_title=\"Degussa Goldhandel GmbH\" data-map_basic_marker_content=\"Degussa Goldhandel GmbH&lt;br&gt;\nTheaterstrasse 7&lt;br&gt;\n30159 Hannover&lt;br&gt;&lt;br&gt;\n\n0511-897338-0&lt;br&gt;\nhannover@degussa-goldhandel.de&lt;br&gt;&lt;br&gt;\n\nMontag \u2013 Mittwoch, Freitag 10.00 \u2013 17.00 Uhr&lt;br&gt;\nDonnerstag 10.00 \u2013 18.00 Uhr\n\n\" data-map_basic_marker_icon_enable=\"yes\" data-map_basic_marker_icon=\"https:\/\/www.degussa-goldhandel.ch\/wp-content\/uploads\/2022\/05\/MapMarker-1.png\" data-map_basic_marker_icon_width=\"220\" data-map_basic_marker_icon_height=\"60\" data-map_zoom=\"18\" data-map_markers=\"%5B%7B%22eael_google_map_marker_title%22%3A%22Map+Marker+1%22%2C%22_id%22%3A%22353e9b0%22%2C%22eael_google_map_marker_lat%22%3A%2228.948790%22%2C%22eael_google_map_marker_lng%22%3A%22-81.298843%22%2C%22eael_google_map_marker_content%22%3A%22Marker+Content.+You+can+put+html+here.%22%2C%22eael_google_map_marker_icon_color%22%3A%22%23e23a47%22%2C%22eael_google_map_marker_icon_enable%22%3A%22no%22%2C%22eael_google_map_marker_icon%22%3A%7B%22url%22%3A%22%22%2C%22id%22%3A%22%22%2C%22size%22%3A%22%22%7D%2C%22eael_google_map_marker_icon_width%22%3A%2232%22%2C%22eael_google_map_marker_icon_height%22%3A%2232%22%7D%5D\" data-map_static_width=\"610\" data-map_static_height=\"300\" data-map_polylines=\"null\" data-map_stroke_color=\"#e23a47\" data-map_stroke_opacity=\"0.8\" data-map_stroke_weight=\"4\" data-map_stroke_fill_color=\"#e23a47\" data-map_stroke_fill_opacity=\"0.4\" data-map_theme=\"%22%5B%5Cn++%7B%5Cn++++%5C%22stylers%5C%22%3A+%5B%5Cn++++++%7B%5Cn++++++++%5C%22color%5C%22%3A+%5C%22%23423628%5C%22%5Cn++++++%7D%2C%5Cn++++++%7B%5Cn++++++++%5C%22visibility%5C%22%3A+%5C%22simplified%5C%22%5Cn++++++%7D%5Cn++++%5D%5Cn++%7D%2C%5Cn++%7B%5Cn++++%5C%22featureType%5C%22%3A+%5C%22administrative%5C%22%2C%5Cn++++%5C%22stylers%5C%22%3A+%5B%5Cn++++++%7B%5Cn++++++++%5C%22color%5C%22%3A+%5C%22%23be9f56%5C%22%5Cn++++++%7D%5Cn++++%5D%5Cn++%7D%2C%5Cn++%7B%5Cn++++%5C%22featureType%5C%22%3A+%5C%22administrative%5C%22%2C%5Cn++++%5C%22elementType%5C%22%3A+%5C%22geometry%5C%22%2C%5Cn++++%5C%22stylers%5C%22%3A+%5B%5Cn++++++%7B%5Cn++++++++%5C%22visibility%5C%22%3A+%5C%22off%5C%22%5Cn++++++%7D%5Cn++++%5D%5Cn++%7D%2C%5Cn++%7B%5Cn++++%5C%22featureType%5C%22%3A+%5C%22administrative%5C%22%2C%5Cn++++%5C%22elementType%5C%22%3A+%5C%22labels.text%5C%22%2C%5Cn++++%5C%22stylers%5C%22%3A+%5B%5Cn++++++%7B%5Cn++++++++%5C%22color%5C%22%3A+%5C%22%23ffffff%5C%22%5Cn++++++%7D%5Cn++++%5D%5Cn++%7D%2C%5Cn++%7B%5Cn++++%5C%22featureType%5C%22%3A+%5C%22administrative.locality%5C%22%2C%5Cn++++%5C%22elementType%5C%22%3A+%5C%22labels.text%5C%22%2C%5Cn++++%5C%22stylers%5C%22%3A+%5B%5Cn++++++%7B%5Cn++++++++%5C%22color%5C%22%3A+%5C%22%23ffffff%5C%22%5Cn++++++%7D%5Cn++++%5D%5Cn++%7D%2C%5Cn++%7B%5Cn++++%5C%22featureType%5C%22%3A+%5C%22landscape%5C%22%2C%5Cn++++%5C%22elementType%5C%22%3A+%5C%22geometry.fill%5C%22%2C%5Cn++++%5C%22stylers%5C%22%3A+%5B%5Cn++++++%7B%5Cn++++++++%5C%22weight%5C%22%3A+1%5Cn++++++%7D%5Cn++++%5D%5Cn++%7D%2C%5Cn++%7B%5Cn++++%5C%22featureType%5C%22%3A+%5C%22landscape.man_made%5C%22%2C%5Cn++++%5C%22elementType%5C%22%3A+%5C%22geometry.fill%5C%22%2C%5Cn++++%5C%22stylers%5C%22%3A+%5B%5Cn++++++%7B%5Cn++++++++%5C%22visibility%5C%22%3A+%5C%22off%5C%22%5Cn++++++%7D%5Cn++++%5D%5Cn++%7D%2C%5Cn++%7B%5Cn++++%5C%22featureType%5C%22%3A+%5C%22landscape.man_made%5C%22%2C%5Cn++++%5C%22elementType%5C%22%3A+%5C%22geometry.stroke%5C%22%2C%5Cn++++%5C%22stylers%5C%22%3A+%5B%5Cn++++++%7B%5Cn++++++++%5C%22color%5C%22%3A+%5C%22%23be9f56%5C%22%5Cn++++++%7D%2C%5Cn++++++%7B%5Cn++++++++%5C%22visibility%5C%22%3A+%5C%22on%5C%22%5Cn++++++%7D%5Cn++++%5D%5Cn++%7D%2C%5Cn++%7B%5Cn++++%5C%22featureType%5C%22%3A+%5C%22poi%5C%22%2C%5Cn++++%5C%22stylers%5C%22%3A+%5B%5Cn++++++%7B%5Cn++++++++%5C%22visibility%5C%22%3A+%5C%22off%5C%22%5Cn++++++%7D%5Cn++++%5D%5Cn++%7D%2C%5Cn++%7B%5Cn++++%5C%22featureType%5C%22%3A+%5C%22poi%5C%22%2C%5Cn++++%5C%22elementType%5C%22%3A+%5C%22labels.text%5C%22%2C%5Cn++++%5C%22stylers%5C%22%3A+%5B%5Cn++++++%7B%5Cn++++++++%5C%22visibility%5C%22%3A+%5C%22off%5C%22%5Cn++++++%7D%5Cn++++%5D%5Cn++%7D%2C%5Cn++%7B%5Cn++++%5C%22featureType%5C%22%3A+%5C%22road%5C%22%2C%5Cn++++%5C%22elementType%5C%22%3A+%5C%22geometry.fill%5C%22%2C%5Cn++++%5C%22stylers%5C%22%3A+%5B%5Cn++++++%7B%5Cn++++++++%5C%22color%5C%22%3A+%5C%22%23be9f56%5C%22%5Cn++++++%7D%5Cn++++%5D%5Cn++%7D%2C%5Cn++%7B%5Cn++++%5C%22featureType%5C%22%3A+%5C%22road%5C%22%2C%5Cn++++%5C%22elementType%5C%22%3A+%5C%22labels.icon%5C%22%2C%5Cn++++%5C%22stylers%5C%22%3A+%5B%5Cn++++++%7B%5Cn++++++++%5C%22visibility%5C%22%3A+%5C%22off%5C%22%5Cn++++++%7D%5Cn++++%5D%5Cn++%7D%2C%5Cn++%7B%5Cn++++%5C%22featureType%5C%22%3A+%5C%22road%5C%22%2C%5Cn++++%5C%22elementType%5C%22%3A+%5C%22labels.text%5C%22%2C%5Cn++++%5C%22stylers%5C%22%3A+%5B%5Cn++++++%7B%5Cn++++++++%5C%22color%5C%22%3A+%5C%22%23ffffff%5C%22%5Cn++++++%7D%5Cn++++%5D%5Cn++%7D%2C%5Cn++%7B%5Cn++++%5C%22featureType%5C%22%3A+%5C%22transit%5C%22%2C%5Cn++++%5C%22stylers%5C%22%3A+%5B%5Cn++++++%7B%5Cn++++++++%5C%22visibility%5C%22%3A+%5C%22simplified%5C%22%5Cn++++++%7D%5Cn++++%5D%5Cn++%7D%2C%5Cn++%7B%5Cn++++%5C%22featureType%5C%22%3A+%5C%22transit%5C%22%2C%5Cn++++%5C%22elementType%5C%22%3A+%5C%22labels%5C%22%2C%5Cn++++%5C%22stylers%5C%22%3A+%5B%5Cn++++++%7B%5Cn++++++++%5C%22visibility%5C%22%3A+%5C%22off%5C%22%5Cn++++++%7D%5Cn++++%5D%5Cn++%7D%2C%5Cn++%7B%5Cn++++%5C%22featureType%5C%22%3A+%5C%22water%5C%22%2C%5Cn++++%5C%22elementType%5C%22%3A+%5C%22labels.text%5C%22%2C%5Cn++++%5C%22stylers%5C%22%3A+%5B%5Cn++++++%7B%5Cn++++++++%5C%22visibility%5C%22%3A+%5C%22off%5C%22%5Cn++++++%7D%5Cn++++%5D%5Cn++%7D%5Cn%5D%22\" data-map_streeview_control=\"false\" data-map_type_control=\"false\" data-map_zoom_control=\"false\" data-map_fullscreen_control=\"false\" data-map_scroll_zoom=\"true\"><\/div>\n\t\t\t\t<div class=\"google-map-notice\"><\/div>\n\t\t<\/div>\n\t\t\t\t<\/div>\n\t\t\t\t\t<\/div>\n\t\t<\/div>\n\t\t\t\t<div class=\"elementor-column elementor-col-33 elementor-top-column elementor-element elementor-element-e4a9c18\" data-id=\"e4a9c18\" data-element_type=\"column\">\n\t\t\t<div class=\"elementor-widget-wrap elementor-element-populated\">\n\t\t\t\t\t\t<div class=\"elementor-element elementor-element-184f353 elementor-widget elementor-widget-image\" data-id=\"184f353\" data-element_type=\"widget\" data-widget_type=\"image.default\">\n\t\t\t\t<div class=\"elementor-widget-container\">\n\t\t\t<style>\/*! elementor - v3.23.0 - 05-08-2024 *\/\n.elementor-widget-image{text-align:center}.elementor-widget-image a{display:inline-block}.elementor-widget-image a img[src$=\".svg\"]{width:48px}.elementor-widget-image img{vertical-align:middle;display:inline-block}<\/style>\t\t\t\t\t\t\t<figure class=\"wp-caption\">\n\t\t\t\t\t\t\t\t\t\t<img fetchpriority=\"high\" decoding=\"async\" width=\"640\" height=\"640\" src=\"https:\/\/www.degussa-goldhandel.ch\/wp-content\/uploads\/2022\/05\/Degussa-Goldhandel-Hannover-R0011344-aussen-2.jpg\" class=\"attachment-large size-large wp-image-2285\" alt=\"Degussa Filiale Hannover Aussen\" srcset=\"https:\/\/www.degussa-goldhandel.ch\/wp-content\/uploads\/2022\/05\/Degussa-Goldhandel-Hannover-R0011344-aussen-2.jpg 640w, https:\/\/www.degussa-goldhandel.ch\/wp-content\/uploads\/2022\/05\/Degussa-Goldhandel-Hannover-R0011344-aussen-2-300x300.jpg 300w, https:\/\/www.degussa-goldhandel.ch\/wp-content\/uploads\/2022\/05\/Degussa-Goldhandel-Hannover-R0011344-aussen-2-150x150.jpg 150w, https:\/\/www.degussa-goldhandel.ch\/wp-content\/uploads\/2022\/05\/Degussa-Goldhandel-Hannover-R0011344-aussen-2-600x600.jpg 600w, https:\/\/www.degussa-goldhandel.ch\/wp-content\/uploads\/2022\/05\/Degussa-Goldhandel-Hannover-R0011344-aussen-2-100x100.jpg 100w\" sizes=\"(max-width: 640px) 100vw, 640px\" \/>\t\t\t\t\t\t\t\t\t\t\t<figcaption class=\"widget-image-caption wp-caption-text\"><\/figcaption>\n\t\t\t\t\t\t\t\t\t\t<\/figure>\n\t\t\t\t\t\t\t<\/div>\n\t\t\t\t<\/div>\n\t\t\t\t\t<\/div>\n\t\t<\/div>\n\t\t\t\t\t<\/div>\n\t\t<\/section>\n\t\t\t\t<\/div>\n\t\t<\/div><div class=\"content-stack\"><style>.elementor-1293 .elementor-element.elementor-element-8423b5a > .elementor-widget-wrap > .elementor-widget:not(.elementor-widget__width-auto):not(.elementor-widget__width-initial):not(:last-child):not(.elementor-absolute){margin-bottom:0px;}.elementor-1293 .elementor-element.elementor-element-acacb19 .elementor-repeater-item-53b396a .swiper-slide-bg{background-color:var( --e-global-color-secondary );background-image:url(https:\/\/www.degussa-goldhandel.ch\/wp-content\/uploads\/2022\/05\/globe-2023-10-18.webp);background-size:cover;}.elementor-1293 .elementor-element.elementor-element-acacb19 .swiper-slide{height:401px;}.elementor-1293 .elementor-element.elementor-element-acacb19 .swiper-slide-contents{max-width:66%;}.elementor-1293 .elementor-element.elementor-element-acacb19 .swiper-slide-inner{text-align:center;}.elementor-1293 .elementor-element.elementor-element-acacb19 > .elementor-widget-container{margin:0px 0px 0px 0px;}<\/style>\t\t<div data-elementor-type=\"section\" data-elementor-id=\"6115\" class=\"elementor elementor-6115 elementor-1293\" data-elementor-post-type=\"elementor_library\">\n\t\t\t\t\t<section class=\"elementor-section elementor-top-section elementor-element elementor-element-89902c9 incomplete elementor-section-boxed elementor-section-height-default elementor-section-height-default\" data-id=\"89902c9\" data-element_type=\"section\">\n\t\t\t\t\t\t<div class=\"elementor-container elementor-column-gap-default\">\n\t\t\t\t\t<div class=\"elementor-column elementor-col-100 elementor-top-column elementor-element elementor-element-a544d0b\" data-id=\"a544d0b\" data-element_type=\"column\">\n\t\t\t<div class=\"elementor-widget-wrap elementor-element-populated\">\n\t\t\t\t\t\t<section class=\"elementor-section elementor-inner-section elementor-element elementor-element-8b184ea elementor-section-boxed elementor-section-height-default elementor-section-height-default\" data-id=\"8b184ea\" data-element_type=\"section\">\n\t\t\t\t\t\t<div class=\"elementor-container elementor-column-gap-no\">\n\t\t\t\t\t<div class=\"elementor-column elementor-col-100 elementor-inner-column elementor-element elementor-element-8423b5a\" data-id=\"8423b5a\" data-element_type=\"column\">\n\t\t\t<div class=\"elementor-widget-wrap elementor-element-populated\">\n\t\t\t\t\t\t<div class=\"elementor-element elementor-element-acacb19 elementor--h-position-center elementor--v-position-middle elementor-widget elementor-widget-slides\" data-id=\"acacb19\" data-element_type=\"widget\" data-settings=\"{&quot;navigation&quot;:&quot;none&quot;,&quot;transition&quot;:&quot;slide&quot;,&quot;transition_speed&quot;:500}\" data-widget_type=\"slides.default\">\n\t\t\t\t<div class=\"elementor-widget-container\">\n\t\t\t<style>\/*! elementor-pro - v3.23.0 - 05-08-2024 *\/\n.elementor-slides .swiper-slide-bg{background-size:cover;background-position:50%;background-repeat:no-repeat;min-width:100%;min-height:100%}.elementor-slides .swiper-slide-inner{background-repeat:no-repeat;background-position:50%;position:absolute;top:0;left:0;bottom:0;right:0;padding:50px;margin:auto}.elementor-slides .swiper-slide-inner,.elementor-slides .swiper-slide-inner:hover{color:#fff;display:flex}.elementor-slides .swiper-slide-inner .elementor-background-overlay{position:absolute;z-index:0;top:0;bottom:0;left:0;right:0}.elementor-slides .swiper-slide-inner .elementor-slide-content{position:relative;z-index:1;width:100%}.elementor-slides .swiper-slide-inner .elementor-slide-heading{font-size:35px;font-weight:700;line-height:1}.elementor-slides .swiper-slide-inner .elementor-slide-description{font-size:17px;line-height:1.4}.elementor-slides .swiper-slide-inner .elementor-slide-description:not(:last-child),.elementor-slides .swiper-slide-inner .elementor-slide-heading:not(:last-child){margin-bottom:30px}.elementor-slides .swiper-slide-inner .elementor-slide-button{border:2px solid #fff;color:#fff;background:transparent;display:inline-block}.elementor-slides .swiper-slide-inner .elementor-slide-button,.elementor-slides .swiper-slide-inner .elementor-slide-button:hover{background:transparent;color:inherit;text-decoration:none}.elementor--v-position-top .swiper-slide-inner{align-items:flex-start}.elementor--v-position-bottom .swiper-slide-inner{align-items:flex-end}.elementor--v-position-middle .swiper-slide-inner{align-items:center}.elementor--h-position-left .swiper-slide-inner{justify-content:flex-start}.elementor--h-position-right .swiper-slide-inner{justify-content:flex-end}.elementor--h-position-center .swiper-slide-inner{justify-content:center}body.rtl .elementor-widget-slides .elementor-swiper-button-next{left:10px;right:auto}body.rtl .elementor-widget-slides .elementor-swiper-button-prev{right:10px;left:auto}.elementor-slides-wrapper div:not(.swiper-slide)>.swiper-slide-inner{display:none}@media (max-width:767px){.elementor-slides .swiper-slide-inner{padding:30px}.elementor-slides .swiper-slide-inner .elementor-slide-heading{font-size:23px;line-height:1;margin-bottom:15px}.elementor-slides .swiper-slide-inner .elementor-slide-description{font-size:13px;line-height:1.4;margin-bottom:15px}}<\/style>\t\t<div class=\"elementor-swiper\">\n\t\t\t<div class=\"elementor-slides-wrapper elementor-main-swiper swiper\" dir=\"ltr\" data-animation=\"fadeInUp\">\n\t\t\t\t<div class=\"swiper-wrapper elementor-slides\">\n\t\t\t\t\t\t\t\t\t\t<div class=\"elementor-repeater-item-53b396a swiper-slide\"><div class=\"swiper-slide-bg\" role=\"img\"><\/div><div class=\"swiper-slide-inner\" ><div class=\"swiper-slide-contents\"><\/div><\/div><\/div>\t\t\t\t<\/div>\n\t\t\t\t\t\t\t<\/div>\n\t\t<\/div>\n\t\t\t\t<\/div>\n\t\t\t\t<\/div>\n\t\t\t\t<div class=\"elementor-element elementor-element-feb9a5d elementor-widget elementor-widget-slidercontext\" data-id=\"feb9a5d\" data-element_type=\"widget\" data-widget_type=\"slidercontext.default\">\n\t\t\t\t<div class=\"elementor-widget-container\">\n\t\t\t        <div class=\"degussa-product-slider-outer-container nopadding\">\n            <div class=\"degussa-slider-context\">\n                <div class=\"slider-title\">Un r\u00e9seau mondial <\/div>\n                <div class=\"slider-actions\">\n                    <a class=\"context-link\" href=\"https:\/\/www.degussa-goldhandel.ch\/fr\/filiales\"><span>Contact<\/span>\n                        <\/a><a class=\"context-link\" href=\"https:\/\/www.degussa-goldhandel.ch\/fr\/confiance\/affiliations\"><span>Affiliations<\/span>\n                        <\/a><a class=\"context-link\" href=\"https:\/\/www.degussa-goldhandel.ch\/fr\/confiance\/partenariat\"><span>Partenariat<\/span>\n                        <\/a>\n                <\/div>\n            <\/div>\n        <\/div>\n        \t\t<\/div>\n\t\t\t\t<\/div>\n\t\t\t\t\t<\/div>\n\t\t<\/div>\n\t\t\t\t\t<\/div>\n\t\t<\/section>\n\t\t\t\t\t<\/div>\n\t\t<\/div>\n\t\t\t\t\t<\/div>\n\t\t<\/section>\n\t\t\t\t<\/div>\n\t\t<\/div>        \t\t<\/div>\n\t\t\t\t<\/div>\n\t\t\t\t\t<\/div>\n\t\t<\/div>\n\t\t\t\t\t<\/div>\n\t\t<\/section>\n\t\t\t\t<\/div>\n\t\t","protected":false},"excerpt":{"rendered":"<p>BIENVENUE DANS NOTRE NOUVEAU BUREAU DE HANOVRE En juin 2015, nous avons sensiblement agrandi l\u2019espace conseil et achat de notre boutique au 7 de la Theaterstra\u00dfe et am\u00e9nag\u00e9 une surface de plus de 300 m\u00e8tres carr\u00e9s. Les nouveaux locaux offrent non seulement plus de place pour le conseil personnalis\u00e9 aux clients sur des questions concernant [&hellip;]<\/p>\n","protected":false},"author":1,"featured_media":0,"parent":10749,"menu_order":11,"comment_status":"closed","ping_status":"closed","template":"elementor_header_footer","meta":{"_acf_changed":false,"inline_featured_image":false,"footnotes":""},"class_list":["post-5302","page","type-page","status-publish","hentry"],"acf":[],"_links":{"self":[{"href":"https:\/\/www.degussa-goldhandel.ch\/fr\/wp-json\/wp\/v2\/pages\/5302"}],"collection":[{"href":"https:\/\/www.degussa-goldhandel.ch\/fr\/wp-json\/wp\/v2\/pages"}],"about":[{"href":"https:\/\/www.degussa-goldhandel.ch\/fr\/wp-json\/wp\/v2\/types\/page"}],"author":[{"embeddable":true,"href":"https:\/\/www.degussa-goldhandel.ch\/fr\/wp-json\/wp\/v2\/users\/1"}],"replies":[{"embeddable":true,"href":"https:\/\/www.degussa-goldhandel.ch\/fr\/wp-json\/wp\/v2\/comments?post=5302"}],"version-history":[{"count":6,"href":"https:\/\/www.degussa-goldhandel.ch\/fr\/wp-json\/wp\/v2\/pages\/5302\/revisions"}],"predecessor-version":[{"id":11166,"href":"https:\/\/www.degussa-goldhandel.ch\/fr\/wp-json\/wp\/v2\/pages\/5302\/revisions\/11166"}],"up":[{"embeddable":true,"href":"https:\/\/www.degussa-goldhandel.ch\/fr\/wp-json\/wp\/v2\/pages\/10749"}],"wp:attachment":[{"href":"https:\/\/www.degussa-goldhandel.ch\/fr\/wp-json\/wp\/v2\/media?parent=5302"}],"curies":[{"name":"wp","href":"https:\/\/api.w.org\/{rel}","templated":true}]}}