{"id":5999,"date":"2022-08-04T09:13:58","date_gmt":"2022-08-04T07:13:09","guid":{"rendered":"https:\/\/degussa-staging.detail-digital.ch\/?page_id=5999"},"modified":"2022-12-01T10:18:37","modified_gmt":"2022-12-01T09:18:37","slug":"lingots-et-pieces","status":"publish","type":"page","link":"https:\/\/www.degussa-goldhandel.ch\/fr\/lingots-et-pieces","title":{"rendered":"Lingots et Pi\u00e8ces"},"content":{"rendered":"\t\t<div data-elementor-type=\"wp-page\" data-elementor-id=\"5999\" class=\"elementor elementor-5999\" data-elementor-post-type=\"page\">\n\t\t\t\t\t\t<section class=\"elementor-section elementor-top-section elementor-element elementor-element-5ca5ca6 elementor-section-boxed elementor-section-height-default elementor-section-height-default\" data-id=\"5ca5ca6\" data-element_type=\"section\">\n\t\t\t\t\t\t<div class=\"elementor-container elementor-column-gap-default\">\n\t\t\t\t\t<div class=\"elementor-column elementor-col-100 elementor-top-column elementor-element elementor-element-d962e0d\" data-id=\"d962e0d\" data-element_type=\"column\">\n\t\t\t<div class=\"elementor-widget-wrap elementor-element-populated\">\n\t\t\t\t\t\t<div class=\"elementor-element elementor-element-a972e83 elementor-widget elementor-widget-subnav\" data-id=\"a972e83\" data-element_type=\"widget\" data-widget_type=\"subnav.default\">\n\t\t\t\t<div class=\"elementor-widget-container\">\n\t\t\t        <div class=\"degussa-subnav-container subnav gold\">\n                            <div class=\"subnav-item\">\n                    <a href=\"https:\/\/shop.degussa-goldhandel.ch\/\">Gold, Silber und Platin<\/a>\n                <\/div>\n                            <div class=\"subnav-item\">\n                    <a href=\"https:\/\/www.degussa-goldhandel.ch\/barren-und-muenzen\">Barren und M\u00fcnzen<\/a>\n                <\/div>\n                            <div class=\"subnav-item\">\n                    <a href=\"https:\/\/www.degussa-goldhandel.ch\/services\/charts\">Charts<\/a>\n                <\/div>\n                            <div class=\"subnav-item\">\n                    <a href=\"https:\/\/www.degussa-goldhandel.ch\/services\/preisliste\">Preisliste<\/a>\n                <\/div>\n            \n        <\/div>\n        <div class=\"degussa-subnav-container empty\"><\/div>\n        \t\t<\/div>\n\t\t\t\t<\/div>\n\t\t\t\t\t<\/div>\n\t\t<\/div>\n\t\t\t\t\t<\/div>\n\t\t<\/section>\n\t\t\t\t<section class=\"elementor-section elementor-top-section elementor-element elementor-element-1d385b3 elementor-section-boxed elementor-section-height-default elementor-section-height-default\" data-id=\"1d385b3\" data-element_type=\"section\">\n\t\t\t\t\t\t<div class=\"elementor-container elementor-column-gap-default\">\n\t\t\t\t\t<div class=\"elementor-column elementor-col-100 elementor-top-column elementor-element elementor-element-a8a300f\" data-id=\"a8a300f\" data-element_type=\"column\">\n\t\t\t<div class=\"elementor-widget-wrap elementor-element-populated\">\n\t\t\t\t\t\t<div class=\"elementor-element elementor-element-1fe3dd2 elementor-widget elementor-widget-heading\" data-id=\"1fe3dd2\" data-element_type=\"widget\" data-widget_type=\"heading.default\">\n\t\t\t\t<div class=\"elementor-widget-container\">\n\t\t\t<style>\/*! elementor - v3.23.0 - 05-08-2024 *\/\n.elementor-heading-title{padding:0;margin:0;line-height:1}.elementor-widget-heading .elementor-heading-title[class*=elementor-size-]>a{color:inherit;font-size:inherit;line-height:inherit}.elementor-widget-heading .elementor-heading-title.elementor-size-small{font-size:15px}.elementor-widget-heading .elementor-heading-title.elementor-size-medium{font-size:19px}.elementor-widget-heading .elementor-heading-title.elementor-size-large{font-size:29px}.elementor-widget-heading .elementor-heading-title.elementor-size-xl{font-size:39px}.elementor-widget-heading .elementor-heading-title.elementor-size-xxl{font-size:59px}<\/style><h1 class=\"elementor-heading-title elementor-size-default\">LINGOTS ET PI\u00c8CES<\/h1>\t\t<\/div>\n\t\t\t\t<\/div>\n\t\t\t\t\t<\/div>\n\t\t<\/div>\n\t\t\t\t\t<\/div>\n\t\t<\/section>\n\t\t\t\t<section class=\"elementor-section elementor-top-section elementor-element elementor-element-26040ec elementor-section-boxed elementor-section-height-default elementor-section-height-default\" data-id=\"26040ec\" data-element_type=\"section\">\n\t\t\t\t\t\t<div class=\"elementor-container elementor-column-gap-default\">\n\t\t\t\t\t<div class=\"elementor-column elementor-col-100 elementor-top-column elementor-element elementor-element-3a87d21\" data-id=\"3a87d21\" data-element_type=\"column\">\n\t\t\t<div class=\"elementor-widget-wrap elementor-element-populated\">\n\t\t\t\t\t\t<div class=\"elementor-element elementor-element-3c31c8e elementor-widget elementor-widget-contentstack\" data-id=\"3c31c8e\" data-element_type=\"widget\" data-widget_type=\"contentstack.default\">\n\t\t\t\t<div class=\"elementor-widget-container\">\n\t\t\t<div class=\"content-stack\"><style>.elementor-4066 .elementor-element.elementor-element-5910d4a img{width:100%;border-style:solid;border-width:1px 1px 1px 1px;border-color:var( --e-global-color-primary );border-radius:10px 10px 10px 10px;}.elementor-4066 .elementor-element.elementor-element-310fcae img{width:100%;border-style:solid;border-width:1px 1px 1px 1px;border-color:var( --e-global-color-primary );border-radius:10px 10px 10px 10px;}.elementor-4066 .elementor-element.elementor-element-cbaa287 img{width:100%;border-style:solid;border-width:1px 1px 1px 1px;border-color:var( --e-global-color-primary );border-radius:10px 10px 10px 10px;}<\/style>\t\t<div data-elementor-type=\"section\" data-elementor-id=\"5821\" class=\"elementor elementor-5821 elementor-4066\" data-elementor-post-type=\"elementor_library\">\n\t\t\t\t\t<section class=\"elementor-section elementor-top-section elementor-element elementor-element-f7b30c4 elementor-section-boxed elementor-section-height-default elementor-section-height-default\" data-id=\"f7b30c4\" data-element_type=\"section\">\n\t\t\t\t\t\t<div class=\"elementor-container elementor-column-gap-default\">\n\t\t\t\t\t<div class=\"elementor-column elementor-col-66 elementor-top-column elementor-element elementor-element-f3a4277\" data-id=\"f3a4277\" data-element_type=\"column\">\n\t\t\t<div class=\"elementor-widget-wrap elementor-element-populated\">\n\t\t\t\t\t\t<div class=\"elementor-element elementor-element-841ac03 elementor-widget elementor-widget-heading\" data-id=\"841ac03\" data-element_type=\"widget\" data-widget_type=\"heading.default\">\n\t\t\t\t<div class=\"elementor-widget-container\">\n\t\t\t<h2 class=\"elementor-heading-title elementor-size-default\">LINGOTS ET PI\u00c8CES EN OR<\/h2>\t\t<\/div>\n\t\t\t\t<\/div>\n\t\t\t\t<div class=\"elementor-element elementor-element-be22622 elementor-widget elementor-widget-text-editor\" data-id=\"be22622\" data-element_type=\"widget\" data-widget_type=\"text-editor.default\">\n\t\t\t\t<div class=\"elementor-widget-container\">\n\t\t\t<style>\/*! elementor - v3.23.0 - 05-08-2024 *\/\n.elementor-widget-text-editor.elementor-drop-cap-view-stacked .elementor-drop-cap{background-color:#69727d;color:#fff}.elementor-widget-text-editor.elementor-drop-cap-view-framed .elementor-drop-cap{color:#69727d;border:3px solid;background-color:transparent}.elementor-widget-text-editor:not(.elementor-drop-cap-view-default) .elementor-drop-cap{margin-top:8px}.elementor-widget-text-editor:not(.elementor-drop-cap-view-default) .elementor-drop-cap-letter{width:1em;height:1em}.elementor-widget-text-editor .elementor-drop-cap{float:left;text-align:center;line-height:1;font-size:50px}.elementor-widget-text-editor .elementor-drop-cap-letter{display:inline-block}<\/style>\t\t\t\t<p>Les lingots d\u2019or Degussa sont connus dans le monde entier. Nous vous proposons une gamme allant de 1 g \u00e0 1 kg, ceux-ci titrant exclusivement une puret\u00e9 de 999,9\/1000.<br \/>Jusqu\u00b4\u00e0 un poids de de 100 g, les lingots d\u00b4or sont frapp\u00e9s. Les lingots plus lourds (250 g, 500 g, 1000 g) ont quant \u00e0 eux la forme moul\u00e9e classique. Le lingot de 100 g est disponible en version moul\u00e9e et frapp\u00e9e.<\/p><p>Par ailleurs, nous vous proposons les nouveaux Combibar Degussa de 50 et 20 g.<\/p><p>Vous aurez une vue de l\u2019ensemble de nos produits reproduits dans notre <a href=\"https:\/\/shop.degussa-goldhandel.ch\/\">boutique en ligne.<\/a><\/p>\t\t\t\t\t\t<\/div>\n\t\t\t\t<\/div>\n\t\t\t\t\t<\/div>\n\t\t<\/div>\n\t\t\t\t<div class=\"elementor-column elementor-col-33 elementor-top-column elementor-element elementor-element-1e52fee\" data-id=\"1e52fee\" data-element_type=\"column\">\n\t\t\t<div class=\"elementor-widget-wrap elementor-element-populated\">\n\t\t\t\t\t\t<div class=\"elementor-element elementor-element-5910d4a elementor-widget elementor-widget-image\" data-id=\"5910d4a\" data-element_type=\"widget\" data-widget_type=\"image.default\">\n\t\t\t\t<div class=\"elementor-widget-container\">\n\t\t\t<style>\/*! elementor - v3.23.0 - 05-08-2024 *\/\n.elementor-widget-image{text-align:center}.elementor-widget-image a{display:inline-block}.elementor-widget-image a img[src$=\".svg\"]{width:48px}.elementor-widget-image img{vertical-align:middle;display:inline-block}<\/style>\t\t\t\t\t\t\t\t\t\t<img fetchpriority=\"high\" decoding=\"async\" width=\"640\" height=\"640\" src=\"https:\/\/www.degussa-goldhandel.ch\/wp-content\/uploads\/2022\/05\/Degussa-Goldbarren-1000g.png\" class=\"attachment-large size-large wp-image-4011\" alt=\"Degussa Goldbarren 1000g\" srcset=\"https:\/\/www.degussa-goldhandel.ch\/wp-content\/uploads\/2022\/05\/Degussa-Goldbarren-1000g.png 640w, https:\/\/www.degussa-goldhandel.ch\/wp-content\/uploads\/2022\/05\/Degussa-Goldbarren-1000g-300x300.png 300w, https:\/\/www.degussa-goldhandel.ch\/wp-content\/uploads\/2022\/05\/Degussa-Goldbarren-1000g-150x150.png 150w\" sizes=\"(max-width: 640px) 100vw, 640px\" \/>\t\t\t\t\t\t\t\t\t\t\t\t\t<\/div>\n\t\t\t\t<\/div>\n\t\t\t\t\t<\/div>\n\t\t<\/div>\n\t\t\t\t\t<\/div>\n\t\t<\/section>\n\t\t\t\t<section class=\"elementor-section elementor-top-section elementor-element elementor-element-1f9c753 elementor-section-boxed elementor-section-height-default elementor-section-height-default\" data-id=\"1f9c753\" data-element_type=\"section\">\n\t\t\t\t\t\t<div class=\"elementor-container elementor-column-gap-default\">\n\t\t\t\t\t<div class=\"elementor-column elementor-col-66 elementor-top-column elementor-element elementor-element-c9621f7\" data-id=\"c9621f7\" data-element_type=\"column\">\n\t\t\t<div class=\"elementor-widget-wrap elementor-element-populated\">\n\t\t\t\t\t\t<div class=\"elementor-element elementor-element-32b664b elementor-widget elementor-widget-heading\" data-id=\"32b664b\" data-element_type=\"widget\" data-widget_type=\"heading.default\">\n\t\t\t\t<div class=\"elementor-widget-container\">\n\t\t\t<h2 class=\"elementor-heading-title elementor-size-default\">LINGOTS ET PI\u00c8CES EN ARGENT<\/h2>\t\t<\/div>\n\t\t\t\t<\/div>\n\t\t\t\t<div class=\"elementor-element elementor-element-22fe533 elementor-widget elementor-widget-text-editor\" data-id=\"22fe533\" data-element_type=\"widget\" data-widget_type=\"text-editor.default\">\n\t\t\t\t<div class=\"elementor-widget-container\">\n\t\t\t\t\t\t\t<p>Les lingots d\u2019argent Degussa sont disponibles en version frapp\u00e9e d\u2019un poids de 1 once \u00e0 100 g. Nous vous fournissons aussi sans d\u00e9lai les lingots moul\u00e9s traditionnels de 500 g, 1 kg et 5 kg.<\/p>\n<p>Par ailleurs, nous proposons le lingot d\u2019argent Combibar 100 g (divisible en 10 lingotins de 10 g chacun). Nouveau : le lingot de 15 kg est d\u00e9sormais disponible !<\/p>\n<p>Vous aurez une vue de l\u2019ensemble de nos produits reproduits dans notre <a href=\"https:\/\/shop.degussa-goldhandel.ch\/\">boutique en ligne.<\/a><\/p>\t\t\t\t\t\t<\/div>\n\t\t\t\t<\/div>\n\t\t\t\t\t<\/div>\n\t\t<\/div>\n\t\t\t\t<div class=\"elementor-column elementor-col-33 elementor-top-column elementor-element elementor-element-4b5f319\" data-id=\"4b5f319\" data-element_type=\"column\">\n\t\t\t<div class=\"elementor-widget-wrap elementor-element-populated\">\n\t\t\t\t\t\t<div class=\"elementor-element elementor-element-310fcae elementor-widget elementor-widget-image\" data-id=\"310fcae\" data-element_type=\"widget\" data-widget_type=\"image.default\">\n\t\t\t\t<div class=\"elementor-widget-container\">\n\t\t\t\t\t\t\t\t\t\t\t\t\t<img decoding=\"async\" width=\"480\" height=\"480\" src=\"https:\/\/www.degussa-goldhandel.ch\/wp-content\/uploads\/2022\/08\/Degussa-Silberbarren-1000g.png\" class=\"attachment-large size-large wp-image-4082\" alt=\"Degussa Silberbarren 1000g\" srcset=\"https:\/\/www.degussa-goldhandel.ch\/wp-content\/uploads\/2022\/08\/Degussa-Silberbarren-1000g.png 480w, https:\/\/www.degussa-goldhandel.ch\/wp-content\/uploads\/2022\/08\/Degussa-Silberbarren-1000g-300x300.png 300w, https:\/\/www.degussa-goldhandel.ch\/wp-content\/uploads\/2022\/08\/Degussa-Silberbarren-1000g-150x150.png 150w\" sizes=\"(max-width: 480px) 100vw, 480px\" \/>\t\t\t\t\t\t\t\t\t\t\t\t\t<\/div>\n\t\t\t\t<\/div>\n\t\t\t\t\t<\/div>\n\t\t<\/div>\n\t\t\t\t\t<\/div>\n\t\t<\/section>\n\t\t\t\t<section class=\"elementor-section elementor-top-section elementor-element elementor-element-2ed8aaa elementor-section-boxed elementor-section-height-default elementor-section-height-default\" data-id=\"2ed8aaa\" data-element_type=\"section\">\n\t\t\t\t\t\t<div class=\"elementor-container elementor-column-gap-default\">\n\t\t\t\t\t<div class=\"elementor-column elementor-col-66 elementor-top-column elementor-element elementor-element-23daa83\" data-id=\"23daa83\" data-element_type=\"column\">\n\t\t\t<div class=\"elementor-widget-wrap elementor-element-populated\">\n\t\t\t\t\t\t<div class=\"elementor-element elementor-element-694054a elementor-widget elementor-widget-heading\" data-id=\"694054a\" data-element_type=\"widget\" data-widget_type=\"heading.default\">\n\t\t\t\t<div class=\"elementor-widget-container\">\n\t\t\t<h2 class=\"elementor-heading-title elementor-size-default\">LINGOTS ET PIECES EN PLATINE<\/h2>\t\t<\/div>\n\t\t\t\t<\/div>\n\t\t\t\t<div class=\"elementor-element elementor-element-de9fd9c elementor-widget elementor-widget-text-editor\" data-id=\"de9fd9c\" data-element_type=\"widget\" data-widget_type=\"text-editor.default\">\n\t\t\t\t<div class=\"elementor-widget-container\">\n\t\t\t\t\t\t\t<p>Les lingots de platine Degussa sont une excellente opportunit\u00e9 d\u2019investir dans le platine, un m\u00e9tal industriel tr\u00e8s convoit\u00e9. Ils sont disponibles avec un poids d\u20191 oz, 100 g et 500 g en version frapp\u00e9e et un poids d\u20191 kg en version coul\u00e9e.<\/p><p>Nouveau : lingots de 10 g et 20 g d\u00e9sormais disponibles !<\/p><p>Vous aurez une vue de l\u2019ensemble de nos produits dans notre <a href=\"https:\/\/shop.degussa-goldhandel.ch\/\">boutique en ligne.<\/a><\/p>\t\t\t\t\t\t<\/div>\n\t\t\t\t<\/div>\n\t\t\t\t\t<\/div>\n\t\t<\/div>\n\t\t\t\t<div class=\"elementor-column elementor-col-33 elementor-top-column elementor-element elementor-element-e1a040b\" data-id=\"e1a040b\" data-element_type=\"column\">\n\t\t\t<div class=\"elementor-widget-wrap elementor-element-populated\">\n\t\t\t\t\t\t<div class=\"elementor-element elementor-element-cbaa287 elementor-widget elementor-widget-image\" data-id=\"cbaa287\" data-element_type=\"widget\" data-widget_type=\"image.default\">\n\t\t\t\t<div class=\"elementor-widget-container\">\n\t\t\t\t\t\t\t\t\t\t\t\t\t<img decoding=\"async\" width=\"480\" height=\"480\" src=\"https:\/\/www.degussa-goldhandel.ch\/wp-content\/uploads\/2022\/08\/Degussa-Platinbarren-1000g.png\" class=\"attachment-large size-large wp-image-4088\" alt=\"Degussa Platinbarren 1000g\" srcset=\"https:\/\/www.degussa-goldhandel.ch\/wp-content\/uploads\/2022\/08\/Degussa-Platinbarren-1000g.png 480w, https:\/\/www.degussa-goldhandel.ch\/wp-content\/uploads\/2022\/08\/Degussa-Platinbarren-1000g-300x300.png 300w, https:\/\/www.degussa-goldhandel.ch\/wp-content\/uploads\/2022\/08\/Degussa-Platinbarren-1000g-150x150.png 150w\" sizes=\"(max-width: 480px) 100vw, 480px\" \/>\t\t\t\t\t\t\t\t\t\t\t\t\t<\/div>\n\t\t\t\t<\/div>\n\t\t\t\t\t<\/div>\n\t\t<\/div>\n\t\t\t\t\t<\/div>\n\t\t<\/section>\n\t\t\t\t<\/div>\n\t\t<\/div><div class=\"content-stack\"><style>.elementor-1283 .elementor-element.elementor-element-035d1ea > .elementor-widget-wrap > .elementor-widget:not(.elementor-widget__width-auto):not(.elementor-widget__width-initial):not(:last-child):not(.elementor-absolute){margin-bottom:0px;}.elementor-1283 .elementor-element.elementor-element-0ec033c > .elementor-widget-container{margin:0px 0px 0px 0px;padding:0px 0px 0px 0px;}<\/style>\t\t<div data-elementor-type=\"section\" data-elementor-id=\"6132\" class=\"elementor elementor-6132 elementor-1283\" data-elementor-post-type=\"elementor_library\">\n\t\t\t\t\t<section class=\"elementor-section elementor-top-section elementor-element elementor-element-225e540 slider-container elementor-section-boxed elementor-section-height-default elementor-section-height-default\" data-id=\"225e540\" data-element_type=\"section\">\n\t\t\t\t\t\t<div class=\"elementor-container elementor-column-gap-default\">\n\t\t\t\t\t<div class=\"elementor-column elementor-col-100 elementor-top-column elementor-element elementor-element-c9fa524\" data-id=\"c9fa524\" data-element_type=\"column\">\n\t\t\t<div class=\"elementor-widget-wrap elementor-element-populated\">\n\t\t\t\t\t\t<section class=\"elementor-section elementor-inner-section elementor-element elementor-element-a762bae elementor-section-boxed elementor-section-height-default elementor-section-height-default\" data-id=\"a762bae\" data-element_type=\"section\">\n\t\t\t\t\t\t<div class=\"elementor-container elementor-column-gap-no\">\n\t\t\t\t\t<div class=\"elementor-column elementor-col-100 elementor-inner-column elementor-element elementor-element-035d1ea\" data-id=\"035d1ea\" data-element_type=\"column\">\n\t\t\t<div class=\"elementor-widget-wrap elementor-element-populated\">\n\t\t\t\t\t\t<div class=\"elementor-element elementor-element-0ec033c elementor-widget elementor-widget-image\" data-id=\"0ec033c\" data-element_type=\"widget\" data-widget_type=\"image.default\">\n\t\t\t\t<div class=\"elementor-widget-container\">\n\t\t\t\t\t\t\t\t\t\t\t\t\t<img decoding=\"async\" src=\"https:\/\/www.degussa-goldhandel.ch\/wp-content\/uploads\/elementor\/thumbs\/Service-qaqr1yafh935owgld0h71fymv9qqe0owifaoqiuduo.jpg\" title=\"Service\" alt=\"Banner Service\" loading=\"lazy\" \/>\t\t\t\t\t\t\t\t\t\t\t\t\t<\/div>\n\t\t\t\t<\/div>\n\t\t\t\t<div class=\"elementor-element elementor-element-d57328f elementor-widget elementor-widget-slidercontext\" data-id=\"d57328f\" data-element_type=\"widget\" data-widget_type=\"slidercontext.default\">\n\t\t\t\t<div class=\"elementor-widget-container\">\n\t\t\t        <div class=\"degussa-product-slider-outer-container nopadding\">\n            <div class=\"degussa-slider-context\">\n                <div class=\"slider-title\">Services de premi\u00e8re qualit\u00e9<\/div>\n                <div class=\"slider-actions\">\n                    <a class=\"context-link\" href=\"https:\/\/www.degussa-goldhandel.ch\/fr\/offre\/coffre-fort\"><span>Coffre-Fort<\/span>\n                        <\/a><a class=\"context-link\" href=\"https:\/\/www.degussa-goldhandel.ch\/fr\/services\/entrepot-domestique\"><span>Entrep\u00f4t domestique<\/span>\n                        <\/a><a class=\"context-link\" href=\"https:\/\/www.degussa-goldhandel.ch\/fr\/services\/gaufrage\"><span>Gaufrage<\/span>\n                        <\/a>\n                <\/div>\n            <\/div>\n        <\/div>\n        \t\t<\/div>\n\t\t\t\t<\/div>\n\t\t\t\t\t<\/div>\n\t\t<\/div>\n\t\t\t\t\t<\/div>\n\t\t<\/section>\n\t\t\t\t\t<\/div>\n\t\t<\/div>\n\t\t\t\t\t<\/div>\n\t\t<\/section>\n\t\t\t\t<\/div>\n\t\t<\/div>        \t\t<\/div>\n\t\t\t\t<\/div>\n\t\t\t\t\t<\/div>\n\t\t<\/div>\n\t\t\t\t\t<\/div>\n\t\t<\/section>\n\t\t\t\t<\/div>\n\t\t","protected":false},"excerpt":{"rendered":"<p>Or, argent et platine Lingots et Pi\u00e8ces Rachat de M\u00e9taux Pr\u00e9cieux Charts Liste de prix LINGOTS ET PI\u00c8CES LINGOTS ET PI\u00c8CES EN OR Les lingots d\u2019or Degussa sont connus dans le monde entier. Nous vous proposons une gamme allant de 1 g \u00e0 1 kg, ceux-ci titrant exclusivement une puret\u00e9 de 999,9\/1000.Jusqu\u00b4\u00e0 un poids de [&hellip;]<\/p>\n","protected":false},"author":1,"featured_media":0,"parent":0,"menu_order":2,"comment_status":"closed","ping_status":"closed","template":"elementor_header_footer","meta":{"_acf_changed":false,"inline_featured_image":false,"footnotes":""},"class_list":["post-5999","page","type-page","status-publish","hentry"],"acf":[],"_links":{"self":[{"href":"https:\/\/www.degussa-goldhandel.ch\/fr\/wp-json\/wp\/v2\/pages\/5999"}],"collection":[{"href":"https:\/\/www.degussa-goldhandel.ch\/fr\/wp-json\/wp\/v2\/pages"}],"about":[{"href":"https:\/\/www.degussa-goldhandel.ch\/fr\/wp-json\/wp\/v2\/types\/page"}],"author":[{"embeddable":true,"href":"https:\/\/www.degussa-goldhandel.ch\/fr\/wp-json\/wp\/v2\/users\/1"}],"replies":[{"embeddable":true,"href":"https:\/\/www.degussa-goldhandel.ch\/fr\/wp-json\/wp\/v2\/comments?post=5999"}],"version-history":[{"count":8,"href":"https:\/\/www.degussa-goldhandel.ch\/fr\/wp-json\/wp\/v2\/pages\/5999\/revisions"}],"predecessor-version":[{"id":10757,"href":"https:\/\/www.degussa-goldhandel.ch\/fr\/wp-json\/wp\/v2\/pages\/5999\/revisions\/10757"}],"wp:attachment":[{"href":"https:\/\/www.degussa-goldhandel.ch\/fr\/wp-json\/wp\/v2\/media?parent=5999"}],"curies":[{"name":"wp","href":"https:\/\/api.w.org\/{rel}","templated":true}]}}