{"id":12929,"date":"2023-10-11T19:40:12","date_gmt":"2023-10-11T17:40:12","guid":{"rendered":"https:\/\/www.degussa-goldhandel.ch\/%d0%bb%d0%be%d0%ba%d0%b0%d1%86%d0%b8%d0%b8\/%d0%b3%d0%b5%d1%80%d0%bc%d0%b0%d0%bd%d0%b8%d1%8f\/duesseldorf"},"modified":"2023-10-11T20:17:14","modified_gmt":"2023-10-11T18:17:14","slug":"duesseldorf","status":"publish","type":"page","link":"https:\/\/www.degussa-goldhandel.ch\/ru\/%d0%bb%d0%be%d0%ba%d0%b0%d1%86%d0%b8%d0%b8\/%d0%b3%d0%b5%d1%80%d0%bc%d0%b0%d0%bd%d0%b8%d1%8f\/duesseldorf","title":{"rendered":"D\u00fcsseldorf"},"content":{"rendered":"\t\t<div data-elementor-type=\"wp-page\" data-elementor-id=\"12929\" class=\"elementor elementor-12929 elementor-12904\" data-elementor-post-type=\"page\">\n\t\t\t\t\t\t<section class=\"elementor-section elementor-top-section elementor-element elementor-element-1726ecb elementor-section-boxed elementor-section-height-default elementor-section-height-default\" data-id=\"1726ecb\" data-element_type=\"section\">\n\t\t\t\t\t\t<div class=\"elementor-container elementor-column-gap-default\">\n\t\t\t\t\t<div class=\"elementor-column elementor-col-100 elementor-top-column elementor-element elementor-element-f4e4233\" data-id=\"f4e4233\" data-element_type=\"column\">\n\t\t\t<div class=\"elementor-widget-wrap elementor-element-populated\">\n\t\t\t\t\t\t<div class=\"elementor-element elementor-element-393747b elementor-widget elementor-widget-subnav\" data-id=\"393747b\" data-element_type=\"widget\" data-widget_type=\"subnav.default\">\n\t\t\t\t<div class=\"elementor-widget-container\">\n\t\t\t        <div class=\"degussa-subnav-container subnav gold\">\n            \n        <\/div>\n        <div class=\"degussa-subnav-container empty\"><\/div>\n        \t\t<\/div>\n\t\t\t\t<\/div>\n\t\t\t\t\t<\/div>\n\t\t<\/div>\n\t\t\t\t\t<\/div>\n\t\t<\/section>\n\t\t\t\t<section class=\"elementor-section elementor-top-section elementor-element elementor-element-8412fb6 elementor-section-boxed elementor-section-height-default elementor-section-height-default\" data-id=\"8412fb6\" data-element_type=\"section\">\n\t\t\t\t\t\t<div class=\"elementor-container elementor-column-gap-default\">\n\t\t\t\t\t<div class=\"elementor-column elementor-col-100 elementor-top-column elementor-element elementor-element-d1835ab\" data-id=\"d1835ab\" data-element_type=\"column\">\n\t\t\t<div class=\"elementor-widget-wrap elementor-element-populated\">\n\t\t\t\t\t\t<div class=\"elementor-element elementor-element-0fd9e8b elementor-widget elementor-widget-heading\" data-id=\"0fd9e8b\" data-element_type=\"widget\" data-widget_type=\"heading.default\">\n\t\t\t\t<div class=\"elementor-widget-container\">\n\t\t\t<style>\/*! elementor - v3.23.0 - 05-08-2024 *\/\n.elementor-heading-title{padding:0;margin:0;line-height:1}.elementor-widget-heading .elementor-heading-title[class*=elementor-size-]>a{color:inherit;font-size:inherit;line-height:inherit}.elementor-widget-heading .elementor-heading-title.elementor-size-small{font-size:15px}.elementor-widget-heading .elementor-heading-title.elementor-size-medium{font-size:19px}.elementor-widget-heading .elementor-heading-title.elementor-size-large{font-size:29px}.elementor-widget-heading .elementor-heading-title.elementor-size-xl{font-size:39px}.elementor-widget-heading .elementor-heading-title.elementor-size-xxl{font-size:59px}<\/style><h1 class=\"elementor-heading-title elementor-size-default\">WELCOME TO DEGUSSA D\u00dcSSELDORF<\/h1>\t\t<\/div>\n\t\t\t\t<\/div>\n\t\t\t\t\t<\/div>\n\t\t<\/div>\n\t\t\t\t\t<\/div>\n\t\t<\/section>\n\t\t\t\t<section class=\"elementor-section elementor-top-section elementor-element elementor-element-48421ea elementor-section-boxed elementor-section-height-default elementor-section-height-default\" data-id=\"48421ea\" data-element_type=\"section\">\n\t\t\t\t\t\t<div class=\"elementor-container elementor-column-gap-default\">\n\t\t\t\t\t<div class=\"elementor-column elementor-col-100 elementor-top-column elementor-element elementor-element-a1d011f\" data-id=\"a1d011f\" data-element_type=\"column\">\n\t\t\t<div class=\"elementor-widget-wrap elementor-element-populated\">\n\t\t\t\t\t\t<div class=\"elementor-element elementor-element-c8790c4 elementor-widget elementor-widget-contentstack\" data-id=\"c8790c4\" data-element_type=\"widget\" data-widget_type=\"contentstack.default\">\n\t\t\t\t<div class=\"elementor-widget-container\">\n\t\t\t<div class=\"content-stack\"><style>.elementor-12814 .elementor-element.elementor-element-5b9d661 .eael-google-map{max-width:1140px;height:590px;}.elementor-12814 .elementor-element.elementor-element-749535a img{width:100%;}<\/style>\t\t<div data-elementor-type=\"section\" data-elementor-id=\"12894\" class=\"elementor elementor-12894 elementor-12814\" data-elementor-post-type=\"elementor_library\">\n\t\t\t\t\t<section class=\"elementor-section elementor-top-section elementor-element elementor-element-f4e4a1d elementor-section-boxed elementor-section-height-default elementor-section-height-default\" data-id=\"f4e4a1d\" data-element_type=\"section\">\n\t\t\t\t\t\t<div class=\"elementor-container elementor-column-gap-default\">\n\t\t\t\t\t<div class=\"elementor-column elementor-col-66 elementor-top-column elementor-element elementor-element-90ecb40\" data-id=\"90ecb40\" data-element_type=\"column\">\n\t\t\t<div class=\"elementor-widget-wrap elementor-element-populated\">\n\t\t\t\t\t\t<div class=\"elementor-element elementor-element-c36ed94 elementor-widget elementor-widget-text-editor\" data-id=\"c36ed94\" data-element_type=\"widget\" data-widget_type=\"text-editor.default\">\n\t\t\t\t<div class=\"elementor-widget-container\">\n\t\t\t<style>\/*! elementor - v3.23.0 - 05-08-2024 *\/\n.elementor-widget-text-editor.elementor-drop-cap-view-stacked .elementor-drop-cap{background-color:#69727d;color:#fff}.elementor-widget-text-editor.elementor-drop-cap-view-framed .elementor-drop-cap{color:#69727d;border:3px solid;background-color:transparent}.elementor-widget-text-editor:not(.elementor-drop-cap-view-default) .elementor-drop-cap{margin-top:8px}.elementor-widget-text-editor:not(.elementor-drop-cap-view-default) .elementor-drop-cap-letter{width:1em;height:1em}.elementor-widget-text-editor .elementor-drop-cap{float:left;text-align:center;line-height:1;font-size:50px}.elementor-widget-text-editor .elementor-drop-cap-letter{display:inline-block}<\/style>\t\t\t\t<p>Wir begr\u00fcssen Sie gerne in D\u00fcsseldorf an exklusiver Lage. Neben unseren klassischen Degussa Barren halten wir hier ein umfassendes Angebot an Anlagem\u00fcnzen von verschiedenen Emittenten f\u00fcr Sie bereit. Wir freuen uns auf Ihren Besuch.<\/p>\t\t\t\t\t\t<\/div>\n\t\t\t\t<\/div>\n\t\t\t\t<div class=\"elementor-element elementor-element-d9e51b1 elementor-widget elementor-widget-heading\" data-id=\"d9e51b1\" data-element_type=\"widget\" data-widget_type=\"heading.default\">\n\t\t\t\t<div class=\"elementor-widget-container\">\n\t\t\t<h2 class=\"elementor-heading-title elementor-size-default\">\u00d6FFNUNGSZEITEN<\/h2>\t\t<\/div>\n\t\t\t\t<\/div>\n\t\t\t\t<div class=\"elementor-element elementor-element-865dc73 elementor-widget elementor-widget-text-editor\" data-id=\"865dc73\" data-element_type=\"widget\" data-widget_type=\"text-editor.default\">\n\t\t\t\t<div class=\"elementor-widget-container\">\n\t\t\t\t\t\t\t<ul><li>Montag \u2013 Mittwoch, Freitag 10.00 \u2013 17.00 Uhr<\/li><li>Donnerstag 10.00 \u2013 18.00 Uhr<\/li><\/ul>\t\t\t\t\t\t<\/div>\n\t\t\t\t<\/div>\n\t\t\t\t<div class=\"elementor-element elementor-element-090fa8a elementor-widget elementor-widget-heading\" data-id=\"090fa8a\" data-element_type=\"widget\" data-widget_type=\"heading.default\">\n\t\t\t\t<div class=\"elementor-widget-container\">\n\t\t\t<h2 class=\"elementor-heading-title elementor-size-default\">ADRESSE<\/h2>\t\t<\/div>\n\t\t\t\t<\/div>\n\t\t\t\t<div class=\"elementor-element elementor-element-5e0d81a elementor-widget elementor-widget-text-editor\" data-id=\"5e0d81a\" data-element_type=\"widget\" data-widget_type=\"text-editor.default\">\n\t\t\t\t<div class=\"elementor-widget-container\">\n\t\t\t\t\t\t\t<p>Degussa Goldhandel GmbH<br>Berliner Allee 61<br>Eingang Graf Adolf-Strasse<br>40212 D\u00fcsseldorf<\/p>\n<ul>\n<li><a href=\"tel:004921113068580\">+49 (0)211 1306858-0<\/a><\/li>\n<li><a href=\"mailto:duesseldorf@degussa-goldhandel.de\" target=\"_blank\" rel=\"noopener\">duesseldorf@degussa-goldhandel.de<\/a><\/li>\n<\/ul>\t\t\t\t\t\t<\/div>\n\t\t\t\t<\/div>\n\t\t\t\t<div class=\"elementor-element elementor-element-5b9d661 elementor-widget elementor-widget-eael-google-map\" data-id=\"5b9d661\" data-element_type=\"widget\" data-widget_type=\"eael-google-map.default\">\n\t\t\t\t<div class=\"elementor-widget-container\">\n\t\t\t\n\t\t\t\t\t<div class=\"eael-google-map eael-google-map-basic\" id=\"eael-google-map-5b9d661\" data-id=\"5b9d661\" data-map-center-lat=\"\" data-map-center-lng=\"\" data-map_type=\"basic\" data-map_address_type=\"address\" data-map_lat=\"28.948790\" data-map_lng=\"-81.298843\" data-map_addr=\"Degussa Goldhandel GmbH Berliner Allee 61 40212 D\u00fcsseldorf\" data-map_basic_marker_title=\"Degussa Goldhandel GmbH\" data-map_basic_marker_content=\"Degussa Goldhandel GmbH&lt;br&gt;\nKronprinzstra\u00dfe 6&lt;br&gt;\n70173 Stuttgart&lt;br&gt;&lt;br&gt;\n\n0711-305 893-6&lt;br&gt;\nstuttgart@degussa-goldhandel.de&lt;br&gt;&lt;br&gt;\n\nMontag \u2013 Mittwoch, Freitag 10.00 \u2013 17.00 Uhr&lt;br&gt;\nDonnerstag 10.00 \u2013 18.00 Uhr\" data-map_basic_marker_icon_enable=\"yes\" data-map_basic_marker_icon=\"https:\/\/www.degussa-goldhandel.ch\/wp-content\/uploads\/2023\/10\/MapMarker-1.png\" data-map_basic_marker_icon_width=\"220\" data-map_basic_marker_icon_height=\"60\" data-map_zoom=\"18\" data-map_markers=\"%5B%7B%22eael_google_map_marker_title%22%3A%22Map+Marker+1%22%2C%22_id%22%3A%22353e9b0%22%2C%22eael_google_map_marker_lat%22%3A%2228.948790%22%2C%22eael_google_map_marker_lng%22%3A%22-81.298843%22%2C%22eael_google_map_marker_content%22%3A%22Marker+Content.+You+can+put+html+here.%22%2C%22eael_google_map_marker_icon_color%22%3A%22%23e23a47%22%2C%22eael_google_map_marker_icon_enable%22%3A%22no%22%2C%22eael_google_map_marker_icon%22%3A%7B%22url%22%3A%22%22%2C%22id%22%3A%22%22%2C%22size%22%3A%22%22%7D%2C%22eael_google_map_marker_icon_width%22%3A%2232%22%2C%22eael_google_map_marker_icon_height%22%3A%2232%22%7D%5D\" data-map_static_width=\"610\" data-map_static_height=\"300\" data-map_polylines=\"null\" data-map_stroke_color=\"#e23a47\" data-map_stroke_opacity=\"0.8\" data-map_stroke_weight=\"4\" data-map_stroke_fill_color=\"#e23a47\" data-map_stroke_fill_opacity=\"0.4\" data-map_theme=\"%22%5B%5Cn++%7B%5Cn++++%5C%22stylers%5C%22%3A+%5B%5Cn++++++%7B%5Cn++++++++%5C%22color%5C%22%3A+%5C%22%23423628%5C%22%5Cn++++++%7D%2C%5Cn++++++%7B%5Cn++++++++%5C%22visibility%5C%22%3A+%5C%22simplified%5C%22%5Cn++++++%7D%5Cn++++%5D%5Cn++%7D%2C%5Cn++%7B%5Cn++++%5C%22featureType%5C%22%3A+%5C%22administrative%5C%22%2C%5Cn++++%5C%22stylers%5C%22%3A+%5B%5Cn++++++%7B%5Cn++++++++%5C%22color%5C%22%3A+%5C%22%23be9f56%5C%22%5Cn++++++%7D%5Cn++++%5D%5Cn++%7D%2C%5Cn++%7B%5Cn++++%5C%22featureType%5C%22%3A+%5C%22administrative%5C%22%2C%5Cn++++%5C%22elementType%5C%22%3A+%5C%22geometry%5C%22%2C%5Cn++++%5C%22stylers%5C%22%3A+%5B%5Cn++++++%7B%5Cn++++++++%5C%22visibility%5C%22%3A+%5C%22off%5C%22%5Cn++++++%7D%5Cn++++%5D%5Cn++%7D%2C%5Cn++%7B%5Cn++++%5C%22featureType%5C%22%3A+%5C%22administrative%5C%22%2C%5Cn++++%5C%22elementType%5C%22%3A+%5C%22labels.text%5C%22%2C%5Cn++++%5C%22stylers%5C%22%3A+%5B%5Cn++++++%7B%5Cn++++++++%5C%22color%5C%22%3A+%5C%22%23ffffff%5C%22%5Cn++++++%7D%5Cn++++%5D%5Cn++%7D%2C%5Cn++%7B%5Cn++++%5C%22featureType%5C%22%3A+%5C%22administrative.locality%5C%22%2C%5Cn++++%5C%22elementType%5C%22%3A+%5C%22labels.text%5C%22%2C%5Cn++++%5C%22stylers%5C%22%3A+%5B%5Cn++++++%7B%5Cn++++++++%5C%22color%5C%22%3A+%5C%22%23ffffff%5C%22%5Cn++++++%7D%5Cn++++%5D%5Cn++%7D%2C%5Cn++%7B%5Cn++++%5C%22featureType%5C%22%3A+%5C%22landscape%5C%22%2C%5Cn++++%5C%22elementType%5C%22%3A+%5C%22geometry.fill%5C%22%2C%5Cn++++%5C%22stylers%5C%22%3A+%5B%5Cn++++++%7B%5Cn++++++++%5C%22weight%5C%22%3A+1%5Cn++++++%7D%5Cn++++%5D%5Cn++%7D%2C%5Cn++%7B%5Cn++++%5C%22featureType%5C%22%3A+%5C%22landscape.man_made%5C%22%2C%5Cn++++%5C%22elementType%5C%22%3A+%5C%22geometry.fill%5C%22%2C%5Cn++++%5C%22stylers%5C%22%3A+%5B%5Cn++++++%7B%5Cn++++++++%5C%22visibility%5C%22%3A+%5C%22off%5C%22%5Cn++++++%7D%5Cn++++%5D%5Cn++%7D%2C%5Cn++%7B%5Cn++++%5C%22featureType%5C%22%3A+%5C%22landscape.man_made%5C%22%2C%5Cn++++%5C%22elementType%5C%22%3A+%5C%22geometry.stroke%5C%22%2C%5Cn++++%5C%22stylers%5C%22%3A+%5B%5Cn++++++%7B%5Cn++++++++%5C%22color%5C%22%3A+%5C%22%23be9f56%5C%22%5Cn++++++%7D%2C%5Cn++++++%7B%5Cn++++++++%5C%22visibility%5C%22%3A+%5C%22on%5C%22%5Cn++++++%7D%5Cn++++%5D%5Cn++%7D%2C%5Cn++%7B%5Cn++++%5C%22featureType%5C%22%3A+%5C%22poi%5C%22%2C%5Cn++++%5C%22stylers%5C%22%3A+%5B%5Cn++++++%7B%5Cn++++++++%5C%22visibility%5C%22%3A+%5C%22off%5C%22%5Cn++++++%7D%5Cn++++%5D%5Cn++%7D%2C%5Cn++%7B%5Cn++++%5C%22featureType%5C%22%3A+%5C%22poi%5C%22%2C%5Cn++++%5C%22elementType%5C%22%3A+%5C%22labels.text%5C%22%2C%5Cn++++%5C%22stylers%5C%22%3A+%5B%5Cn++++++%7B%5Cn++++++++%5C%22visibility%5C%22%3A+%5C%22off%5C%22%5Cn++++++%7D%5Cn++++%5D%5Cn++%7D%2C%5Cn++%7B%5Cn++++%5C%22featureType%5C%22%3A+%5C%22road%5C%22%2C%5Cn++++%5C%22elementType%5C%22%3A+%5C%22geometry.fill%5C%22%2C%5Cn++++%5C%22stylers%5C%22%3A+%5B%5Cn++++++%7B%5Cn++++++++%5C%22color%5C%22%3A+%5C%22%23be9f56%5C%22%5Cn++++++%7D%5Cn++++%5D%5Cn++%7D%2C%5Cn++%7B%5Cn++++%5C%22featureType%5C%22%3A+%5C%22road%5C%22%2C%5Cn++++%5C%22elementType%5C%22%3A+%5C%22labels.icon%5C%22%2C%5Cn++++%5C%22stylers%5C%22%3A+%5B%5Cn++++++%7B%5Cn++++++++%5C%22visibility%5C%22%3A+%5C%22off%5C%22%5Cn++++++%7D%5Cn++++%5D%5Cn++%7D%2C%5Cn++%7B%5Cn++++%5C%22featureType%5C%22%3A+%5C%22road%5C%22%2C%5Cn++++%5C%22elementType%5C%22%3A+%5C%22labels.text%5C%22%2C%5Cn++++%5C%22stylers%5C%22%3A+%5B%5Cn++++++%7B%5Cn++++++++%5C%22color%5C%22%3A+%5C%22%23ffffff%5C%22%5Cn++++++%7D%5Cn++++%5D%5Cn++%7D%2C%5Cn++%7B%5Cn++++%5C%22featureType%5C%22%3A+%5C%22transit%5C%22%2C%5Cn++++%5C%22stylers%5C%22%3A+%5B%5Cn++++++%7B%5Cn++++++++%5C%22visibility%5C%22%3A+%5C%22simplified%5C%22%5Cn++++++%7D%5Cn++++%5D%5Cn++%7D%2C%5Cn++%7B%5Cn++++%5C%22featureType%5C%22%3A+%5C%22transit%5C%22%2C%5Cn++++%5C%22elementType%5C%22%3A+%5C%22labels%5C%22%2C%5Cn++++%5C%22stylers%5C%22%3A+%5B%5Cn++++++%7B%5Cn++++++++%5C%22visibility%5C%22%3A+%5C%22off%5C%22%5Cn++++++%7D%5Cn++++%5D%5Cn++%7D%2C%5Cn++%7B%5Cn++++%5C%22featureType%5C%22%3A+%5C%22water%5C%22%2C%5Cn++++%5C%22elementType%5C%22%3A+%5C%22labels.text%5C%22%2C%5Cn++++%5C%22stylers%5C%22%3A+%5B%5Cn++++++%7B%5Cn++++++++%5C%22visibility%5C%22%3A+%5C%22off%5C%22%5Cn++++++%7D%5Cn++++%5D%5Cn++%7D%5Cn%5D%22\" data-map_streeview_control=\"false\" data-map_type_control=\"false\" data-map_zoom_control=\"false\" data-map_fullscreen_control=\"false\" data-map_scroll_zoom=\"true\"><\/div>\n\t\t\t\t<div class=\"google-map-notice\"><\/div>\n\t\t<\/div>\n\t\t\t\t<\/div>\n\t\t\t\t\t<\/div>\n\t\t<\/div>\n\t\t\t\t<div class=\"elementor-column elementor-col-33 elementor-top-column elementor-element elementor-element-faa49df\" data-id=\"faa49df\" data-element_type=\"column\">\n\t\t\t<div class=\"elementor-widget-wrap elementor-element-populated\">\n\t\t\t\t\t\t<div class=\"elementor-element elementor-element-749535a elementor-widget elementor-widget-image\" data-id=\"749535a\" data-element_type=\"widget\" data-widget_type=\"image.default\">\n\t\t\t\t<div class=\"elementor-widget-container\">\n\t\t\t<style>\/*! elementor - v3.23.0 - 05-08-2024 *\/\n.elementor-widget-image{text-align:center}.elementor-widget-image a{display:inline-block}.elementor-widget-image a img[src$=\".svg\"]{width:48px}.elementor-widget-image img{vertical-align:middle;display:inline-block}<\/style>\t\t\t\t\t\t\t\t\t\t<img fetchpriority=\"high\" decoding=\"async\" width=\"648\" height=\"622\" src=\"https:\/\/www.degussa-goldhandel.ch\/wp-content\/uploads\/2023\/10\/Duesseldorf_aussen_v1.jpg\" class=\"attachment-large size-large wp-image-12964\" alt=\"Degussa D\u00fcsseldorf Filiale Aussen\" srcset=\"https:\/\/www.degussa-goldhandel.ch\/wp-content\/uploads\/2023\/10\/Duesseldorf_aussen_v1.jpg 648w, https:\/\/www.degussa-goldhandel.ch\/wp-content\/uploads\/2023\/10\/Duesseldorf_aussen_v1-300x288.jpg 300w\" sizes=\"(max-width: 648px) 100vw, 648px\" \/>\t\t\t\t\t\t\t\t\t\t\t\t\t<\/div>\n\t\t\t\t<\/div>\n\t\t\t\t\t<\/div>\n\t\t<\/div>\n\t\t\t\t\t<\/div>\n\t\t<\/section>\n\t\t\t\t<\/div>\n\t\t<\/div><div class=\"content-stack\"><style>.elementor-1293 .elementor-element.elementor-element-8423b5a > .elementor-widget-wrap > .elementor-widget:not(.elementor-widget__width-auto):not(.elementor-widget__width-initial):not(:last-child):not(.elementor-absolute){margin-bottom:0px;}.elementor-1293 .elementor-element.elementor-element-acacb19 .elementor-repeater-item-53b396a .swiper-slide-bg{background-color:var( --e-global-color-secondary );background-image:url(https:\/\/www.degussa-goldhandel.ch\/wp-content\/uploads\/2022\/05\/globe-2023-10-18.webp);background-size:cover;}.elementor-1293 .elementor-element.elementor-element-acacb19 .swiper-slide{height:401px;}.elementor-1293 .elementor-element.elementor-element-acacb19 .swiper-slide-contents{max-width:66%;}.elementor-1293 .elementor-element.elementor-element-acacb19 .swiper-slide-inner{text-align:center;}.elementor-1293 .elementor-element.elementor-element-acacb19 > .elementor-widget-container{margin:0px 0px 0px 0px;}<\/style>\t\t<div data-elementor-type=\"section\" data-elementor-id=\"6119\" class=\"elementor elementor-6119 elementor-1293\" data-elementor-post-type=\"elementor_library\">\n\t\t\t\t\t<section class=\"elementor-section elementor-top-section elementor-element elementor-element-89902c9 elementor-section-boxed elementor-section-height-default elementor-section-height-default\" data-id=\"89902c9\" data-element_type=\"section\">\n\t\t\t\t\t\t<div class=\"elementor-container elementor-column-gap-default\">\n\t\t\t\t\t<div class=\"elementor-column elementor-col-100 elementor-top-column elementor-element elementor-element-a544d0b\" data-id=\"a544d0b\" data-element_type=\"column\">\n\t\t\t<div class=\"elementor-widget-wrap elementor-element-populated\">\n\t\t\t\t\t\t<section class=\"elementor-section elementor-inner-section elementor-element elementor-element-8b184ea elementor-section-boxed elementor-section-height-default elementor-section-height-default\" data-id=\"8b184ea\" data-element_type=\"section\">\n\t\t\t\t\t\t<div class=\"elementor-container elementor-column-gap-no\">\n\t\t\t\t\t<div class=\"elementor-column elementor-col-100 elementor-inner-column elementor-element elementor-element-8423b5a\" data-id=\"8423b5a\" data-element_type=\"column\">\n\t\t\t<div class=\"elementor-widget-wrap elementor-element-populated\">\n\t\t\t\t\t\t<div class=\"elementor-element elementor-element-acacb19 elementor--h-position-center elementor--v-position-middle elementor-widget elementor-widget-slides\" data-id=\"acacb19\" data-element_type=\"widget\" data-settings=\"{&quot;navigation&quot;:&quot;none&quot;,&quot;transition&quot;:&quot;slide&quot;,&quot;transition_speed&quot;:500}\" data-widget_type=\"slides.default\">\n\t\t\t\t<div class=\"elementor-widget-container\">\n\t\t\t<style>\/*! elementor-pro - v3.23.0 - 05-08-2024 *\/\n.elementor-slides .swiper-slide-bg{background-size:cover;background-position:50%;background-repeat:no-repeat;min-width:100%;min-height:100%}.elementor-slides .swiper-slide-inner{background-repeat:no-repeat;background-position:50%;position:absolute;top:0;left:0;bottom:0;right:0;padding:50px;margin:auto}.elementor-slides .swiper-slide-inner,.elementor-slides .swiper-slide-inner:hover{color:#fff;display:flex}.elementor-slides .swiper-slide-inner .elementor-background-overlay{position:absolute;z-index:0;top:0;bottom:0;left:0;right:0}.elementor-slides .swiper-slide-inner .elementor-slide-content{position:relative;z-index:1;width:100%}.elementor-slides .swiper-slide-inner .elementor-slide-heading{font-size:35px;font-weight:700;line-height:1}.elementor-slides .swiper-slide-inner .elementor-slide-description{font-size:17px;line-height:1.4}.elementor-slides .swiper-slide-inner .elementor-slide-description:not(:last-child),.elementor-slides .swiper-slide-inner .elementor-slide-heading:not(:last-child){margin-bottom:30px}.elementor-slides .swiper-slide-inner .elementor-slide-button{border:2px solid #fff;color:#fff;background:transparent;display:inline-block}.elementor-slides .swiper-slide-inner .elementor-slide-button,.elementor-slides .swiper-slide-inner .elementor-slide-button:hover{background:transparent;color:inherit;text-decoration:none}.elementor--v-position-top .swiper-slide-inner{align-items:flex-start}.elementor--v-position-bottom .swiper-slide-inner{align-items:flex-end}.elementor--v-position-middle .swiper-slide-inner{align-items:center}.elementor--h-position-left .swiper-slide-inner{justify-content:flex-start}.elementor--h-position-right .swiper-slide-inner{justify-content:flex-end}.elementor--h-position-center .swiper-slide-inner{justify-content:center}body.rtl .elementor-widget-slides .elementor-swiper-button-next{left:10px;right:auto}body.rtl .elementor-widget-slides .elementor-swiper-button-prev{right:10px;left:auto}.elementor-slides-wrapper div:not(.swiper-slide)>.swiper-slide-inner{display:none}@media (max-width:767px){.elementor-slides .swiper-slide-inner{padding:30px}.elementor-slides .swiper-slide-inner .elementor-slide-heading{font-size:23px;line-height:1;margin-bottom:15px}.elementor-slides .swiper-slide-inner .elementor-slide-description{font-size:13px;line-height:1.4;margin-bottom:15px}}<\/style>\t\t<div class=\"elementor-swiper\">\n\t\t\t<div class=\"elementor-slides-wrapper elementor-main-swiper swiper\" dir=\"ltr\" data-animation=\"fadeInUp\">\n\t\t\t\t<div class=\"swiper-wrapper elementor-slides\">\n\t\t\t\t\t\t\t\t\t\t<div class=\"elementor-repeater-item-53b396a swiper-slide\"><div class=\"swiper-slide-bg\" role=\"img\"><\/div><div class=\"swiper-slide-inner\" ><div class=\"swiper-slide-contents\"><\/div><\/div><\/div>\t\t\t\t<\/div>\n\t\t\t\t\t\t\t<\/div>\n\t\t<\/div>\n\t\t\t\t<\/div>\n\t\t\t\t<\/div>\n\t\t\t\t<div class=\"elementor-element elementor-element-feb9a5d elementor-widget elementor-widget-slidercontext\" data-id=\"feb9a5d\" data-element_type=\"widget\" data-widget_type=\"slidercontext.default\">\n\t\t\t\t<div class=\"elementor-widget-container\">\n\t\t\t        <div class=\"degussa-product-slider-outer-container nopadding\">\n            <div class=\"degussa-slider-context\">\n                <div class=\"slider-title\">\u0412\u0441\u0435\u043c\u0438\u0440\u043d\u0430\u044f \u0441\u0435\u0441\u0442\u044c<\/div>\n                <div class=\"slider-actions\">\n                    <a class=\"context-link\" href=\"https:\/\/www.degussa-goldhandel.ch\/ru\/\u043b\u043e\u043a\u0430\u0446\u0438\u0438\"><span>\u041b\u043e\u043a\u0430\u0446\u0438\u0438<\/span>\n                        <\/a><a class=\"context-link\" href=\"https:\/\/www.degussa-goldhandel.ch\/ru\/\u0434\u043e\u0432\u0435\u0440\u0438\u0435\/\u0447\u043b\u0435\u043d\u0441\u0442\u0432\u043e\"><span>\u0427\u043b\u0435\u043d\u0441\u0442\u0432\u043e<\/span>\n                        <\/a><a class=\"context-link\" href=\"https:\/\/www.degussa-goldhandel.ch\/ru\/\u0434\u043e\u0432\u0435\u0440\u0438\u0435\/\u043f\u0430\u0440\u0442\u043d\u0435\u0440\u044b\"><span>\u041f\u0430\u0440\u0442\u043d\u0435\u0440\u044b<\/span>\n                        <\/a>\n                <\/div>\n            <\/div>\n        <\/div>\n        \t\t<\/div>\n\t\t\t\t<\/div>\n\t\t\t\t\t<\/div>\n\t\t<\/div>\n\t\t\t\t\t<\/div>\n\t\t<\/section>\n\t\t\t\t\t<\/div>\n\t\t<\/div>\n\t\t\t\t\t<\/div>\n\t\t<\/section>\n\t\t\t\t<\/div>\n\t\t<\/div>        \t\t<\/div>\n\t\t\t\t<\/div>\n\t\t\t\t\t<\/div>\n\t\t<\/div>\n\t\t\t\t\t<\/div>\n\t\t<\/section>\n\t\t\t\t<\/div>\n\t\t","protected":false},"excerpt":{"rendered":"<p>WELCOME TO DEGUSSA D\u00dcSSELDORF You are welcome to see us in our exclusive D\u00fcsseldorf location. In addition to our classic Degussa bars, we offer a wide range of investments coins from various issuers. We look forward to your visit. OPENING HOURS Monday \u2013 Wednesday, Friday 10h00 \u2013 17h00 Thursday 10h00 \u2013 18h00 OUR ADDRESS Degussa [&hellip;]<\/p>\n","protected":false},"author":1,"featured_media":0,"parent":10902,"menu_order":3,"comment_status":"closed","ping_status":"closed","template":"","meta":{"_acf_changed":false,"inline_featured_image":false,"footnotes":""},"class_list":["post-12929","page","type-page","status-publish","hentry"],"acf":[],"_links":{"self":[{"href":"https:\/\/www.degussa-goldhandel.ch\/ru\/wp-json\/wp\/v2\/pages\/12929"}],"collection":[{"href":"https:\/\/www.degussa-goldhandel.ch\/ru\/wp-json\/wp\/v2\/pages"}],"about":[{"href":"https:\/\/www.degussa-goldhandel.ch\/ru\/wp-json\/wp\/v2\/types\/page"}],"author":[{"embeddable":true,"href":"https:\/\/www.degussa-goldhandel.ch\/ru\/wp-json\/wp\/v2\/users\/1"}],"replies":[{"embeddable":true,"href":"https:\/\/www.degussa-goldhandel.ch\/ru\/wp-json\/wp\/v2\/comments?post=12929"}],"version-history":[{"count":6,"href":"https:\/\/www.degussa-goldhandel.ch\/ru\/wp-json\/wp\/v2\/pages\/12929\/revisions"}],"predecessor-version":[{"id":12961,"href":"https:\/\/www.degussa-goldhandel.ch\/ru\/wp-json\/wp\/v2\/pages\/12929\/revisions\/12961"}],"up":[{"embeddable":true,"href":"https:\/\/www.degussa-goldhandel.ch\/ru\/wp-json\/wp\/v2\/pages\/10902"}],"wp:attachment":[{"href":"https:\/\/www.degussa-goldhandel.ch\/ru\/wp-json\/wp\/v2\/media?parent=12929"}],"curies":[{"name":"wp","href":"https:\/\/api.w.org\/{rel}","templated":true}]}}